{"id":26863,"date":"2021-01-20T16:58:07","date_gmt":"2021-01-20T14:58:07","guid":{"rendered":"https:\/\/inovalabel.com\/?page_id=26863"},"modified":"2021-01-20T17:27:29","modified_gmt":"2021-01-20T15:27:29","slug":"anunturi","status":"publish","type":"page","link":"https:\/\/inovalabel.com\/ro\/anunturi\/","title":{"rendered":"Anunturi"},"content":{"rendered":"<div class=\"wpb-content-wrapper\"><p>[vc_row css=&#8221;.vc_custom_1589958313978{margin-bottom: 0px !important;}&#8221; custom_css_code=&#8221;JTQwbWVkaWElMjAlMjhtYXgtd2lkdGglM0ElMjAxMTk5cHglMjklN0IlMEElMjAlMjAlMjAlMjAlNDBpZC53cGJfcm93JTNFJTJBJTIwJTdCJTBBJTIwJTIwJTIwJTIwJTIwJTIwJTIwJTIwJTIwbWFyZ2luLXRvcCUzQSUyMDAlM0IlMEElMjAlMjAlMjAlMjAlN0QlMEElN0QlMEEuZ2VtLWJ1dHRvbi1zaXplLW1lZGl1bSUyQyUyMGlucHV0LmdlbS1idXR0b24tc2l6ZS1tZWRpdW0lMjAlN0IlMEElMjAlMjAlMjAlMjBmb250LXNpemUlM0ElMjAxNnB4JTNCJTBBJTIwJTIwJTIwJTIwd2lkdGglM0ElMjAyMzRweCUzQiUwQSU3RCUwQS5uZXdzLWdyaWQlMjAucG9ydGZvbGlvLWl0ZW0lMjAuZ3JpZC1wb3N0LW1ldGElMjAlN0IlMEElMjAlMjAlMjAlMjBkaXNwbGF5JTNBJTIwbm9uZSUzQiUwQSU3RCUwQS52ZXJzaW9uLW5ldy5uZXdzLWdyaWQucG9ydGZvbGlvJTIwLnBvcnRmb2xpby1pdGVtJTIwLndyYXAlM0UuY2FwdGlvbiUyMCU3QiUwQSUyMCUyMCUyMCUyMHBhZGRpbmclM0ElMjAzMHB4JTIwMzhweCUyMDM1cHglM0IlMEElN0QlMEEudGl0bGUtaDQlMjAlN0IlMEElMjAlMjAlMjAlMjBmb250LXNpemUlM0EyMHB4JTNCJTBBJTIwJTIwJTIwJTIwbGluZS1oZWlnaHQlM0ElMjAzMHB4JTNCJTBBJTdEJTBBJTQwbWVkaWElMjAlMjhtYXgtd2lkdGglM0ElMjAxMDI0cHglMjklMjAlN0IlMEElMjAlMjAlMjAlMjAuZGl2aWRlci1vbi1tb2JpbGUlMjAlN0IlMEElMjAlMjAlMjAlMjAlMjAlMjAlMjAlMjBtYXJnaW4tdG9wJTNBJTIwLTQyMHB4JTIxaW1wb3J0YW50JTNCJTBBJTIwJTIwJTIwJTIwJTdEJTBBJTdEJTBBJTQwbWVkaWElMjAlMjhtYXgtd2lkdGglM0ElMjA3NjhweCUyOSUyMCU3QiUwQSUyMCUyMCUyMCUyMC5kaXZpZGVyLW9uLW1vYmlsZSUyMCU3QiUwQSUyMCUyMCUyMCUyMCUyMCUyMCUyMCUyMGRpc3BsYXklM0ElMjBub25lJTNCJTBBJTIwJTIwJTIwJTIwJTdEJTBBJTIwJTIwJTIwJTIwLmRpdmlkZXItb24tbW9iaWxlLWhpZ2hsaWdodHMlMjAlN0IlMEElMjAlMjAlMjAlMjAlMjAlMjAlMjAlMjBtYXJnaW4tdG9wJTNBJTIwMTAwcHglMjFpbXBvcnRhbnQlM0IlMEElMjAlMjAlMjAlMjAlN0QlMEElN0QlMEE=&#8221;][vc_column]<div id=\"fullwidth-block-69f8a719b3106\" class=\"fullwidth-block clearfix\"  style=\"background-color: #f0f3f2;padding-top: 70px;padding-bottom: 130px;\"><script type=\"text\/javascript\">if (typeof(gem_fix_fullwidth_position) == \"function\") { gem_fix_fullwidth_position(document.getElementById(\"fullwidth-block-69f8a719b3106\")); }<\/script><div class=\"fullwidth-block-inner\"><div class=\"container\"><div id=\"style-873e510\" data-style-uid=\"873e510\" class=\"blog blog-style-justified-3x justified-style-1 inline-row clearfix item-animation-move-up pagination-normal\" data-next-page=\"0\" data-pages-count=\"1\">\n<article id=\"post-27839\" class=\"col-lg-4 col-md-4 col-sm-6 col-xs-6 inline-column item-animations-not-inited post-27839 post type-post status-publish format-standard category-anunturi\"> <div class=\"post-content-wrapper\" style=\"\"> <div class=\"description\"> <div class=\"post-meta-conteiner\"> <div class=\"post-meta-right\"> <\/div> <\/div> <div class=\"post-title\"> <div class=\"entry-title title-h4\"><a href=\"https:\/\/inovalabel.com\/ro\/pnrr-fonduri-pentru-romania-moderna-si-reformata\/\" rel=\"bookmark\"><span class=\"light\">PNRR: Fonduri pentru Rom\u00e2nia modern\u0103 \u0219i reformat\u0103!<\/span><\/a><\/div> <\/div> <div class=\"post-text\"> <div class=\"summary\"> <\/div> <\/div> <div class=\"info clearfix\"> <div class=\"post-footer-sharing\"><div class=\"gem-button-container gem-button-position-inline thegem-button-69f8a719b56c3565\" ><a class=\"gem-button gem-button-size-tiny gem-button-style-flat gem-button-text-weight-normal gem-button-empty\" data-ll-effect=\"drop-right-without-wrap\" style=\"border-radius: 3px;\" onmouseleave=\"\" onmouseenter=\"\" href=\"#\" target=\"_self\"><i class=\"gem-print-icon gem-icon-pack-thegem-icons gem-icon-share \"><\/i><\/a><\/div> <div class=\"sharing-popup\"> <div class=\"socials-sharing socials socials-colored-hover\"> <a class=\"socials-item\" target=\"_blank\" href=\"https:\/\/www.facebook.com\/sharer\/sharer.php?u=https%3A%2F%2Finovalabel.com%2Fro%2Fpnrr-fonduri-pentru-romania-moderna-si-reformata%2F\" title=\"Facebook\"><i class=\"socials-item-icon facebook\"><\/i><\/a> <a class=\"socials-item\" target=\"_blank\" href=\"https:\/\/twitter.com\/intent\/tweet?text=PNRR%3A+Fonduri+pentru+Rom%C3%A2nia+modern%C4%83+%C8%99i+reformat%C4%83%21&#038;url=https%3A%2F%2Finovalabel.com%2Fro%2Fpnrr-fonduri-pentru-romania-moderna-si-reformata%2F\" title=\"Twitter\"><i class=\"socials-item-icon twitter\"><\/i><\/a> <a class=\"socials-item\" target=\"_blank\" href=\"https:\/\/pinterest.com\/pin\/create\/button\/?url=https%3A%2F%2Finovalabel.com%2Fro%2Fpnrr-fonduri-pentru-romania-moderna-si-reformata%2F&#038;description=PNRR%3A+Fonduri+pentru+Rom%C3%A2nia+modern%C4%83+%C8%99i+reformat%C4%83%21\" title=\"Pinterest\"><i class=\"socials-item-icon pinterest\"><\/i><\/a> <a class=\"socials-item\" target=\"_blank\" href=\"https:\/\/www.tumblr.com\/widgets\/share\/tool?canonicalUrl=https%3A%2F%2Finovalabel.com%2Fro%2Fpnrr-fonduri-pentru-romania-moderna-si-reformata%2F\" title=\"Tumblr\"><i class=\"socials-item-icon tumblr\"><\/i><\/a> <a class=\"socials-item\" target=\"_blank\" href=\"https:\/\/www.linkedin.com\/shareArticle?mini=true&#038;url=https%3A%2F%2Finovalabel.com%2Fro%2Fpnrr-fonduri-pentru-romania-moderna-si-reformata%2F&#038;title=PNRR%3A+Fonduri+pentru+Rom%C3%A2nia+modern%C4%83+%C8%99i+reformat%C4%83%21&amp;summary=%5Bvc_row%5D%5Bvc_column%5D%5B%2Fvc_column%5D%5B%2Fvc_row%5D\" title=\"LinkedIn\"><i class=\"socials-item-icon linkedin\"><\/i><\/a> <a class=\"socials-item\" target=\"_blank\" href=\"https:\/\/www.reddit.com\/submit?url=https%3A%2F%2Finovalabel.com%2Fro%2Fpnrr-fonduri-pentru-romania-moderna-si-reformata%2F&#038;title=PNRR%3A+Fonduri+pentru+Rom%C3%A2nia+modern%C4%83+%C8%99i+reformat%C4%83%21\" title=\"Reddit\"><i class=\"socials-item-icon reddit\"><\/i><\/a> <\/div> <svg class=\"sharing-styled-arrow\"><use xlink:href=\"https:\/\/inovalabel.com\/wp-content\/themes\/thegem\/css\/post-arrow.svg#dec-post-arrow\"><\/use><\/svg><\/div><\/div> <div class=\"post-read-more\"><div class=\"gem-button-container gem-button-position-inline thegem-button-69f8a719b5e6d5597\" ><a class=\"gem-button gem-button-size-tiny gem-button-style-outline gem-button-text-weight-normal gem-button-border-2\" data-ll-effect=\"drop-right-without-wrap\" style=\"border-radius: 3px;\" onmouseleave=\"\" onmouseenter=\"\" href=\"https:\/\/inovalabel.com\/ro\/pnrr-fonduri-pentru-romania-moderna-si-reformata\/\" target=\"_self\">Read More<\/a><\/div> <\/div> <\/div> <\/div> <\/div>\n<\/article> <article id=\"post-26859\" class=\"col-lg-4 col-md-4 col-sm-6 col-xs-6 inline-column item-animations-not-inited post-26859 post type-post status-publish format-standard has-post-thumbnail category-anunturi\"> <div class=\"post-content-wrapper\" style=\"\"> <div class=\"post-image\"><div class=\"post-featured-content\"><a href=\"https:\/\/inovalabel.com\/ro\/romana-achizitie-de-utilaje-pentru-extinderea-activitatii-de-productie-a-inovalabel-s-r-l\/\"> <picture> <img src=\"https:\/\/inovalabel.com\/wp-content\/uploads\/2020\/10\/Inovalabel-Technology-Banner-thegem-blog-justified.jpg\" width=\"640\" height=\"480\" class=\"img-responsive\" alt=\"Inovalabel-Technology\" \/> <\/picture> <\/a><\/div><\/div> <div class=\"description\"> <div class=\"post-meta-conteiner\"> <div class=\"post-meta-right\"> <\/div> <\/div> <div class=\"post-title\"> <div class=\"entry-title title-h4\"><a href=\"https:\/\/inovalabel.com\/ro\/romana-achizitie-de-utilaje-pentru-extinderea-activitatii-de-productie-a-inovalabel-s-r-l\/\" rel=\"bookmark\"><span class=\"light\">Achizi\u0163ie de utilaje pentru extinderea activit\u0103\u0163ii de produc\u0163ie a INOVALABEL S.R.L.<\/span><\/a><\/div> <\/div> <div class=\"post-text\"> <div class=\"summary\"> <p>Obiectivul general al Proiectului \u00eel reprezint\u0103 cre\u015fterea competitivit\u0103\u0163ii economice a INOVALABEL S.R.L. prin achizi\u0163ionarea unor echipamente de produc\u0163ie complexe, \u00eenalt tehnologizate \u015fi automatizate, care s\u0103-i permit\u0103 realizarea unui volum mai mare de produse, \u015fi care s\u0103 conduc\u0103 la \u00eembun\u0103t\u0103\u0163irea \u015fi eficientizarea fluxului tehnologic actual.<\/p> <\/div> <\/div> <div class=\"info clearfix\"> <div class=\"post-footer-sharing\"><div class=\"gem-button-container gem-button-position-inline thegem-button-69f8a719b74fc9249\" ><a class=\"gem-button gem-button-size-tiny gem-button-style-flat gem-button-text-weight-normal gem-button-empty\" data-ll-effect=\"drop-right-without-wrap\" style=\"border-radius: 3px;\" onmouseleave=\"\" onmouseenter=\"\" href=\"#\" target=\"_self\"><i class=\"gem-print-icon gem-icon-pack-thegem-icons gem-icon-share \"><\/i><\/a><\/div> <div class=\"sharing-popup\"> <div class=\"socials-sharing socials socials-colored-hover\"> <a class=\"socials-item\" target=\"_blank\" href=\"https:\/\/www.facebook.com\/sharer\/sharer.php?u=https%3A%2F%2Finovalabel.com%2Fro%2Fromana-achizitie-de-utilaje-pentru-extinderea-activitatii-de-productie-a-inovalabel-s-r-l%2F\" title=\"Facebook\"><i class=\"socials-item-icon facebook\"><\/i><\/a> <a class=\"socials-item\" target=\"_blank\" href=\"https:\/\/twitter.com\/intent\/tweet?text=Achizi%C5%A3ie+de+utilaje+pentru+extinderea+activit%C4%83%C5%A3ii+de+produc%C5%A3ie+a+INOVALABEL+S.R.L.&#038;url=https%3A%2F%2Finovalabel.com%2Fro%2Fromana-achizitie-de-utilaje-pentru-extinderea-activitatii-de-productie-a-inovalabel-s-r-l%2F\" title=\"Twitter\"><i class=\"socials-item-icon twitter\"><\/i><\/a> <a class=\"socials-item\" target=\"_blank\" href=\"https:\/\/pinterest.com\/pin\/create\/button\/?url=https%3A%2F%2Finovalabel.com%2Fro%2Fromana-achizitie-de-utilaje-pentru-extinderea-activitatii-de-productie-a-inovalabel-s-r-l%2F&#038;description=Achizi%C5%A3ie+de+utilaje+pentru+extinderea+activit%C4%83%C5%A3ii+de+produc%C5%A3ie+a+INOVALABEL+S.R.L.&#038;media=https%3A%2F%2Finovalabel.com%2Fwp-content%2Fuploads%2F2020%2F10%2FInovalabel-Technology-Banner-thegem-blog-timeline-large.jpg\" title=\"Pinterest\"><i class=\"socials-item-icon pinterest\"><\/i><\/a> <a class=\"socials-item\" target=\"_blank\" href=\"https:\/\/www.tumblr.com\/widgets\/share\/tool?canonicalUrl=https%3A%2F%2Finovalabel.com%2Fro%2Fromana-achizitie-de-utilaje-pentru-extinderea-activitatii-de-productie-a-inovalabel-s-r-l%2F\" title=\"Tumblr\"><i class=\"socials-item-icon tumblr\"><\/i><\/a> <a class=\"socials-item\" target=\"_blank\" href=\"https:\/\/www.linkedin.com\/shareArticle?mini=true&#038;url=https%3A%2F%2Finovalabel.com%2Fro%2Fromana-achizitie-de-utilaje-pentru-extinderea-activitatii-de-productie-a-inovalabel-s-r-l%2F&#038;title=Achizi%C5%A3ie+de+utilaje+pentru+extinderea+activit%C4%83%C5%A3ii+de+produc%C5%A3ie+a+INOVALABEL+S.R.L.&amp;summary=Obiectivul+general+al+Proiectului+%C3%AEl+reprezint%C4%83+cre%C5%9Fterea+competitivit%C4%83%C5%A3ii+economice+a+INOVALABEL+S.R.L.+prin+achizi%C5%A3ionarea+unor+echipamente+de+produc%C5%A3ie+complexe%2C+%C3%AEnalt+tehnologizate+%C5%9Fi+automatizate%2C+care+s%C4%83-i+permit%C4%83+realizarea+unui+volum+mai+mare+de+produse%2C+%C5%9Fi+care+s%C4%83+conduc%C4%83+la+%C3%AEmbun%C4%83t%C4%83%C5%A3irea+%C5%9Fi+eficientizarea+fluxului+tehnologic+actual.\" title=\"LinkedIn\"><i class=\"socials-item-icon linkedin\"><\/i><\/a> <a class=\"socials-item\" target=\"_blank\" href=\"https:\/\/www.reddit.com\/submit?url=https%3A%2F%2Finovalabel.com%2Fro%2Fromana-achizitie-de-utilaje-pentru-extinderea-activitatii-de-productie-a-inovalabel-s-r-l%2F&#038;title=Achizi%C5%A3ie+de+utilaje+pentru+extinderea+activit%C4%83%C5%A3ii+de+produc%C5%A3ie+a+INOVALABEL+S.R.L.\" title=\"Reddit\"><i class=\"socials-item-icon reddit\"><\/i><\/a> <\/div> <svg class=\"sharing-styled-arrow\"><use xlink:href=\"https:\/\/inovalabel.com\/wp-content\/themes\/thegem\/css\/post-arrow.svg#dec-post-arrow\"><\/use><\/svg><\/div><\/div> <div class=\"post-read-more\"><div class=\"gem-button-container gem-button-position-inline thegem-button-69f8a719b78598444\" ><a class=\"gem-button gem-button-size-tiny gem-button-style-outline gem-button-text-weight-normal gem-button-border-2\" data-ll-effect=\"drop-right-without-wrap\" style=\"border-radius: 3px;\" onmouseleave=\"\" onmouseenter=\"\" href=\"https:\/\/inovalabel.com\/ro\/romana-achizitie-de-utilaje-pentru-extinderea-activitatii-de-productie-a-inovalabel-s-r-l\/\" target=\"_self\">Read More<\/a><\/div> <\/div> <\/div> <\/div> <\/div>\n<\/article> <article id=\"post-26854\" class=\"col-lg-4 col-md-4 col-sm-6 col-xs-6 inline-column item-animations-not-inited post-26854 post type-post status-publish format-standard has-post-thumbnail category-anunturi\"> <div class=\"post-content-wrapper\" style=\"\"> <div class=\"post-image\"><div class=\"post-featured-content\"><a href=\"https:\/\/inovalabel.com\/ro\/romana-anunt-participare-02-12-2019\/\"> <picture> <img src=\"https:\/\/inovalabel.com\/wp-content\/uploads\/2020\/10\/Inovalabel-Innovation-Banner-thegem-blog-justified.jpg\" width=\"640\" height=\"480\" class=\"img-responsive\" alt=\"Inovalabel-Innovation\" \/> <\/picture> <\/a><\/div><\/div> <div class=\"description\"> <div class=\"post-meta-conteiner\"> <div class=\"post-meta-right\"> <\/div> <\/div> <div class=\"post-title\"> <div class=\"entry-title title-h4\"><a href=\"https:\/\/inovalabel.com\/ro\/romana-anunt-participare-02-12-2019\/\" rel=\"bookmark\"><span class=\"light\">Anunt participare &#8211; 02.12.2019<\/span><\/a><\/div> <\/div> <div class=\"post-text\"> <div class=\"summary\"> <p>INOVALABEL S.R.L. anun\u0163\u0103 procedura de achizi\u0163ie pentru selectarea prestatorului de servicii \u00een vederea elabor\u0103rii Cererii de Finan\u0163are, a Planului de Afaceri \u015fi pentru Managementul Proiectului. \u201eExtinderea activit\u0103\u0163ii de produc\u0163ie a INOVALABEL S.R.L. prin achizi\u0163ie de echipamente inovative\u201d,<\/p> <\/div> <\/div> <div class=\"info clearfix\"> <div class=\"post-footer-sharing\"><div class=\"gem-button-container gem-button-position-inline thegem-button-69f8a719b8b191838\" ><a class=\"gem-button gem-button-size-tiny gem-button-style-flat gem-button-text-weight-normal gem-button-empty\" data-ll-effect=\"drop-right-without-wrap\" style=\"border-radius: 3px;\" onmouseleave=\"\" onmouseenter=\"\" href=\"#\" target=\"_self\"><i class=\"gem-print-icon gem-icon-pack-thegem-icons gem-icon-share \"><\/i><\/a><\/div> <div class=\"sharing-popup\"> <div class=\"socials-sharing socials socials-colored-hover\"> <a class=\"socials-item\" target=\"_blank\" href=\"https:\/\/www.facebook.com\/sharer\/sharer.php?u=https%3A%2F%2Finovalabel.com%2Fro%2Fromana-anunt-participare-02-12-2019%2F\" title=\"Facebook\"><i class=\"socials-item-icon facebook\"><\/i><\/a> <a class=\"socials-item\" target=\"_blank\" href=\"https:\/\/twitter.com\/intent\/tweet?text=Anunt+participare+%26%238211%3B+02.12.2019&#038;url=https%3A%2F%2Finovalabel.com%2Fro%2Fromana-anunt-participare-02-12-2019%2F\" title=\"Twitter\"><i class=\"socials-item-icon twitter\"><\/i><\/a> <a class=\"socials-item\" target=\"_blank\" href=\"https:\/\/pinterest.com\/pin\/create\/button\/?url=https%3A%2F%2Finovalabel.com%2Fro%2Fromana-anunt-participare-02-12-2019%2F&#038;description=Anunt+participare+%26%238211%3B+02.12.2019&#038;media=https%3A%2F%2Finovalabel.com%2Fwp-content%2Fuploads%2F2020%2F10%2FInovalabel-Innovation-Banner-thegem-blog-timeline-large.jpg\" title=\"Pinterest\"><i class=\"socials-item-icon pinterest\"><\/i><\/a> <a class=\"socials-item\" target=\"_blank\" href=\"https:\/\/www.tumblr.com\/widgets\/share\/tool?canonicalUrl=https%3A%2F%2Finovalabel.com%2Fro%2Fromana-anunt-participare-02-12-2019%2F\" title=\"Tumblr\"><i class=\"socials-item-icon tumblr\"><\/i><\/a> <a class=\"socials-item\" target=\"_blank\" href=\"https:\/\/www.linkedin.com\/shareArticle?mini=true&#038;url=https%3A%2F%2Finovalabel.com%2Fro%2Fromana-anunt-participare-02-12-2019%2F&#038;title=Anunt+participare+%26%238211%3B+02.12.2019&amp;summary=INOVALABEL+S.R.L.+anun%C5%A3%C4%83+procedura+de+achizi%C5%A3ie+pentru+selectarea+prestatorului+de+servicii+%C3%AEn+vederea+elabor%C4%83rii+Cererii+de+Finan%C5%A3are%2C+a+Planului+de+Afaceri+%C5%9Fi+pentru+Managementul+Proiectului.+%E2%80%9EExtinderea+activit%C4%83%C5%A3ii+de+produc%C5%A3ie+a+INOVALABEL+S.R.L.+prin+achizi%C5%A3ie+de+echipamente+inovative%E2%80%9D%2C\" title=\"LinkedIn\"><i class=\"socials-item-icon linkedin\"><\/i><\/a> <a class=\"socials-item\" target=\"_blank\" href=\"https:\/\/www.reddit.com\/submit?url=https%3A%2F%2Finovalabel.com%2Fro%2Fromana-anunt-participare-02-12-2019%2F&#038;title=Anunt+participare+%26%238211%3B+02.12.2019\" title=\"Reddit\"><i class=\"socials-item-icon reddit\"><\/i><\/a> <\/div> <svg class=\"sharing-styled-arrow\"><use xlink:href=\"https:\/\/inovalabel.com\/wp-content\/themes\/thegem\/css\/post-arrow.svg#dec-post-arrow\"><\/use><\/svg><\/div><\/div> <div class=\"post-read-more\"><div class=\"gem-button-container gem-button-position-inline thegem-button-69f8a719b8e883827\" ><a class=\"gem-button gem-button-size-tiny gem-button-style-outline gem-button-text-weight-normal gem-button-border-2\" data-ll-effect=\"drop-right-without-wrap\" style=\"border-radius: 3px;\" onmouseleave=\"\" onmouseenter=\"\" href=\"https:\/\/inovalabel.com\/ro\/romana-anunt-participare-02-12-2019\/\" target=\"_self\">Read More<\/a><\/div> <\/div> <\/div> <\/div> <\/div>\n<\/article> <article id=\"post-26847\" class=\"col-lg-4 col-md-4 col-sm-6 col-xs-6 inline-column item-animations-not-inited post-26847 post type-post status-publish format-standard has-post-thumbnail category-anunturi\"> <div class=\"post-content-wrapper\" style=\"\"> <div class=\"post-image\"><div class=\"post-featured-content\"><a href=\"https:\/\/inovalabel.com\/ro\/romana-anunt-participare-27-03-2017\/\"> <picture> <img src=\"https:\/\/inovalabel.com\/wp-content\/uploads\/2020\/10\/Inovalabel-Quality-Management-Banner-thegem-blog-justified.jpg\" width=\"640\" height=\"480\" class=\"img-responsive\" alt=\"Inovalabel-Quality-Management\" \/> <\/picture> <\/a><\/div><\/div> <div class=\"description\"> <div class=\"post-meta-conteiner\"> <div class=\"post-meta-right\"> <\/div> <\/div> <div class=\"post-title\"> <div class=\"entry-title title-h4\"><a href=\"https:\/\/inovalabel.com\/ro\/romana-anunt-participare-27-03-2017\/\" rel=\"bookmark\"><span class=\"light\">Anunt participare &#8211; 27.03.2017<\/span><\/a><\/div> <\/div> <div class=\"post-text\"> <div class=\"summary\"> <p>INOVALABEL S.R.L. anun\u0163\u0103 procedura de achizi\u0163ie pentru selectarea prestatorului de servicii \u00een vederea elabor\u0103rii Cererii de Finan\u0163are, a Planului de Afaceri \u015fi pentru Managementul Proiectului. \u201eAchizi\u0163ie de utilaje pentru extinderea activit\u0103\u0163ii de produc\u0163ie a INOVALABEL S.R.L.\u201d,<\/p> <\/div> <\/div> <div class=\"info clearfix\"> <div class=\"post-footer-sharing\"><div class=\"gem-button-container gem-button-position-inline thegem-button-69f8a719b9fc35798\" ><a class=\"gem-button gem-button-size-tiny gem-button-style-flat gem-button-text-weight-normal gem-button-empty\" data-ll-effect=\"drop-right-without-wrap\" style=\"border-radius: 3px;\" onmouseleave=\"\" onmouseenter=\"\" href=\"#\" target=\"_self\"><i class=\"gem-print-icon gem-icon-pack-thegem-icons gem-icon-share \"><\/i><\/a><\/div> <div class=\"sharing-popup\"> <div class=\"socials-sharing socials socials-colored-hover\"> <a class=\"socials-item\" target=\"_blank\" href=\"https:\/\/www.facebook.com\/sharer\/sharer.php?u=https%3A%2F%2Finovalabel.com%2Fro%2Fromana-anunt-participare-27-03-2017%2F\" title=\"Facebook\"><i class=\"socials-item-icon facebook\"><\/i><\/a> <a class=\"socials-item\" target=\"_blank\" href=\"https:\/\/twitter.com\/intent\/tweet?text=Anunt+participare+%26%238211%3B+27.03.2017&#038;url=https%3A%2F%2Finovalabel.com%2Fro%2Fromana-anunt-participare-27-03-2017%2F\" title=\"Twitter\"><i class=\"socials-item-icon twitter\"><\/i><\/a> <a class=\"socials-item\" target=\"_blank\" href=\"https:\/\/pinterest.com\/pin\/create\/button\/?url=https%3A%2F%2Finovalabel.com%2Fro%2Fromana-anunt-participare-27-03-2017%2F&#038;description=Anunt+participare+%26%238211%3B+27.03.2017&#038;media=https%3A%2F%2Finovalabel.com%2Fwp-content%2Fuploads%2F2020%2F10%2FInovalabel-Quality-Management-Banner-thegem-blog-timeline-large.jpg\" title=\"Pinterest\"><i class=\"socials-item-icon pinterest\"><\/i><\/a> <a class=\"socials-item\" target=\"_blank\" href=\"https:\/\/www.tumblr.com\/widgets\/share\/tool?canonicalUrl=https%3A%2F%2Finovalabel.com%2Fro%2Fromana-anunt-participare-27-03-2017%2F\" title=\"Tumblr\"><i class=\"socials-item-icon tumblr\"><\/i><\/a> <a class=\"socials-item\" target=\"_blank\" href=\"https:\/\/www.linkedin.com\/shareArticle?mini=true&#038;url=https%3A%2F%2Finovalabel.com%2Fro%2Fromana-anunt-participare-27-03-2017%2F&#038;title=Anunt+participare+%26%238211%3B+27.03.2017&amp;summary=INOVALABEL+S.R.L.+anun%C5%A3%C4%83+procedura+de+achizi%C5%A3ie+pentru+selectarea+prestatorului+de+servicii+%C3%AEn+vederea+elabor%C4%83rii+Cererii+de+Finan%C5%A3are%2C+a+Planului+de+Afaceri+%C5%9Fi+pentru+Managementul+Proiectului.+%E2%80%9EAchizi%C5%A3ie+de+utilaje+pentru+extinderea+activit%C4%83%C5%A3ii+de+produc%C5%A3ie+a+INOVALABEL+S.R.L.%E2%80%9D%2C\" title=\"LinkedIn\"><i class=\"socials-item-icon linkedin\"><\/i><\/a> <a class=\"socials-item\" target=\"_blank\" href=\"https:\/\/www.reddit.com\/submit?url=https%3A%2F%2Finovalabel.com%2Fro%2Fromana-anunt-participare-27-03-2017%2F&#038;title=Anunt+participare+%26%238211%3B+27.03.2017\" title=\"Reddit\"><i class=\"socials-item-icon reddit\"><\/i><\/a> <\/div> <svg class=\"sharing-styled-arrow\"><use xlink:href=\"https:\/\/inovalabel.com\/wp-content\/themes\/thegem\/css\/post-arrow.svg#dec-post-arrow\"><\/use><\/svg><\/div><\/div> <div class=\"post-read-more\"><div class=\"gem-button-container gem-button-position-inline thegem-button-69f8a719ba3519429\" ><a class=\"gem-button gem-button-size-tiny gem-button-style-outline gem-button-text-weight-normal gem-button-border-2\" data-ll-effect=\"drop-right-without-wrap\" style=\"border-radius: 3px;\" onmouseleave=\"\" onmouseenter=\"\" href=\"https:\/\/inovalabel.com\/ro\/romana-anunt-participare-27-03-2017\/\" target=\"_self\">Read More<\/a><\/div> <\/div> <\/div> <\/div> <\/div>\n<\/article>\n<\/div><\/div><\/div><\/div>[\/vc_column][\/vc_row]<\/p>\n<\/div>","protected":false},"excerpt":{"rendered":"<p>[vc_row css=&#8221;.vc_custom_1589958313978{margin-bottom: 0px !important;}&#8221; custom_css_code=&#8221;JTQwbWVkaWElMjAlMjhtYXgtd2lkdGglM0ElMjAxMTk5cHglMjklN0IlMEElMjAlMjAlMjAlMjAlNDBpZC53cGJfcm93JTNFJTJBJTIwJTdCJTBBJTIwJTIwJTIwJTIwJTIwJTIwJTIwJTIwJTIwbWFyZ2luLXRvcCUzQSUyMDAlM0IlMEElMjAlMjAlMjAlMjAlN0QlMEElN0QlMEEuZ2VtLWJ1dHRvbi1zaXplLW1lZGl1bSUyQyUyMGlucHV0LmdlbS1idXR0b24tc2l6ZS1tZWRpdW0lMjAlN0IlMEElMjAlMjAlMjAlMjBmb250LXNpemUlM0ElMjAxNnB4JTNCJTBBJTIwJTIwJTIwJTIwd2lkdGglM0ElMjAyMzRweCUzQiUwQSU3RCUwQS5uZXdzLWdyaWQlMjAucG9ydGZvbGlvLWl0ZW0lMjAuZ3JpZC1wb3N0LW1ldGElMjAlN0IlMEElMjAlMjAlMjAlMjBkaXNwbGF5JTNBJTIwbm9uZSUzQiUwQSU3RCUwQS52ZXJzaW9uLW5ldy5uZXdzLWdyaWQucG9ydGZvbGlvJTIwLnBvcnRmb2xpby1pdGVtJTIwLndyYXAlM0UuY2FwdGlvbiUyMCU3QiUwQSUyMCUyMCUyMCUyMHBhZGRpbmclM0ElMjAzMHB4JTIwMzhweCUyMDM1cHglM0IlMEElN0QlMEEudGl0bGUtaDQlMjAlN0IlMEElMjAlMjAlMjAlMjBmb250LXNpemUlM0EyMHB4JTNCJTBBJTIwJTIwJTIwJTIwbGluZS1oZWlnaHQlM0ElMjAzMHB4JTNCJTBBJTdEJTBBJTQwbWVkaWElMjAlMjhtYXgtd2lkdGglM0ElMjAxMDI0cHglMjklMjAlN0IlMEElMjAlMjAlMjAlMjAuZGl2aWRlci1vbi1tb2JpbGUlMjAlN0IlMEElMjAlMjAlMjAlMjAlMjAlMjAlMjAlMjBtYXJnaW4tdG9wJTNBJTIwLTQyMHB4JTIxaW1wb3J0YW50JTNCJTBBJTIwJTIwJTIwJTIwJTdEJTBBJTdEJTBBJTQwbWVkaWElMjAlMjhtYXgtd2lkdGglM0ElMjA3NjhweCUyOSUyMCU3QiUwQSUyMCUyMCUyMCUyMC5kaXZpZGVyLW9uLW1vYmlsZSUyMCU3QiUwQSUyMCUyMCUyMCUyMCUyMCUyMCUyMCUyMGRpc3BsYXklM0ElMjBub25lJTNCJTBBJTIwJTIwJTIwJTIwJTdEJTBBJTIwJTIwJTIwJTIwLmRpdmlkZXItb24tbW9iaWxlLWhpZ2hsaWdodHMlMjAlN0IlMEElMjAlMjAlMjAlMjAlMjAlMjAlMjAlMjBtYXJnaW4tdG9wJTNBJTIwMTAwcHglMjFpbXBvcnRhbnQlM0IlMEElMjAlMjAlMjAlMjAlN0QlMEElN0QlMEE=&#8221;][vc_column][\/vc_column][\/vc_row]<\/p>\n","protected":false},"author":1,"featured_media":26677,"parent":0,"menu_order":0,"comment_status":"closed","ping_status":"closed","template":"","meta":{"om_disable_all_campaigns":false,"footnotes":""},"class_list":["post-26863","page","type-page","status-publish","has-post-thumbnail"],"aioseo_notices":[],"_links":{"self":[{"href":"https:\/\/inovalabel.com\/ro\/wp-json\/wp\/v2\/pages\/26863","targetHints":{"allow":["GET"]}}],"collection":[{"href":"https:\/\/inovalabel.com\/ro\/wp-json\/wp\/v2\/pages"}],"about":[{"href":"https:\/\/inovalabel.com\/ro\/wp-json\/wp\/v2\/types\/page"}],"author":[{"embeddable":true,"href":"https:\/\/inovalabel.com\/ro\/wp-json\/wp\/v2\/users\/1"}],"replies":[{"embeddable":true,"href":"https:\/\/inovalabel.com\/ro\/wp-json\/wp\/v2\/comments?post=26863"}],"version-history":[{"count":8,"href":"https:\/\/inovalabel.com\/ro\/wp-json\/wp\/v2\/pages\/26863\/revisions"}],"predecessor-version":[{"id":26879,"href":"https:\/\/inovalabel.com\/ro\/wp-json\/wp\/v2\/pages\/26863\/revisions\/26879"}],"wp:featuredmedia":[{"embeddable":true,"href":"https:\/\/inovalabel.com\/ro\/wp-json\/wp\/v2\/media\/26677"}],"wp:attachment":[{"href":"https:\/\/inovalabel.com\/ro\/wp-json\/wp\/v2\/media?parent=26863"}],"curies":[{"name":"wp","href":"https:\/\/api.w.org\/{rel}","templated":true}]}}