{"id":25415,"date":"2020-09-15T13:35:18","date_gmt":"2020-09-15T10:35:18","guid":{"rendered":"https:\/\/stefwebdesign.com\/inovalabel\/?page_id=25415"},"modified":"2025-02-19T08:37:14","modified_gmt":"2025-02-19T06:37:14","slug":"function","status":"publish","type":"page","link":"https:\/\/inovalabel.com\/ro\/function\/","title":{"rendered":"Func\u0163ionalitate"},"content":{"rendered":"<div class=\"wpb-content-wrapper\"><p>[vc_row][vc_column width=&#8221;1\/2&#8243;]<div class=\"clearboth\"><\/div><style>#thegem-divider-69e1d1436c7a3 {margin-top: 40px !important;}<\/style><div id=\"thegem-divider-69e1d1436c7a3\" class=\"gem-divider  \" style=\"\" ><\/div>[vc_column_text css_animation=&#8221;bottom-to-top&#8221;]<\/p>\n<h2>Func\u0163ionalitate<\/h2>\n<p>[\/vc_column_text][vc_column_text css_animation=&#8221;bottom-to-top&#8221;]<strong>Solu\u021bii convenabile pentru aplica\u021bii prietenoase pentru clien\u021bi.<\/strong><\/p>\n<p>Etichetele re-sigilabile protejeaz\u0103 produsul \u0219i p\u0103streaz\u0103 con\u021binutul proasp\u0103t. Cu elemente suplimentare de securitate, acestea sporesc protec\u021bia m\u0103rcii \u0219i ofer\u0103 o garan\u021bia primei deschideri.<\/p>\n<p>Indiferent dac\u0103 sunt aplica\u021bii tehnice, de exemplu din sectorul farmaceutic, sau crea\u021bii originale pentru marketing, Inovalabel este deschis\u0103 oric\u0103rei idei a\u00a0 clien\u021bilor.[\/vc_column_text]<div class=\"clearboth\"><\/div><style>#thegem-divider-69e1d1436c7d5 {margin-top: 10px !important;}<\/style><div id=\"thegem-divider-69e1d1436c7d5\" class=\"gem-divider  \" style=\"\" ><\/div>[\/vc_column][vc_column width=&#8221;1\/2&#8243;]<div class=\"preloader\"><div class=\"preloader-spin\"><\/div><\/div> <div class=\"gem-gallery gem-gallery-hover-zooming-blur\"> <div class=\"gem-gallery-item\"> <div class=\"gem-gallery-item-image\"> <a href=\"https:\/\/inovalabel.com\/wp-content\/uploads\/2020\/10\/Security-label_Inovalabel_2_-thegem-gallery-fullwidth.jpg\" data-fancybox-group=\"gallery-69e1d1436c8bf\" data-full-image-url=\"https:\/\/inovalabel.com\/wp-content\/uploads\/2020\/10\/Security-label_Inovalabel_2_.jpg\"> <svg width=\"20\" height=\"10\"><path d=\"M 0,10 Q 9,9 10,0 Q 11,9 20,10\" \/><\/svg> <img src=\"https:\/\/inovalabel.com\/wp-content\/uploads\/2020\/10\/Security-label_Inovalabel_2_-thegem-post-thumb-small.jpg\" alt=\"\" class=\"img-responsive\"> <span class=\"gem-gallery-caption slide-info\"> <\/span> <\/a> <span class=\"gem-gallery-line\"><\/span> <\/div> <\/div> <div class=\"gem-gallery-item\"> <div class=\"gem-gallery-item-image\"> <a href=\"https:\/\/inovalabel.com\/wp-content\/uploads\/2021\/06\/Security-label_Inovalabel_3_-thegem-gallery-fullwidth.jpg\" data-fancybox-group=\"gallery-69e1d1436c8bf\" data-full-image-url=\"https:\/\/inovalabel.com\/wp-content\/uploads\/2021\/06\/Security-label_Inovalabel_3_.jpg\"> <svg width=\"20\" height=\"10\"><path d=\"M 0,10 Q 9,9 10,0 Q 11,9 20,10\" \/><\/svg> <img src=\"https:\/\/inovalabel.com\/wp-content\/uploads\/2021\/06\/Security-label_Inovalabel_3_-thegem-post-thumb-small.jpg\" alt=\"\" class=\"img-responsive\"> <span class=\"gem-gallery-caption slide-info\"> <\/span> <\/a> <span class=\"gem-gallery-line\"><\/span> <\/div> <\/div> <div class=\"gem-gallery-item\"> <div class=\"gem-gallery-item-image\"> <a href=\"https:\/\/inovalabel.com\/wp-content\/uploads\/2021\/06\/Security-label_Inovalabel_1_-thegem-gallery-fullwidth.jpg\" data-fancybox-group=\"gallery-69e1d1436c8bf\" data-full-image-url=\"https:\/\/inovalabel.com\/wp-content\/uploads\/2021\/06\/Security-label_Inovalabel_1_.jpg\"> <svg width=\"20\" height=\"10\"><path d=\"M 0,10 Q 9,9 10,0 Q 11,9 20,10\" \/><\/svg> <img src=\"https:\/\/inovalabel.com\/wp-content\/uploads\/2021\/06\/Security-label_Inovalabel_1_-thegem-post-thumb-small.jpg\" alt=\"\" class=\"img-responsive\"> <span class=\"gem-gallery-caption slide-info\"> <\/span> <\/a> <span class=\"gem-gallery-line\"><\/span> <\/div> <\/div> <\/div>[\/vc_column][\/vc_row][vc_row][vc_column][vc_row_inner css=&#8221;.vc_custom_1542203551526{margin-top: 0px !important;margin-bottom: 0px !important;padding-top: 0px !important;padding-bottom: 0px !important;}&#8221;][vc_column_inner offset=&#8221;vc_hidden-xs&#8221; css=&#8221;.vc_custom_1542203561046{margin-top: 0px !important;margin-bottom: 0px !important;padding-top: 0px !important;padding-bottom: 0px !important;}&#8221;]<div class=\"clearboth\"><\/div><style>#thegem-divider-69e1d1436ca4b {margin-top: 40px !important;}<\/style><div id=\"thegem-divider-69e1d1436ca4b\" class=\"gem-divider  \" style=\"\" ><\/div>[\/vc_column_inner][\/vc_row_inner]<div style=''  class=\"gem-quote gem-quote-style-1 gem-quote-no-paddings custom-color-blockqute-mark-added\" ><blockquote  ><\/p>\n<div class=\"styled-subtitle\" style=\"text-align: center;\">Pentru o solu\u0163ie optim\u0103, adaptat\u0103 nevoilor Dvs., v\u0103 rug\u0103m\u00a0<a title=\"Contact\" href=\"https:\/\/inovalabel.com\/contact-us\/\">contacta\u0163i<\/a>\u00a0Consultantul Dvs. de v\u00e2nz\u0103ri. Noi suntem specialistul Dvs., de la design, p\u00e2n\u0103 la etichetare.<\/div>\n<p><\/blockquote><span style=color:#febd11;  class=\"custom-color-blockqute-mark\">&#xe60c;<\/span><\/div>[\/vc_column][\/vc_row][vc_row][vc_column width=&#8221;1\/5&#8243;]<div class=\"lazy-loading\" data-ll-item-delay=\"0\"><div class=\"gem-textbox  lazy-loading-item centered-box\"  data-ll-effect=\"move-up\" ><div class=\"gem-textbox-top gem-textbox-top-note-1\"><svg width=\"100%\" height=\"31\" style=\"fill: #f4f6f7;\"><defs><pattern id=\"pattern-1776406851-92\" x=\"11\" y=\"0\" width=\"23\" height=\"32\" patternUnits=\"userSpaceOnUse\" ><path d=\"M20,9h3V0H0v9h3c2.209,0,4,1.791,4,4v6c0,2.209-1.791,4-4,4H0v9h23v-9h-3c-2.209,0-4-1.791-4-4v-6C16,10.791,17.791,9,20,9z\" \/><\/pattern><\/defs><rect x=\"0\" y=\"0\" width=\"100%\" height=\"32\" style=\"fill: url(#pattern-1776406851-92);\" \/><\/svg><\/div><div class=\"gem-textbox-picture centered-box\"><img src=\"https:\/\/inovalabel.com\/wp-content\/uploads\/2021\/06\/Decoration_Inovalabel_1.jpg\" alt=\"\" class=\"img-responsive\" \/><\/div><div class=\"gem-textbox-inner gem-textbox-after-image\" style=\"\"><div class=\"gem-textbox-content\" style=\"background-color: #f4f6f7;background-position: center top;\">[vc_column_text]<\/p>\n<h5 style=\"text-align: center;\">DECORARE<\/h5>\n<p>[\/vc_column_text]<div class=\"clearboth\"><\/div><style>#thegem-divider-69e1d1436cb02 {margin-top: 20px !important;}<\/style><div id=\"thegem-divider-69e1d1436cb02\" class=\"gem-divider  \" style=\"\" ><\/div>[vc_column_text]<\/p>\n<p style=\"text-align: center;\">Efectele unice plaseaz\u0103 produsul \u00een lumina reflectoarelor.<\/p>\n<p>[\/vc_column_text]<div class=\"clearboth\"><\/div><style>#thegem-divider-69e1d1436cb1d {margin-top: 40px !important;}<\/style><div id=\"thegem-divider-69e1d1436cb1d\" class=\"gem-divider  \" style=\"\" ><\/div><div class=\"gem-button-container gem-button-position-center thegem-button-69e1d1436cb9a6075    \"  ><a title=\"Decoration\" class=\"gem-button gem-button-size-small gem-button-style-outline gem-button-text-weight-normal gem-button-border-2\" data-ll-effect=\"drop-right-without-wrap\" style=\"border-radius: 0px;\" onmouseleave=\"\" onmouseenter=\"\" href=\"https:\/\/inovalabel.com\/applications\/decoration\/\" target=\"_self\">mai mult<\/a><\/div> <\/div><\/div><\/div><\/div>[\/vc_column][vc_column width=&#8221;1\/5&#8243;]<div class=\"lazy-loading\" data-ll-item-delay=\"0\"><div class=\"gem-textbox  lazy-loading-item centered-box\"  data-ll-effect=\"move-up\" ><div class=\"gem-textbox-top gem-textbox-top-note-1\"><svg width=\"100%\" height=\"31\" style=\"fill: #f4f6f7;\"><defs><pattern id=\"pattern-1776406851-8\" x=\"11\" y=\"0\" width=\"23\" height=\"32\" patternUnits=\"userSpaceOnUse\" ><path d=\"M20,9h3V0H0v9h3c2.209,0,4,1.791,4,4v6c0,2.209-1.791,4-4,4H0v9h23v-9h-3c-2.209,0-4-1.791-4-4v-6C16,10.791,17.791,9,20,9z\" \/><\/pattern><\/defs><rect x=\"0\" y=\"0\" width=\"100%\" height=\"32\" style=\"fill: url(#pattern-1776406851-8);\" \/><\/svg><\/div><div class=\"gem-textbox-picture centered-box\"><img src=\"https:\/\/inovalabel.com\/wp-content\/uploads\/2021\/06\/promotion_3__.jpg\" alt=\"\" class=\"img-responsive\" \/><\/div><div class=\"gem-textbox-inner gem-textbox-after-image\" style=\"\"><div class=\"gem-textbox-content\" style=\"background-color: #f4f6f7;background-position: center top;\">[vc_column_text]<\/p>\n<h5 style=\"text-align: center;\">PROMO\u021aII<\/h5>\n<p>[\/vc_column_text]<div class=\"clearboth\"><\/div><style>#thegem-divider-69e1d1436cc5d {margin-top: 20px !important;}<\/style><div id=\"thegem-divider-69e1d1436cc5d\" class=\"gem-divider  \" style=\"\" ><\/div>[vc_column_text]<\/p>\n<p style=\"text-align: center;\">Etichetele cu mai multe pagini ofer\u0103 mult spa\u021biu pentru promo\u021bii eficiente.<\/p>\n<p>[\/vc_column_text]<div class=\"clearboth\"><\/div><style>#thegem-divider-69e1d1436cc76 {margin-top: 40px !important;}<\/style><div id=\"thegem-divider-69e1d1436cc76\" class=\"gem-divider  \" style=\"\" ><\/div><div class=\"gem-button-container gem-button-position-center thegem-button-69e1d1436cce91068    \"  ><a title=\"Promotion\" class=\"gem-button gem-button-size-small gem-button-style-outline gem-button-text-weight-normal gem-button-border-2\" data-ll-effect=\"drop-right-without-wrap\" style=\"border-radius: 0px;\" onmouseleave=\"\" onmouseenter=\"\" href=\"https:\/\/inovalabel.com\/applications\/promotion\/\" target=\"_self\">mai mult<\/a><\/div> <\/div><\/div><\/div><\/div>[\/vc_column][vc_column width=&#8221;1\/5&#8243;]<div class=\"lazy-loading\" data-ll-item-delay=\"0\"><div class=\"gem-textbox  lazy-loading-item centered-box\"  data-ll-effect=\"move-up\" ><div class=\"gem-textbox-top gem-textbox-top-note-1\"><svg width=\"100%\" height=\"31\" style=\"fill: #f4f6f7;\"><defs><pattern id=\"pattern-1776406851-97\" x=\"11\" y=\"0\" width=\"23\" height=\"32\" patternUnits=\"userSpaceOnUse\" ><path d=\"M20,9h3V0H0v9h3c2.209,0,4,1.791,4,4v6c0,2.209-1.791,4-4,4H0v9h23v-9h-3c-2.209,0-4-1.791-4-4v-6C16,10.791,17.791,9,20,9z\" \/><\/pattern><\/defs><rect x=\"0\" y=\"0\" width=\"100%\" height=\"32\" style=\"fill: url(#pattern-1776406851-97);\" \/><\/svg><\/div><div class=\"gem-textbox-picture centered-box\"><img src=\"https:\/\/inovalabel.com\/wp-content\/uploads\/2021\/06\/Multipage_Inovalabel_1-scaled.jpg\" alt=\"\" class=\"img-responsive\" \/><\/div><div class=\"gem-textbox-inner gem-textbox-after-image\" style=\"\"><div class=\"gem-textbox-content\" style=\"background-color: #f4f6f7;background-position: center top;\">[vc_column_text]<\/p>\n<h5 style=\"text-align: center;\">INFORMA\u021aII<\/h5>\n<p>[\/vc_column_text]<div class=\"clearboth\"><\/div><style>#thegem-divider-69e1d1436cdaa {margin-top: 20px !important;}<\/style><div id=\"thegem-divider-69e1d1436cdaa\" class=\"gem-divider  \" style=\"\" ><\/div>[vc_column_text]<\/p>\n<p style=\"text-align: center;\">Etichetele multipagin\u0103 ofer\u0103 spa\u021biu nelimitat pentru informa\u021bii complete.<\/p>\n<p>[\/vc_column_text]<div class=\"gem-button-container gem-button-position-center thegem-button-69e1d1436ce218425    \"  ><a title=\"Information\" class=\"gem-button gem-button-size-small gem-button-style-outline gem-button-text-weight-normal gem-button-border-2\" data-ll-effect=\"drop-right-without-wrap\" style=\"border-radius: 0px;\" onmouseleave=\"\" onmouseenter=\"\" href=\"https:\/\/inovalabel.com\/applications\/information\/\" target=\"_self\">mai mult<\/a><\/div> <\/div><\/div><\/div><\/div>[\/vc_column][vc_column width=&#8221;1\/5&#8243;]<div class=\"lazy-loading\" data-ll-item-delay=\"0\"><div class=\"gem-textbox  lazy-loading-item centered-box\"  data-ll-effect=\"move-up\" ><div class=\"gem-textbox-top gem-textbox-top-note-1\"><svg width=\"100%\" height=\"31\" style=\"fill: #f4f6f7;\"><defs><pattern id=\"pattern-1776406851-19\" x=\"11\" y=\"0\" width=\"23\" height=\"32\" patternUnits=\"userSpaceOnUse\" ><path d=\"M20,9h3V0H0v9h3c2.209,0,4,1.791,4,4v6c0,2.209-1.791,4-4,4H0v9h23v-9h-3c-2.209,0-4-1.791-4-4v-6C16,10.791,17.791,9,20,9z\" \/><\/pattern><\/defs><rect x=\"0\" y=\"0\" width=\"100%\" height=\"32\" style=\"fill: url(#pattern-1776406851-19);\" \/><\/svg><\/div><div class=\"gem-textbox-picture centered-box\"><img src=\"https:\/\/inovalabel.com\/wp-content\/uploads\/2021\/06\/Security_Function_1_.jpg\" alt=\"\" class=\"img-responsive\" \/><\/div><div class=\"gem-textbox-inner gem-textbox-after-image\" style=\"\"><div class=\"gem-textbox-content\" style=\"background-color: #f4f6f7;background-position: center top;\">[vc_column_text]<\/p>\n<h5 style=\"text-align: center;\">SECURITATE<\/h5>\n<p>[\/vc_column_text]<div class=\"clearboth\"><\/div><style>#thegem-divider-69e1d1436cee1 {margin-top: 20px !important;}<\/style><div id=\"thegem-divider-69e1d1436cee1\" class=\"gem-divider  \" style=\"\" ><\/div>[vc_column_text]<\/p>\n<p style=\"text-align: center;\">Etichete inteligente pentru siguran\u021ba produselor \u0219i a clien\u021bilor.<\/p>\n<p>[\/vc_column_text]<div class=\"clearboth\"><\/div><style>#thegem-divider-69e1d1436cefb {margin-top: 40px !important;}<\/style><div id=\"thegem-divider-69e1d1436cefb\" class=\"gem-divider  \" style=\"\" ><\/div><div class=\"gem-button-container gem-button-position-center thegem-button-69e1d1436cf6d556    \"  ><a title=\"Security\" class=\"gem-button gem-button-size-small gem-button-style-outline gem-button-text-weight-normal gem-button-border-2\" data-ll-effect=\"drop-right-without-wrap\" style=\"border-radius: 0px;\" onmouseleave=\"\" onmouseenter=\"\" href=\"https:\/\/inovalabel.com\/applications\/security\/\" target=\"_self\">mai mult<\/a><\/div> <\/div><\/div><\/div><\/div>[\/vc_column][vc_column width=&#8221;1\/5&#8243;]<div class=\"lazy-loading\" data-ll-item-delay=\"0\"><div class=\"gem-textbox  lazy-loading-item centered-box\"  data-ll-effect=\"move-up\" ><div class=\"gem-textbox-top gem-textbox-top-note-1\"><svg width=\"100%\" height=\"31\" style=\"fill: #f4f6f7;\"><defs><pattern id=\"pattern-1776406851-79\" x=\"11\" y=\"0\" width=\"23\" height=\"32\" patternUnits=\"userSpaceOnUse\" ><path d=\"M20,9h3V0H0v9h3c2.209,0,4,1.791,4,4v6c0,2.209-1.791,4-4,4H0v9h23v-9h-3c-2.209,0-4-1.791-4-4v-6C16,10.791,17.791,9,20,9z\" \/><\/pattern><\/defs><rect x=\"0\" y=\"0\" width=\"100%\" height=\"32\" style=\"fill: url(#pattern-1776406851-79);\" \/><\/svg><\/div><div class=\"gem-textbox-picture centered-box\"><img src=\"https:\/\/inovalabel.com\/wp-content\/uploads\/2021\/06\/Security-label_Inovalabel_2.jpg\" alt=\"\" class=\"img-responsive\" \/><\/div><div class=\"gem-textbox-inner gem-textbox-after-image\" style=\"\"><div class=\"gem-textbox-content\" style=\"background-color: #f4f6f7;background-position: center top;\">[vc_column_text]<\/p>\n<h5 style=\"text-align: center;\">FUNC\u0162IONALITATE<\/h5>\n<p>[\/vc_column_text]<div class=\"clearboth\"><\/div><style>#thegem-divider-69e1d1436d027 {margin-top: 20px !important;}<\/style><div id=\"thegem-divider-69e1d1436d027\" class=\"gem-divider  \" style=\"\" ><\/div>[vc_column_text]<\/p>\n<p style=\"text-align: center;\">Solu\u021bii convenabile pentru aplica\u021bii prietenoase pentru clien\u021bi.<\/p>\n<p>[\/vc_column_text]<div class=\"clearboth\"><\/div><style>#thegem-divider-69e1d1436d03f {margin-top: 40px !important;}<\/style><div id=\"thegem-divider-69e1d1436d03f\" class=\"gem-divider  \" style=\"\" ><\/div><div class=\"gem-button-container gem-button-position-center thegem-button-69e1d1436d0b02866    \"  ><a title=\"Function\" class=\"gem-button gem-button-size-small gem-button-style-outline gem-button-text-weight-normal gem-button-border-2\" data-ll-effect=\"drop-right-without-wrap\" style=\"border-radius: 0px;\" onmouseleave=\"\" onmouseenter=\"\" href=\"https:\/\/inovalabel.com\/applications\/function\/\" target=\"_self\">mai mult<\/a><\/div> <\/div><\/div><\/div><\/div>[\/vc_column][\/vc_row]<\/p>\n<\/div>","protected":false},"excerpt":{"rendered":"<p>[vc_row][vc_column width=&#8221;1\/2&#8243;][vc_column_text css_animation=&#8221;bottom-to-top&#8221;] Func\u0163ionalitate [\/vc_column_text][vc_column_text css_animation=&#8221;bottom-to-top&#8221;]Solu\u021bii convenabile pentru aplica\u021bii prietenoase pentru clien\u021bi. Etichetele re-sigilabile protejeaz\u0103 produsul \u0219i p\u0103streaz\u0103 con\u021binutul proasp\u0103t&#8230;.<\/p>\n","protected":false},"author":1,"featured_media":0,"parent":0,"menu_order":4,"comment_status":"closed","ping_status":"closed","template":"","meta":{"om_disable_all_campaigns":false,"footnotes":""},"class_list":["post-25415","page","type-page","status-publish"],"aioseo_notices":[],"_links":{"self":[{"href":"https:\/\/inovalabel.com\/ro\/wp-json\/wp\/v2\/pages\/25415","targetHints":{"allow":["GET"]}}],"collection":[{"href":"https:\/\/inovalabel.com\/ro\/wp-json\/wp\/v2\/pages"}],"about":[{"href":"https:\/\/inovalabel.com\/ro\/wp-json\/wp\/v2\/types\/page"}],"author":[{"embeddable":true,"href":"https:\/\/inovalabel.com\/ro\/wp-json\/wp\/v2\/users\/1"}],"replies":[{"embeddable":true,"href":"https:\/\/inovalabel.com\/ro\/wp-json\/wp\/v2\/comments?post=25415"}],"version-history":[{"count":25,"href":"https:\/\/inovalabel.com\/ro\/wp-json\/wp\/v2\/pages\/25415\/revisions"}],"predecessor-version":[{"id":27936,"href":"https:\/\/inovalabel.com\/ro\/wp-json\/wp\/v2\/pages\/25415\/revisions\/27936"}],"wp:attachment":[{"href":"https:\/\/inovalabel.com\/ro\/wp-json\/wp\/v2\/media?parent=25415"}],"curies":[{"name":"wp","href":"https:\/\/api.w.org\/{rel}","templated":true}]}}