{"id":25397,"date":"2020-09-15T12:01:17","date_gmt":"2020-09-15T09:01:17","guid":{"rendered":"https:\/\/stefwebdesign.com\/inovalabel\/?page_id=25397"},"modified":"2025-02-19T08:37:16","modified_gmt":"2025-02-19T06:37:16","slug":"promotion","status":"publish","type":"page","link":"https:\/\/inovalabel.com\/ro\/promotion\/","title":{"rendered":"Promo\u021bii"},"content":{"rendered":"<div class=\"wpb-content-wrapper\"><p><\/p>\n<p>[vc_row][vc_column width=&#8221;1\/2&#8243;]<div class=\"clearboth\"><\/div><style>#thegem-divider-69e1345be54f4 {margin-top: 40px !important;}<\/style><div id=\"thegem-divider-69e1345be54f4\" class=\"gem-divider  \" style=\"\" ><\/div>[vc_column_text css_animation=&#8221;bottom-to-top&#8221;]<\/p>\n<h2>Promo\u021bii<\/h2>\n<p>[\/vc_column_text][vc_column_text css_animation=&#8221;bottom-to-top&#8221;]<strong>Etichetele cu mai multe pagini ofer\u0103 mult spa\u021biu pentru promo\u021bii eficiente<\/strong>.<\/p>\n<p>Etichetele tip Leporello, booklet \u0219i multistrat sunt suporturi publicitare perfecte. Pe nenum\u0103rate pagini, acestea ofer\u0103 mult spa\u021biu pentru promo\u021bii pline de creativitate.<\/p>\n<p>Etichetele cu coduri pentru tragerea la sor\u021bi a premiilor, etichetele r\u0103zuibile, inserturile, cupoanele, plicule\u021bele cu mostre, wobblerele sau etichetele sub form\u0103 de stegule\u021b sunt doar c\u00e2teva moduri de a pozi\u021biona cu succes un produs pe pia\u021b\u0103.<\/p>\n<p>Datorit\u0103 codurilor, \u00eenserierilor \u0219i imprim\u0103rii individualizate, se poate desf\u0103\u0219ura o companie demarketing direct c\u0103tre consumator.[\/vc_column_text]<div class=\"clearboth\"><\/div><style>#thegem-divider-69e1345be5523 {margin-top: 10px !important;}<\/style><div id=\"thegem-divider-69e1345be5523\" class=\"gem-divider  \" style=\"\" ><\/div>[\/vc_column][vc_column width=&#8221;1\/2&#8243;]<div class=\"preloader\"><div class=\"preloader-spin\"><\/div><\/div> <div class=\"gem-gallery gem-gallery-hover-zooming-blur\" data-autoscroll=\"5000\"> <div class=\"gem-gallery-item\"> <div class=\"gem-gallery-item-image\"> <a href=\"https:\/\/inovalabel.com\/wp-content\/uploads\/2021\/06\/Promotion_Inovalabel_3_-thegem-gallery-fullwidth.jpg\" data-fancybox-group=\"gallery-69e1345be5608\" data-full-image-url=\"https:\/\/inovalabel.com\/wp-content\/uploads\/2021\/06\/Promotion_Inovalabel_3_.jpg\"> <svg width=\"20\" height=\"10\"><path d=\"M 0,10 Q 9,9 10,0 Q 11,9 20,10\" \/><\/svg> <img src=\"https:\/\/inovalabel.com\/wp-content\/uploads\/2021\/06\/Promotion_Inovalabel_3_-thegem-post-thumb-small.jpg\" alt=\"\" class=\"img-responsive\"> <span class=\"gem-gallery-caption slide-info\"> <\/span> <\/a> <span class=\"gem-gallery-line\"><\/span> <\/div> <\/div> <div class=\"gem-gallery-item\"> <div class=\"gem-gallery-item-image\"> <a href=\"https:\/\/inovalabel.com\/wp-content\/uploads\/2021\/06\/Promotion_Inovalabel_2_-thegem-gallery-fullwidth.jpg\" data-fancybox-group=\"gallery-69e1345be5608\" data-full-image-url=\"https:\/\/inovalabel.com\/wp-content\/uploads\/2021\/06\/Promotion_Inovalabel_2_.jpg\"> <svg width=\"20\" height=\"10\"><path d=\"M 0,10 Q 9,9 10,0 Q 11,9 20,10\" \/><\/svg> <img src=\"https:\/\/inovalabel.com\/wp-content\/uploads\/2021\/06\/Promotion_Inovalabel_2_-thegem-post-thumb-small.jpg\" alt=\"\" class=\"img-responsive\"> <span class=\"gem-gallery-caption slide-info\"> <\/span> <\/a> <span class=\"gem-gallery-line\"><\/span> <\/div> <\/div> <div class=\"gem-gallery-item\"> <div class=\"gem-gallery-item-image\"> <a href=\"https:\/\/inovalabel.com\/wp-content\/uploads\/2021\/06\/Promotion_Inovalabel_4_-thegem-gallery-fullwidth.jpg\" data-fancybox-group=\"gallery-69e1345be5608\" data-full-image-url=\"https:\/\/inovalabel.com\/wp-content\/uploads\/2021\/06\/Promotion_Inovalabel_4_.jpg\"> <svg width=\"20\" height=\"10\"><path d=\"M 0,10 Q 9,9 10,0 Q 11,9 20,10\" \/><\/svg> <img src=\"https:\/\/inovalabel.com\/wp-content\/uploads\/2021\/06\/Promotion_Inovalabel_4_-thegem-post-thumb-small.jpg\" alt=\"\" class=\"img-responsive\"> <span class=\"gem-gallery-caption slide-info\"> <\/span> <\/a> <span class=\"gem-gallery-line\"><\/span> <\/div> <\/div> <div class=\"gem-gallery-item\"> <div class=\"gem-gallery-item-image\"> <a href=\"https:\/\/inovalabel.com\/wp-content\/uploads\/2020\/10\/promotion_3-thegem-gallery-fullwidth.jpg\" data-fancybox-group=\"gallery-69e1345be5608\" data-full-image-url=\"https:\/\/inovalabel.com\/wp-content\/uploads\/2020\/10\/promotion_3.jpg\"> <svg width=\"20\" height=\"10\"><path d=\"M 0,10 Q 9,9 10,0 Q 11,9 20,10\" \/><\/svg> <img src=\"https:\/\/inovalabel.com\/wp-content\/uploads\/2020\/10\/promotion_3-thegem-post-thumb-small.jpg\" alt=\"Inovalabel-Promotion\" class=\"img-responsive\"> <span class=\"gem-gallery-caption slide-info\"> <\/span> <\/a> <span class=\"gem-gallery-line\"><\/span> <\/div> <\/div> <div class=\"gem-gallery-item\"> <div class=\"gem-gallery-item-image\"> <a href=\"https:\/\/inovalabel.com\/wp-content\/uploads\/2020\/10\/promotion_4-thegem-gallery-fullwidth.jpg\" data-fancybox-group=\"gallery-69e1345be5608\" data-full-image-url=\"https:\/\/inovalabel.com\/wp-content\/uploads\/2020\/10\/promotion_4.jpg\"> <svg width=\"20\" height=\"10\"><path d=\"M 0,10 Q 9,9 10,0 Q 11,9 20,10\" \/><\/svg> <img src=\"https:\/\/inovalabel.com\/wp-content\/uploads\/2020\/10\/promotion_4-thegem-post-thumb-small.jpg\" alt=\"Inovalabel-Promotion\" class=\"img-responsive\"> <span class=\"gem-gallery-caption slide-info\"> <\/span> <\/a> <span class=\"gem-gallery-line\"><\/span> <\/div> <\/div> <div class=\"gem-gallery-item\"> <div class=\"gem-gallery-item-image\"> <a href=\"https:\/\/inovalabel.com\/wp-content\/uploads\/2020\/10\/promotion_5-thegem-gallery-fullwidth.jpg\" data-fancybox-group=\"gallery-69e1345be5608\" data-full-image-url=\"https:\/\/inovalabel.com\/wp-content\/uploads\/2020\/10\/promotion_5.jpg\"> <svg width=\"20\" height=\"10\"><path d=\"M 0,10 Q 9,9 10,0 Q 11,9 20,10\" \/><\/svg> <img src=\"https:\/\/inovalabel.com\/wp-content\/uploads\/2020\/10\/promotion_5-thegem-post-thumb-small.jpg\" alt=\"Inovalabel-Promotion\" class=\"img-responsive\"> <span class=\"gem-gallery-caption slide-info\"> <\/span> <\/a> <span class=\"gem-gallery-line\"><\/span> <\/div> <\/div> <\/div>[\/vc_column][\/vc_row][vc_row][vc_column][vc_row_inner css=&#8221;.vc_custom_1542203551526{margin-top: 0px !important;margin-bottom: 0px !important;padding-top: 0px !important;padding-bottom: 0px !important;}&#8221;][vc_column_inner offset=&#8221;vc_hidden-xs&#8221; css=&#8221;.vc_custom_1542203561046{margin-top: 0px !important;margin-bottom: 0px !important;padding-top: 0px !important;padding-bottom: 0px !important;}&#8221;]<div class=\"clearboth\"><\/div><style>#thegem-divider-69e1345be58af {margin-top: 40px !important;}<\/style><div id=\"thegem-divider-69e1345be58af\" class=\"gem-divider  \" style=\"\" ><\/div>[\/vc_column_inner][\/vc_row_inner]<div style=''  class=\"gem-quote gem-quote-style-1 gem-quote-no-paddings custom-color-blockqute-mark-added\" ><blockquote  ><\/p>\n<div class=\"styled-subtitle\" style=\"text-align: center;\">Pentru o solu\u0163ie optim\u0103, adaptat\u0103 nevoilor Dvs., v\u0103 rug\u0103m\u00a0<a title=\"Contact\" href=\"https:\/\/inovalabel.com\/contact-us\/\">contacta\u0163i<\/a>\u00a0Consultantul Dvs. de v\u00e2nz\u0103ri. Noi suntem specialistul Dvs., de la design, p\u00e2n\u0103 la etichetare.<\/div>\n<p><\/blockquote><span style=color:#febd11;  class=\"custom-color-blockqute-mark\">&#xe60c;<\/span><\/div>[\/vc_column][\/vc_row][vc_row][vc_column width=&#8221;1\/5&#8243;]<div class=\"lazy-loading\" data-ll-item-delay=\"0\"><div class=\"gem-textbox  lazy-loading-item centered-box\"  data-ll-effect=\"move-up\" ><div class=\"gem-textbox-top gem-textbox-top-note-1\"><svg width=\"100%\" height=\"31\" style=\"fill: #f4f6f7;\"><defs><pattern id=\"pattern-1776366683-97\" x=\"11\" y=\"0\" width=\"23\" height=\"32\" patternUnits=\"userSpaceOnUse\" ><path d=\"M20,9h3V0H0v9h3c2.209,0,4,1.791,4,4v6c0,2.209-1.791,4-4,4H0v9h23v-9h-3c-2.209,0-4-1.791-4-4v-6C16,10.791,17.791,9,20,9z\" \/><\/pattern><\/defs><rect x=\"0\" y=\"0\" width=\"100%\" height=\"32\" style=\"fill: url(#pattern-1776366683-97);\" \/><\/svg><\/div><div class=\"gem-textbox-picture centered-box\"><img src=\"https:\/\/inovalabel.com\/wp-content\/uploads\/2021\/06\/Decoration_Inovalabel_1.jpg\" alt=\"\" class=\"img-responsive\" \/><\/div><div class=\"gem-textbox-inner gem-textbox-after-image\" style=\"\"><div class=\"gem-textbox-content\" style=\"background-color: #f4f6f7;background-position: center top;\">[vc_column_text]<\/p>\n<h5 style=\"text-align: center;\">DECORARE<\/h5>\n<p>[\/vc_column_text]<div class=\"clearboth\"><\/div><style>#thegem-divider-69e1345be595d {margin-top: 20px !important;}<\/style><div id=\"thegem-divider-69e1345be595d\" class=\"gem-divider  \" style=\"\" ><\/div>[vc_column_text]<\/p>\n<p style=\"text-align: center;\">Efectele unice plaseaz\u0103 produsul \u00een lumina reflectoarelor.<\/p>\n<p>[\/vc_column_text]<div class=\"clearboth\"><\/div><style>#thegem-divider-69e1345be597b {margin-top: 40px !important;}<\/style><div id=\"thegem-divider-69e1345be597b\" class=\"gem-divider  \" style=\"\" ><\/div><div class=\"gem-button-container gem-button-position-center thegem-button-69e1345be59f81533    \"  ><a title=\"Decoration\" class=\"gem-button gem-button-size-small gem-button-style-outline gem-button-text-weight-normal gem-button-border-2\" data-ll-effect=\"drop-right-without-wrap\" style=\"border-radius: 0px;\" onmouseleave=\"\" onmouseenter=\"\" href=\"https:\/\/inovalabel.com\/ro\/applications\/decoration\/\" target=\"_self\">mai mult<\/a><\/div> <\/div><\/div><\/div><\/div>[\/vc_column][vc_column width=&#8221;1\/5&#8243;]<div class=\"lazy-loading\" data-ll-item-delay=\"0\"><div class=\"gem-textbox  lazy-loading-item centered-box\"  data-ll-effect=\"move-up\" ><div class=\"gem-textbox-top gem-textbox-top-note-1\"><svg width=\"100%\" height=\"31\" style=\"fill: #f4f6f7;\"><defs><pattern id=\"pattern-1776366683-73\" x=\"11\" y=\"0\" width=\"23\" height=\"32\" patternUnits=\"userSpaceOnUse\" ><path d=\"M20,9h3V0H0v9h3c2.209,0,4,1.791,4,4v6c0,2.209-1.791,4-4,4H0v9h23v-9h-3c-2.209,0-4-1.791-4-4v-6C16,10.791,17.791,9,20,9z\" \/><\/pattern><\/defs><rect x=\"0\" y=\"0\" width=\"100%\" height=\"32\" style=\"fill: url(#pattern-1776366683-73);\" \/><\/svg><\/div><div class=\"gem-textbox-picture centered-box\"><img src=\"https:\/\/inovalabel.com\/wp-content\/uploads\/2021\/06\/promotion_3__.jpg\" alt=\"\" class=\"img-responsive\" \/><\/div><div class=\"gem-textbox-inner gem-textbox-after-image\" style=\"\"><div class=\"gem-textbox-content\" style=\"background-color: #f4f6f7;background-position: center top;\">[vc_column_text]<\/p>\n<h5 style=\"text-align: center;\">PROMO\u021aII<\/h5>\n<p>[\/vc_column_text]<div class=\"clearboth\"><\/div><style>#thegem-divider-69e1345be5ab7 {margin-top: 20px !important;}<\/style><div id=\"thegem-divider-69e1345be5ab7\" class=\"gem-divider  \" style=\"\" ><\/div>[vc_column_text]<\/p>\n<p style=\"text-align: center;\">Etichetele cu mai multe pagini ofer\u0103 mult spa\u021biu pentru promo\u021bii eficiente.<\/p>\n<p>[\/vc_column_text]<div class=\"clearboth\"><\/div><style>#thegem-divider-69e1345be5ad0 {margin-top: 40px !important;}<\/style><div id=\"thegem-divider-69e1345be5ad0\" class=\"gem-divider  \" style=\"\" ><\/div><div class=\"gem-button-container gem-button-position-center thegem-button-69e1345be5b436470    \"  ><a title=\"Promotion\" class=\"gem-button gem-button-size-small gem-button-style-outline gem-button-text-weight-normal gem-button-border-2\" data-ll-effect=\"drop-right-without-wrap\" style=\"border-radius: 0px;\" onmouseleave=\"\" onmouseenter=\"\" href=\"https:\/\/inovalabel.com\/applications\/promotion\/\" target=\"_self\">mai mult<\/a><\/div> <\/div><\/div><\/div><\/div>[\/vc_column][vc_column width=&#8221;1\/5&#8243;]<div class=\"lazy-loading\" data-ll-item-delay=\"0\"><div class=\"gem-textbox  lazy-loading-item centered-box\"  data-ll-effect=\"move-up\" ><div class=\"gem-textbox-top gem-textbox-top-note-1\"><svg width=\"100%\" height=\"31\" style=\"fill: #f4f6f7;\"><defs><pattern id=\"pattern-1776366683-65\" x=\"11\" y=\"0\" width=\"23\" height=\"32\" patternUnits=\"userSpaceOnUse\" ><path d=\"M20,9h3V0H0v9h3c2.209,0,4,1.791,4,4v6c0,2.209-1.791,4-4,4H0v9h23v-9h-3c-2.209,0-4-1.791-4-4v-6C16,10.791,17.791,9,20,9z\" \/><\/pattern><\/defs><rect x=\"0\" y=\"0\" width=\"100%\" height=\"32\" style=\"fill: url(#pattern-1776366683-65);\" \/><\/svg><\/div><div class=\"gem-textbox-picture centered-box\"><img src=\"https:\/\/inovalabel.com\/wp-content\/uploads\/2021\/06\/Multipage_Inovalabel_1-scaled.jpg\" alt=\"\" class=\"img-responsive\" \/><\/div><div class=\"gem-textbox-inner gem-textbox-after-image\" style=\"\"><div class=\"gem-textbox-content\" style=\"background-color: #f4f6f7;background-position: center top;\">[vc_column_text]<\/p>\n<h5 style=\"text-align: center;\">INFORMA\u021aII<\/h5>\n<p>[\/vc_column_text]<div class=\"clearboth\"><\/div><style>#thegem-divider-69e1345be5bfd {margin-top: 20px !important;}<\/style><div id=\"thegem-divider-69e1345be5bfd\" class=\"gem-divider  \" style=\"\" ><\/div>[vc_column_text]<\/p>\n<p style=\"text-align: center;\">Etichetele multipagin\u0103 ofer\u0103 spa\u021biu nelimitat pentru informa\u021bii complete.<\/p>\n<p>[\/vc_column_text]<div class=\"gem-button-container gem-button-position-center thegem-button-69e1345be5c72730    \"  ><a title=\"Information\" class=\"gem-button gem-button-size-small gem-button-style-outline gem-button-text-weight-normal gem-button-border-2\" data-ll-effect=\"drop-right-without-wrap\" style=\"border-radius: 0px;\" onmouseleave=\"\" onmouseenter=\"\" href=\"https:\/\/inovalabel.com\/applications\/information\/\" target=\"_self\">mai mult<\/a><\/div> <\/div><\/div><\/div><\/div>[\/vc_column][vc_column width=&#8221;1\/5&#8243;]<div class=\"lazy-loading\" data-ll-item-delay=\"0\"><div class=\"gem-textbox  lazy-loading-item centered-box\"  data-ll-effect=\"move-up\" ><div class=\"gem-textbox-top gem-textbox-top-note-1\"><svg width=\"100%\" height=\"31\" style=\"fill: #f4f6f7;\"><defs><pattern id=\"pattern-1776366683-44\" x=\"11\" y=\"0\" width=\"23\" height=\"32\" patternUnits=\"userSpaceOnUse\" ><path d=\"M20,9h3V0H0v9h3c2.209,0,4,1.791,4,4v6c0,2.209-1.791,4-4,4H0v9h23v-9h-3c-2.209,0-4-1.791-4-4v-6C16,10.791,17.791,9,20,9z\" \/><\/pattern><\/defs><rect x=\"0\" y=\"0\" width=\"100%\" height=\"32\" style=\"fill: url(#pattern-1776366683-44);\" \/><\/svg><\/div><div class=\"gem-textbox-picture centered-box\"><img src=\"https:\/\/inovalabel.com\/wp-content\/uploads\/2021\/06\/Security_Function_1_.jpg\" alt=\"\" class=\"img-responsive\" \/><\/div><div class=\"gem-textbox-inner gem-textbox-after-image\" style=\"\"><div class=\"gem-textbox-content\" style=\"background-color: #f4f6f7;background-position: center top;\">[vc_column_text]<\/p>\n<h5 style=\"text-align: center;\">SECURITATE<\/h5>\n<p>[\/vc_column_text]<div class=\"clearboth\"><\/div><style>#thegem-divider-69e1345be5d2e {margin-top: 20px !important;}<\/style><div id=\"thegem-divider-69e1345be5d2e\" class=\"gem-divider  \" style=\"\" ><\/div>[vc_column_text]<\/p>\n<p style=\"text-align: center;\">Etichete inteligente pentru siguran\u021ba produselor \u0219i a clien\u021bilor.<\/p>\n<p>[\/vc_column_text]<div class=\"clearboth\"><\/div><style>#thegem-divider-69e1345be5d45 {margin-top: 40px !important;}<\/style><div id=\"thegem-divider-69e1345be5d45\" class=\"gem-divider  \" style=\"\" ><\/div><div class=\"gem-button-container gem-button-position-center thegem-button-69e1345be5dcb2903    \"  ><a title=\"Security\" class=\"gem-button gem-button-size-small gem-button-style-outline gem-button-text-weight-normal gem-button-border-2\" data-ll-effect=\"drop-right-without-wrap\" style=\"border-radius: 0px;\" onmouseleave=\"\" onmouseenter=\"\" href=\"https:\/\/inovalabel.com\/applications\/security\/\" target=\"_self\">mai mult<\/a><\/div> <\/div><\/div><\/div><\/div>[\/vc_column][vc_column width=&#8221;1\/5&#8243;]<div class=\"lazy-loading\" data-ll-item-delay=\"0\"><div class=\"gem-textbox  lazy-loading-item centered-box\"  data-ll-effect=\"move-up\" ><div class=\"gem-textbox-top gem-textbox-top-note-1\"><svg width=\"100%\" height=\"31\" style=\"fill: #f4f6f7;\"><defs><pattern id=\"pattern-1776366683-92\" x=\"11\" y=\"0\" width=\"23\" height=\"32\" patternUnits=\"userSpaceOnUse\" ><path d=\"M20,9h3V0H0v9h3c2.209,0,4,1.791,4,4v6c0,2.209-1.791,4-4,4H0v9h23v-9h-3c-2.209,0-4-1.791-4-4v-6C16,10.791,17.791,9,20,9z\" \/><\/pattern><\/defs><rect x=\"0\" y=\"0\" width=\"100%\" height=\"32\" style=\"fill: url(#pattern-1776366683-92);\" \/><\/svg><\/div><div class=\"gem-textbox-picture centered-box\"><img src=\"https:\/\/inovalabel.com\/wp-content\/uploads\/2021\/06\/Security-label_Inovalabel_2.jpg\" alt=\"\" class=\"img-responsive\" \/><\/div><div class=\"gem-textbox-inner gem-textbox-after-image\" style=\"\"><div class=\"gem-textbox-content\" style=\"background-color: #f4f6f7;background-position: center top;\">[vc_column_text]<\/p>\n<h5 style=\"text-align: center;\">FUNC\u0162IONALITATE<\/h5>\n<p>[\/vc_column_text]<div class=\"clearboth\"><\/div><style>#thegem-divider-69e1345be5e85 {margin-top: 20px !important;}<\/style><div id=\"thegem-divider-69e1345be5e85\" class=\"gem-divider  \" style=\"\" ><\/div>[vc_column_text]<\/p>\n<p style=\"text-align: center;\">Solu\u021bii convenabile pentru aplica\u021bii prietenoase pentru clien\u021bi.<\/p>\n<p>[\/vc_column_text]<div class=\"clearboth\"><\/div><style>#thegem-divider-69e1345be5e9d {margin-top: 40px !important;}<\/style><div id=\"thegem-divider-69e1345be5e9d\" class=\"gem-divider  \" style=\"\" ><\/div><div class=\"gem-button-container gem-button-position-center thegem-button-69e1345be5f0d1125    \"  ><a title=\"Function\" class=\"gem-button gem-button-size-small gem-button-style-outline gem-button-text-weight-normal gem-button-border-2\" data-ll-effect=\"drop-right-without-wrap\" style=\"border-radius: 0px;\" onmouseleave=\"\" onmouseenter=\"\" href=\"https:\/\/inovalabel.com\/applications\/function\/\" target=\"_self\">mai mult<\/a><\/div> <\/div><\/div><\/div><\/div>[\/vc_column][\/vc_row]<\/p>\n<p><\/p>\n<\/div>","protected":false},"excerpt":{"rendered":"<p>[vc_row][vc_column width=&#8221;1\/2&#8243;][vc_column_text css_animation=&#8221;bottom-to-top&#8221;] Promo\u021bii [\/vc_column_text][vc_column_text css_animation=&#8221;bottom-to-top&#8221;]Etichetele cu mai multe pagini ofer\u0103 mult spa\u021biu pentru promo\u021bii eficiente. Etichetele tip Leporello, booklet&#8230;<\/p>\n","protected":false},"author":1,"featured_media":26062,"parent":0,"menu_order":1,"comment_status":"closed","ping_status":"closed","template":"","meta":{"om_disable_all_campaigns":false,"footnotes":""},"class_list":["post-25397","page","type-page","status-publish","has-post-thumbnail"],"aioseo_notices":[],"_links":{"self":[{"href":"https:\/\/inovalabel.com\/ro\/wp-json\/wp\/v2\/pages\/25397","targetHints":{"allow":["GET"]}}],"collection":[{"href":"https:\/\/inovalabel.com\/ro\/wp-json\/wp\/v2\/pages"}],"about":[{"href":"https:\/\/inovalabel.com\/ro\/wp-json\/wp\/v2\/types\/page"}],"author":[{"embeddable":true,"href":"https:\/\/inovalabel.com\/ro\/wp-json\/wp\/v2\/users\/1"}],"replies":[{"embeddable":true,"href":"https:\/\/inovalabel.com\/ro\/wp-json\/wp\/v2\/comments?post=25397"}],"version-history":[{"count":24,"href":"https:\/\/inovalabel.com\/ro\/wp-json\/wp\/v2\/pages\/25397\/revisions"}],"predecessor-version":[{"id":27937,"href":"https:\/\/inovalabel.com\/ro\/wp-json\/wp\/v2\/pages\/25397\/revisions\/27937"}],"wp:featuredmedia":[{"embeddable":true,"href":"https:\/\/inovalabel.com\/ro\/wp-json\/wp\/v2\/media\/26062"}],"wp:attachment":[{"href":"https:\/\/inovalabel.com\/ro\/wp-json\/wp\/v2\/media?parent=25397"}],"curies":[{"name":"wp","href":"https:\/\/api.w.org\/{rel}","templated":true}]}}