{"id":25296,"date":"2020-07-31T12:06:16","date_gmt":"2020-07-31T12:06:16","guid":{"rendered":"https:\/\/stefwebdesign.com\/inovalabel\/?page_id=25296"},"modified":"2025-05-19T19:29:54","modified_gmt":"2025-05-19T16:29:54","slug":"applications","status":"publish","type":"page","link":"https:\/\/inovalabel.com\/ro\/applications\/","title":{"rendered":"Aplica\u021bii"},"content":{"rendered":"<div class=\"wpb-content-wrapper\"><p>[vc_row][vc_column offset=&#8221;vc_hidden-sm vc_hidden-xs&#8221;]<div class=\"clearboth\"><\/div><style>#thegem-divider-69e134d69cc48 {margin-top: 90px !important;}<\/style><div id=\"thegem-divider-69e134d69cc48\" class=\"gem-divider  \" style=\"\" ><\/div>[\/vc_column][\/vc_row][vc_row][vc_column width=&#8221;1\/2&#8243;]<div class=\"clearboth\"><\/div><style>#thegem-divider-69e134d69cc85 {margin-top: 33px !important;}<\/style><div id=\"thegem-divider-69e134d69cc85\" class=\"gem-divider  \" style=\"\" ><\/div>[vc_column_text css_animation=&#8221;bottom-to-top&#8221;]<\/p>\n<h2>Parteneriat de \u00eencredere<\/h2>\n<p>[\/vc_column_text][vc_column_text css_animation=&#8221;bottom-to-top&#8221;]<\/p>\n<h4><span class=\"light\">Pentru COMPANIA DUMNEAVOASTR\u0102!<\/span><\/h4>\n<p>[\/vc_column_text][\/vc_column][vc_column width=&#8221;1\/2&#8243; css=&#8221;.vc_custom_1544445689001{background-image: url(https:\/\/inovalabel.com\/wp-content\/uploads\/2018\/11\/worldmap.png?id=24172) !important;background-position: 0 0 !important;background-repeat: no-repeat !important;}&#8221;]<div class=\"clearboth\"><\/div><div id=\"thegem-divider-69e134d69ccb8\" class=\"gem-divider  \" style=\"\" ><\/div>[vc_column_text css_animation=&#8221;bottom-to-top&#8221;]De zeci de ani dezvolt\u0103m proiecte pentru diverse industrii, \u00eempreun\u0103 cu clien\u021bii \u0219i furnizorii no\u0219tri. Pentru noi, inova\u021bia cuprinde toate domeniile, indiferent dac\u0103 sunt tehnologie, marketing sau profitabilitate.<\/p>\n<p>G\u0103sim cea mai bun\u0103 solu\u021bie \u00eempreun\u0103 cu dvs.[\/vc_column_text]<div class=\"clearboth\"><\/div><style>#thegem-divider-69e134d69cceb {margin-top: 110px !important;}#thegem-divider-69e134d69cceb {margin-bottom: 25px !important;}<\/style><div id=\"thegem-divider-69e134d69cceb\" class=\"gem-divider  \" style=\"\" ><\/div>[\/vc_column][\/vc_row][vc_row][vc_column width=&#8221;1\/5&#8243;]<div class=\"lazy-loading\" data-ll-item-delay=\"0\"><div class=\"gem-textbox  lazy-loading-item centered-box\"  data-ll-effect=\"move-up\" ><div class=\"gem-textbox-top gem-textbox-top-note-1\"><svg width=\"100%\" height=\"31\" style=\"fill: #f4f6f7;\"><defs><pattern id=\"pattern-1776366806-28\" x=\"11\" y=\"0\" width=\"23\" height=\"32\" patternUnits=\"userSpaceOnUse\" ><path d=\"M20,9h3V0H0v9h3c2.209,0,4,1.791,4,4v6c0,2.209-1.791,4-4,4H0v9h23v-9h-3c-2.209,0-4-1.791-4-4v-6C16,10.791,17.791,9,20,9z\" \/><\/pattern><\/defs><rect x=\"0\" y=\"0\" width=\"100%\" height=\"32\" style=\"fill: url(#pattern-1776366806-28);\" \/><\/svg><\/div><div class=\"gem-textbox-picture centered-box\"><img src=\"https:\/\/inovalabel.com\/wp-content\/uploads\/2021\/06\/Decoration_Inovalabel_1.jpg\" alt=\"\" class=\"img-responsive\" \/><\/div><div class=\"gem-textbox-inner gem-textbox-after-image\" style=\"\"><div class=\"gem-textbox-content\" style=\"background-color: #f4f6f7;background-position: center top;\">[vc_column_text]<\/p>\n<h5 style=\"text-align: center;\">DECORARE<\/h5>\n<p>[\/vc_column_text]<div class=\"clearboth\"><\/div><style>#thegem-divider-69e134d69cd82 {margin-top: 20px !important;}<\/style><div id=\"thegem-divider-69e134d69cd82\" class=\"gem-divider  \" style=\"\" ><\/div>[vc_column_text]<\/p>\n<p style=\"text-align: center;\">Efectele unice plaseaz\u0103 produsul \u00een lumina reflectoarelor.<\/p>\n<p>[\/vc_column_text]<div class=\"clearboth\"><\/div><style>#thegem-divider-69e134d69cd9a {margin-top: 40px !important;}<\/style><div id=\"thegem-divider-69e134d69cd9a\" class=\"gem-divider  \" style=\"\" ><\/div><div class=\"gem-button-container gem-button-position-center thegem-button-69e134d69ce191780    \"  ><a title=\"Decoration\" class=\"gem-button gem-button-size-small gem-button-style-outline gem-button-text-weight-normal gem-button-border-2\" data-ll-effect=\"drop-right-without-wrap\" style=\"border-radius: 0px;\" onmouseleave=\"\" onmouseenter=\"\" href=\"https:\/\/inovalabel.com\/applications\/decoration\/\" target=\"_self\">mai mult<\/a><\/div> <\/div><\/div><\/div><\/div>[\/vc_column][vc_column width=&#8221;1\/5&#8243;]<div class=\"lazy-loading\" data-ll-item-delay=\"0\"><div class=\"gem-textbox  lazy-loading-item centered-box\"  data-ll-effect=\"move-up\" ><div class=\"gem-textbox-top gem-textbox-top-note-1\"><svg width=\"100%\" height=\"31\" style=\"fill: #f4f6f7;\"><defs><pattern id=\"pattern-1776366806-43\" x=\"11\" y=\"0\" width=\"23\" height=\"32\" patternUnits=\"userSpaceOnUse\" ><path d=\"M20,9h3V0H0v9h3c2.209,0,4,1.791,4,4v6c0,2.209-1.791,4-4,4H0v9h23v-9h-3c-2.209,0-4-1.791-4-4v-6C16,10.791,17.791,9,20,9z\" \/><\/pattern><\/defs><rect x=\"0\" y=\"0\" width=\"100%\" height=\"32\" style=\"fill: url(#pattern-1776366806-43);\" \/><\/svg><\/div><div class=\"gem-textbox-picture centered-box\"><img src=\"https:\/\/inovalabel.com\/wp-content\/uploads\/2021\/06\/promotion_3__.jpg\" alt=\"\" class=\"img-responsive\" \/><\/div><div class=\"gem-textbox-inner gem-textbox-after-image\" style=\"\"><div class=\"gem-textbox-content\" style=\"background-color: #f4f6f7;background-position: center top;\">[vc_column_text]<\/p>\n<h5 style=\"text-align: center;\">PROMO\u021aII<\/h5>\n<p>[\/vc_column_text]<div class=\"clearboth\"><\/div><style>#thegem-divider-69e134d69cedc {margin-top: 20px !important;}<\/style><div id=\"thegem-divider-69e134d69cedc\" class=\"gem-divider  \" style=\"\" ><\/div>[vc_column_text]<\/p>\n<p style=\"text-align: center;\">Etichetele cu mai multe pagini ofer\u0103 mult spa\u021biu pentru promo\u021bii eficiente.<\/p>\n<p>[\/vc_column_text]<div class=\"clearboth\"><\/div><style>#thegem-divider-69e134d69cef7 {margin-top: 40px !important;}<\/style><div id=\"thegem-divider-69e134d69cef7\" class=\"gem-divider  \" style=\"\" ><\/div><div class=\"gem-button-container gem-button-position-center thegem-button-69e134d69cf6c7889    \"  ><a title=\"Promotion\" class=\"gem-button gem-button-size-small gem-button-style-outline gem-button-text-weight-normal gem-button-border-2\" data-ll-effect=\"drop-right-without-wrap\" style=\"border-radius: 0px;\" onmouseleave=\"\" onmouseenter=\"\" href=\"https:\/\/inovalabel.com\/applications\/promotion\/\" target=\"_self\">mai mult<\/a><\/div> <\/div><\/div><\/div><\/div>[\/vc_column][vc_column width=&#8221;1\/5&#8243;]<div class=\"lazy-loading\" data-ll-item-delay=\"0\"><div class=\"gem-textbox  lazy-loading-item centered-box\"  data-ll-effect=\"move-up\" ><div class=\"gem-textbox-top gem-textbox-top-note-1\"><svg width=\"100%\" height=\"31\" style=\"fill: #f4f6f7;\"><defs><pattern id=\"pattern-1776366806-86\" x=\"11\" y=\"0\" width=\"23\" height=\"32\" patternUnits=\"userSpaceOnUse\" ><path d=\"M20,9h3V0H0v9h3c2.209,0,4,1.791,4,4v6c0,2.209-1.791,4-4,4H0v9h23v-9h-3c-2.209,0-4-1.791-4-4v-6C16,10.791,17.791,9,20,9z\" \/><\/pattern><\/defs><rect x=\"0\" y=\"0\" width=\"100%\" height=\"32\" style=\"fill: url(#pattern-1776366806-86);\" \/><\/svg><\/div><div class=\"gem-textbox-picture centered-box\"><img src=\"https:\/\/inovalabel.com\/wp-content\/uploads\/2021\/06\/Multipage_Inovalabel_1-scaled.jpg\" alt=\"\" class=\"img-responsive\" \/><\/div><div class=\"gem-textbox-inner gem-textbox-after-image\" style=\"\"><div class=\"gem-textbox-content\" style=\"background-color: #f4f6f7;background-position: center top;\">[vc_column_text]<\/p>\n<h5 style=\"text-align: center;\">INFORMA\u021aII<\/h5>\n<p>[\/vc_column_text]<div class=\"clearboth\"><\/div><style>#thegem-divider-69e134d69d026 {margin-top: 20px !important;}<\/style><div id=\"thegem-divider-69e134d69d026\" class=\"gem-divider  \" style=\"\" ><\/div>[vc_column_text]<\/p>\n<p style=\"text-align: center;\">Etichetele multipagin\u0103 ofer\u0103 spa\u021biu nelimitat pentru informa\u021bii complete.<\/p>\n<p>[\/vc_column_text]<div class=\"gem-button-container gem-button-position-center thegem-button-69e134d69d0a637    \"  ><a title=\"Information\" class=\"gem-button gem-button-size-small gem-button-style-outline gem-button-text-weight-normal gem-button-border-2\" data-ll-effect=\"drop-right-without-wrap\" style=\"border-radius: 0px;\" onmouseleave=\"\" onmouseenter=\"\" href=\"https:\/\/inovalabel.com\/applications\/information\/\" target=\"_self\">mai mult<\/a><\/div> <\/div><\/div><\/div><\/div>[\/vc_column][vc_column width=&#8221;1\/5&#8243;]<div class=\"lazy-loading\" data-ll-item-delay=\"0\"><div class=\"gem-textbox  lazy-loading-item centered-box\"  data-ll-effect=\"move-up\" ><div class=\"gem-textbox-top gem-textbox-top-note-1\"><svg width=\"100%\" height=\"31\" style=\"fill: #f4f6f7;\"><defs><pattern id=\"pattern-1776366806-61\" x=\"11\" y=\"0\" width=\"23\" height=\"32\" patternUnits=\"userSpaceOnUse\" ><path d=\"M20,9h3V0H0v9h3c2.209,0,4,1.791,4,4v6c0,2.209-1.791,4-4,4H0v9h23v-9h-3c-2.209,0-4-1.791-4-4v-6C16,10.791,17.791,9,20,9z\" \/><\/pattern><\/defs><rect x=\"0\" y=\"0\" width=\"100%\" height=\"32\" style=\"fill: url(#pattern-1776366806-61);\" \/><\/svg><\/div><div class=\"gem-textbox-picture centered-box\"><img src=\"https:\/\/inovalabel.com\/wp-content\/uploads\/2021\/06\/Security_Function_1_.jpg\" alt=\"\" class=\"img-responsive\" \/><\/div><div class=\"gem-textbox-inner gem-textbox-after-image\" style=\"\"><div class=\"gem-textbox-content\" style=\"background-color: #f4f6f7;background-position: center top;\">[vc_column_text]<\/p>\n<h5 style=\"text-align: center;\">SECURITATE<\/h5>\n<p>[\/vc_column_text]<div class=\"clearboth\"><\/div><style>#thegem-divider-69e134d69d161 {margin-top: 20px !important;}<\/style><div id=\"thegem-divider-69e134d69d161\" class=\"gem-divider  \" style=\"\" ><\/div>[vc_column_text]<\/p>\n<p style=\"text-align: center;\">Etichete inteligente pentru siguran\u021ba produselor \u0219i a clien\u021bilor.<\/p>\n<p>[\/vc_column_text]<div class=\"clearboth\"><\/div><style>#thegem-divider-69e134d69d17b {margin-top: 40px !important;}<\/style><div id=\"thegem-divider-69e134d69d17b\" class=\"gem-divider  \" style=\"\" ><\/div><div class=\"gem-button-container gem-button-position-center thegem-button-69e134d69d1ed466    \"  ><a title=\"Security\" class=\"gem-button gem-button-size-small gem-button-style-outline gem-button-text-weight-normal gem-button-border-2\" data-ll-effect=\"drop-right-without-wrap\" style=\"border-radius: 0px;\" onmouseleave=\"\" onmouseenter=\"\" href=\"https:\/\/inovalabel.com\/applications\/security\/\" target=\"_self\">mai mult<\/a><\/div> <\/div><\/div><\/div><\/div>[\/vc_column][vc_column width=&#8221;1\/5&#8243;]<div class=\"lazy-loading\" data-ll-item-delay=\"0\"><div class=\"gem-textbox  lazy-loading-item centered-box\"  data-ll-effect=\"move-up\" ><div class=\"gem-textbox-top gem-textbox-top-note-1\"><svg width=\"100%\" height=\"31\" style=\"fill: #f4f6f7;\"><defs><pattern id=\"pattern-1776366806-3\" x=\"11\" y=\"0\" width=\"23\" height=\"32\" patternUnits=\"userSpaceOnUse\" ><path d=\"M20,9h3V0H0v9h3c2.209,0,4,1.791,4,4v6c0,2.209-1.791,4-4,4H0v9h23v-9h-3c-2.209,0-4-1.791-4-4v-6C16,10.791,17.791,9,20,9z\" \/><\/pattern><\/defs><rect x=\"0\" y=\"0\" width=\"100%\" height=\"32\" style=\"fill: url(#pattern-1776366806-3);\" \/><\/svg><\/div><div class=\"gem-textbox-picture centered-box\"><img src=\"https:\/\/inovalabel.com\/wp-content\/uploads\/2021\/06\/Security-label_Inovalabel_2.jpg\" alt=\"\" class=\"img-responsive\" \/><\/div><div class=\"gem-textbox-inner gem-textbox-after-image\" style=\"\"><div class=\"gem-textbox-content\" style=\"background-color: #f4f6f7;background-position: center top;\">[vc_column_text]<\/p>\n<h5 style=\"text-align: center;\">FUNC\u0162IONALITATE<\/h5>\n<p>[\/vc_column_text]<div class=\"clearboth\"><\/div><style>#thegem-divider-69e134d69d2a6 {margin-top: 20px !important;}<\/style><div id=\"thegem-divider-69e134d69d2a6\" class=\"gem-divider  \" style=\"\" ><\/div>[vc_column_text]<\/p>\n<p style=\"text-align: center;\">Solu\u021bii convenabile pentru aplica\u021bii prietenoase pentru clien\u021bi.<\/p>\n<p>[\/vc_column_text]<div class=\"clearboth\"><\/div><style>#thegem-divider-69e134d69d2c0 {margin-top: 40px !important;}<\/style><div id=\"thegem-divider-69e134d69d2c0\" class=\"gem-divider  \" style=\"\" ><\/div><div class=\"gem-button-container gem-button-position-center thegem-button-69e134d69d3311204    \"  ><a title=\"Function\" class=\"gem-button gem-button-size-small gem-button-style-outline gem-button-text-weight-normal gem-button-border-2\" data-ll-effect=\"drop-right-without-wrap\" style=\"border-radius: 0px;\" onmouseleave=\"\" onmouseenter=\"\" href=\"https:\/\/inovalabel.com\/applications\/function\/\" target=\"_self\">mai mult<\/a><\/div> <\/div><\/div><\/div><\/div>[\/vc_column][\/vc_row][vc_row disable_element=&#8221;yes&#8221;][vc_column offset=&#8221;vc_hidden-xs&#8221;]<div class=\"clearboth\"><\/div><style>#thegem-divider-69e134d69d383 {margin-top: 70px !important;}<\/style><div id=\"thegem-divider-69e134d69d383\" class=\"gem-divider  \" style=\"\" ><\/div>[\/vc_column][\/vc_row][vc_row disable_element=&#8221;yes&#8221;][vc_column]<div id=\"fullwidth-block-69e134d69d3e4\" class=\"fullwidth-block fullwidth-block-parallax-vertical clearfix\" data-mobile-parallax-enable=\"0\" style=\"\"><script type=\"text\/javascript\">if (typeof(gem_fix_fullwidth_position) == \"function\") { gem_fix_fullwidth_position(document.getElementById(\"fullwidth-block-69e134d69d3e4\")); }<\/script><div class=\"fullwidth-block-background\" style=\"background-image: url(https:\/\/inovalabel.com\/wp-content\/uploads\/2018\/11\/8.jpg);background-repeat: no-repeat; background-size: cover;background-position: center top;\"><\/div><div class=\"fullwidth-block-inner\"><div class=\"container\"><div class=\"clearboth\"><\/div><style>#thegem-divider-69e134d69d41a {margin-top: 50px !important;}<\/style><div id=\"thegem-divider-69e134d69d41a\" class=\"gem-divider  \" style=\"\" ><\/div><div data-number-format=\"(ddd).ddd\" class=\"gem-counter-box row inline-row inline-row-center gem-counter-style-2 lazy-loading lazy-loading-not-hide\" ><div class=\"gem-counter col-md-4 col-sm-6 col-xs-12 inline-column gem-counter-effect-simple\" ><div class=\"gem-counter-inner\"><div class=\"gem-counter-icon\"><div class=\"gem-counter-icon-circle-1\" style=\"border-color: #febd11;\"><div class=\"gem-counter-icon-circle-2\" style=\"border-color: #febd11;\"><div class=\"gem-icon gem-icon-pack-material gem-icon-size-medium  gem-icon-shape-circle gem-simple-icon\"  style=\"opacity: 1;\"><div class=\"gem-icon-inner\" style=\"\"><span class=\"gem-icon-half-1\" style=\"color: #febd11;\"><span class=\"back-angle\">&#xf221;<\/span><\/span><span class=\"gem-icon-half-2\" style=\"color: #febd11;\"><span class=\"back-angle\">&#xf221;<\/span><\/span><\/div><\/div><\/div><\/div><\/div><div class=\"gem-counter-number\" style=\"color: #ffffff\"><div class=\"gem-counter-odometer\" data-to=\"20\">0<\/div><\/div><div class=\"gem-counter-text styled-subtitle\" style=\"color: #ffffff\">Miliarde de etichete fabricate din 1996<\/div><\/div><\/div><div class=\"gem-counter col-md-4 col-sm-6 col-xs-12 inline-column gem-counter-effect-simple\" ><div class=\"gem-counter-inner\"><div class=\"gem-counter-icon\"><div class=\"gem-counter-icon-circle-1\" style=\"border-color: #febd11;\"><div class=\"gem-counter-icon-circle-2\" style=\"border-color: #febd11;\"><div class=\"gem-icon gem-icon-pack-material gem-icon-size-medium  gem-icon-shape-circle gem-simple-icon\"  style=\"opacity: 1;\"><div class=\"gem-icon-inner\" style=\"\"><span class=\"gem-icon-half-1\" style=\"color: #febd11;\"><span class=\"back-angle\">&#xf37b;<\/span><\/span><span class=\"gem-icon-half-2\" style=\"color: #febd11;\"><span class=\"back-angle\">&#xf37b;<\/span><\/span><\/div><\/div><\/div><\/div><\/div><div class=\"gem-counter-number\" style=\"color: #ffffff\"><div class=\"gem-counter-odometer\" data-to=\"1\">0<\/div><\/div><div class=\"gem-counter-text styled-subtitle\" style=\"color: #ffffff\">Miliard de etichete realizate anual<\/div><\/div><\/div><div class=\"gem-counter col-md-4 col-sm-6 col-xs-12 inline-column gem-counter-effect-simple\" ><div class=\"gem-counter-inner\"><div class=\"gem-counter-icon\"><div class=\"gem-counter-icon-circle-1\" style=\"border-color: #febd11;\"><div class=\"gem-counter-icon-circle-2\" style=\"border-color: #febd11;\"><div class=\"gem-icon gem-icon-pack-material gem-icon-size-medium  gem-icon-shape-circle gem-simple-icon\"  style=\"opacity: 1;\"><div class=\"gem-icon-inner\" style=\"\"><span class=\"gem-icon-half-1\" style=\"color: #febd11;\"><span class=\"back-angle\">&#xf1f9;<\/span><\/span><span class=\"gem-icon-half-2\" style=\"color: #febd11;\"><span class=\"back-angle\">&#xf1f9;<\/span><\/span><\/div><\/div><\/div><\/div><\/div><div class=\"gem-counter-number\" style=\"color: #ffffff\"><div class=\"gem-counter-odometer\" data-to=\"5\">0<\/div><span class=\"gem-counter-suffix\">+<\/span><\/div><div class=\"gem-counter-text styled-subtitle\" style=\"color: #ffffff\">Milioane \u20ac investi\u021bi<\/div><\/div><\/div><\/div><\/div><\/div><\/div>[\/vc_column][\/vc_row][vc_row disable_element=&#8221;yes&#8221;][vc_column]<div class=\"clearboth\"><\/div><style>#thegem-divider-69e134d69d60a {margin-top: 64px !important;}<\/style><div id=\"thegem-divider-69e134d69d60a\" class=\"gem-divider  \" style=\"\" ><\/div>[\/vc_column][\/vc_row][vc_row disable_element=&#8221;yes&#8221;][vc_column]<div class=\"preloader\"><div class=\"preloader-spin\"><\/div><\/div> <div class=\"gem-gallery gem-gallery-hover-zooming-blur\" data-autoscroll=\"5000\"> <div class=\"gem-gallery-item\"> <div class=\"gem-gallery-item-image\"> <a href=\"https:\/\/inovalabel.com\/wp-content\/uploads\/2020\/09\/Sachets_1-thegem-gallery-fullwidth.jpg\" data-fancybox-group=\"gallery-69e134d69d6ee\" data-full-image-url=\"https:\/\/inovalabel.com\/wp-content\/uploads\/2020\/09\/Sachets_1.jpg\"> <svg width=\"20\" height=\"10\"><path d=\"M 0,10 Q 9,9 10,0 Q 11,9 20,10\" \/><\/svg> <img src=\"https:\/\/inovalabel.com\/wp-content\/uploads\/2020\/09\/Sachets_1-thegem-post-thumb-small.jpg\" alt=\"Inovalabel-Sachets\" class=\"img-responsive\"> <span class=\"gem-gallery-caption slide-info\"> <\/span> <\/a> <span class=\"gem-gallery-line\"><\/span> <\/div> <\/div> <div class=\"gem-gallery-item\"> <div class=\"gem-gallery-item-image\"> <a href=\"https:\/\/inovalabel.com\/wp-content\/uploads\/2020\/09\/Sachets_2-thegem-gallery-fullwidth.jpg\" data-fancybox-group=\"gallery-69e134d69d6ee\" data-full-image-url=\"https:\/\/inovalabel.com\/wp-content\/uploads\/2020\/09\/Sachets_2.jpg\"> <svg width=\"20\" height=\"10\"><path d=\"M 0,10 Q 9,9 10,0 Q 11,9 20,10\" \/><\/svg> <img src=\"https:\/\/inovalabel.com\/wp-content\/uploads\/2020\/09\/Sachets_2-thegem-post-thumb-small.jpg\" alt=\"Inovalabel-Sachets\" class=\"img-responsive\"> <span class=\"gem-gallery-caption slide-info\"> <\/span> <\/a> <span class=\"gem-gallery-line\"><\/span> <\/div> <\/div> <div class=\"gem-gallery-item\"> <div class=\"gem-gallery-item-image\"> <a href=\"https:\/\/inovalabel.com\/wp-content\/uploads\/2020\/09\/Sachets_3-thegem-gallery-fullwidth.jpg\" data-fancybox-group=\"gallery-69e134d69d6ee\" data-full-image-url=\"https:\/\/inovalabel.com\/wp-content\/uploads\/2020\/09\/Sachets_3.jpg\"> <svg width=\"20\" height=\"10\"><path d=\"M 0,10 Q 9,9 10,0 Q 11,9 20,10\" \/><\/svg> <img src=\"https:\/\/inovalabel.com\/wp-content\/uploads\/2020\/09\/Sachets_3-thegem-post-thumb-small.jpg\" alt=\"Inovalabel-Sachets\" class=\"img-responsive\"> <span class=\"gem-gallery-caption slide-info\"> <\/span> <\/a> <span class=\"gem-gallery-line\"><\/span> <\/div> <\/div> <\/div>[\/vc_column][\/vc_row][vc_row][vc_column][vc_row_inner css=&#8221;.vc_custom_1542203551526{margin-top: 0px !important;margin-bottom: 0px !important;padding-top: 0px !important;padding-bottom: 0px !important;}&#8221;][vc_column_inner offset=&#8221;vc_hidden-xs&#8221; css=&#8221;.vc_custom_1542203561046{margin-top: 0px !important;margin-bottom: 0px !important;padding-top: 0px !important;padding-bottom: 0px !important;}&#8221;]<div class=\"clearboth\"><\/div><style>#thegem-divider-69e134d69d88b {margin-top: 40px !important;}<\/style><div id=\"thegem-divider-69e134d69d88b\" class=\"gem-divider  \" style=\"\" ><\/div>[\/vc_column_inner][\/vc_row_inner]<div style=''  class=\"gem-quote gem-quote-style-1 gem-quote-no-paddings custom-color-blockqute-mark-added\" ><blockquote  ><\/p>\n<div class=\"styled-subtitle\" style=\"text-align: center;\">Pentru o solu\u0163ie optim\u0103, adaptat\u0103 nevoilor Dvs., v\u0103 rug\u0103m\u00a0<a title=\"Contact\" href=\"https:\/\/inovalabel.com\/contact-us\/\">contacta\u0163i<\/a>\u00a0Consultantul Dvs. de v\u00e2nz\u0103ri. Noi suntem specialistul Dvs., de la design, p\u00e2n\u0103 la etichetare.<\/div>\n<p><\/blockquote><span style=color:#febd11;  class=\"custom-color-blockqute-mark\">&#xe60c;<\/span><\/div>[\/vc_column][\/vc_row]<\/p>\n<\/div>","protected":false},"excerpt":{"rendered":"<p>[vc_row][vc_column offset=&#8221;vc_hidden-sm vc_hidden-xs&#8221;][\/vc_column][\/vc_row][vc_row][vc_column width=&#8221;1\/2&#8243;][vc_column_text css_animation=&#8221;bottom-to-top&#8221;] Parteneriat de \u00eencredere [\/vc_column_text][vc_column_text css_animation=&#8221;bottom-to-top&#8221;] Pentru COMPANIA DUMNEAVOASTR\u0102! [\/vc_column_text][\/vc_column][vc_column width=&#8221;1\/2&#8243; css=&#8221;.vc_custom_1544445689001{background-image: url(https:\/\/inovalabel.com\/wp-content\/uploads\/2018\/11\/worldmap.png?id=24172) !important;background-position: 0 0&#8230;<\/p>\n","protected":false},"author":1,"featured_media":26103,"parent":0,"menu_order":0,"comment_status":"closed","ping_status":"closed","template":"","meta":{"om_disable_all_campaigns":false,"footnotes":""},"class_list":["post-25296","page","type-page","status-publish","has-post-thumbnail"],"aioseo_notices":[],"_links":{"self":[{"href":"https:\/\/inovalabel.com\/ro\/wp-json\/wp\/v2\/pages\/25296","targetHints":{"allow":["GET"]}}],"collection":[{"href":"https:\/\/inovalabel.com\/ro\/wp-json\/wp\/v2\/pages"}],"about":[{"href":"https:\/\/inovalabel.com\/ro\/wp-json\/wp\/v2\/types\/page"}],"author":[{"embeddable":true,"href":"https:\/\/inovalabel.com\/ro\/wp-json\/wp\/v2\/users\/1"}],"replies":[{"embeddable":true,"href":"https:\/\/inovalabel.com\/ro\/wp-json\/wp\/v2\/comments?post=25296"}],"version-history":[{"count":56,"href":"https:\/\/inovalabel.com\/ro\/wp-json\/wp\/v2\/pages\/25296\/revisions"}],"predecessor-version":[{"id":27971,"href":"https:\/\/inovalabel.com\/ro\/wp-json\/wp\/v2\/pages\/25296\/revisions\/27971"}],"wp:featuredmedia":[{"embeddable":true,"href":"https:\/\/inovalabel.com\/ro\/wp-json\/wp\/v2\/media\/26103"}],"wp:attachment":[{"href":"https:\/\/inovalabel.com\/ro\/wp-json\/wp\/v2\/media?parent=25296"}],"curies":[{"name":"wp","href":"https:\/\/api.w.org\/{rel}","templated":true}]}}