{"id":25288,"date":"2020-07-31T11:55:58","date_gmt":"2020-07-31T08:55:58","guid":{"rendered":"https:\/\/stefwebdesign.com\/inovalabel\/?page_id=25288"},"modified":"2025-02-18T12:36:39","modified_gmt":"2025-02-18T10:36:39","slug":"sachets","status":"publish","type":"page","link":"https:\/\/inovalabel.com\/ro\/sachets\/","title":{"rendered":"Plicurile cu \u0218erve\u021bele"},"content":{"rendered":"<div class=\"wpb-content-wrapper\"><p>[vc_row][vc_column width=&#8221;1\/2&#8243;]<div class=\"clearboth\"><\/div><style>#thegem-divider-69e198bb70490 {margin-top: 40px !important;}<\/style><div id=\"thegem-divider-69e198bb70490\" class=\"gem-divider  \" style=\"\" ><\/div>[vc_column_text css_animation=&#8221;bottom-to-top&#8221;]<\/p>\n<h2>Plicurile cu \u0218erve\u021bele<\/h2>\n<p>[\/vc_column_text]<div class=\"clearboth\"><\/div><style>#thegem-divider-69e198bb704b9 {margin-top: 10px !important;}<\/style><div id=\"thegem-divider-69e198bb704b9\" class=\"gem-divider  \" style=\"\" ><\/div>[vc_column_text css_animation=&#8221;bottom-to-top&#8221;]<strong>Valoare ad\u0103ugat\u0103 sigur\u0103 pentru produsul dvs.<\/strong><\/p>\n<p>\u0218erve\u021bele de igien\u0103 Inovalabel cur\u0103\u021b\u0103 u\u0219or m\u00e2inile \u0219i suprafe\u021bele \u0219i le dezinfecteaz\u0103. Plicurile practice sunt un \u00eenso\u021bitor de \u00eencredere \u00een via\u021ba de zi cu zi. Direct pe produs, acestea ofer\u0103 clien\u021bilor o valoare ad\u0103ugat\u0103 sigur\u0103 \u0219i pot fi proiectate eficient pentru publicitate atractiv\u0103.<\/p>\n<p>\u0218erve\u021belele Inovalabel permit diferite aplica\u021bii:<\/p>\n<ul>\n<li>\u0218erve\u021bele medicale: \u0219erve\u021bele dezinfectante pentru sectorul medical, conform regulamentelor produselorbiocide.<\/li>\n<li>Plicuri business: \u0219erve\u021bele de igien\u0103 \u00een plicuri tip\u0103rite, ca inserturi pe produs, atractive pentru clien\u021bi.<\/li>\n<li>Plicuri promo\u021bionale: plicurile tip\u0103rite individual oferite la rol\u0103 pot fi aplicate direct pe produsul dvs.<\/li>\n<\/ul>\n<p>[\/vc_column_text][\/vc_column][vc_column width=&#8221;1\/2&#8243;]<div class=\"preloader\"><div class=\"preloader-spin\"><\/div><\/div> <div class=\"gem-gallery gem-gallery-hover-zooming-blur\" data-autoscroll=\"5000\"> <div class=\"gem-gallery-item\"> <div class=\"gem-gallery-item-image\"> <a href=\"https:\/\/inovalabel.com\/wp-content\/uploads\/2020\/09\/Sachets_1-thegem-gallery-fullwidth.jpg\" data-fancybox-group=\"gallery-69e198bb7057e\" data-full-image-url=\"https:\/\/inovalabel.com\/wp-content\/uploads\/2020\/09\/Sachets_1.jpg\"> <svg width=\"20\" height=\"10\"><path d=\"M 0,10 Q 9,9 10,0 Q 11,9 20,10\" \/><\/svg> <img src=\"https:\/\/inovalabel.com\/wp-content\/uploads\/2020\/09\/Sachets_1-thegem-post-thumb-small.jpg\" alt=\"Inovalabel-Sachets\" class=\"img-responsive\"> <span class=\"gem-gallery-caption slide-info\"> <\/span> <\/a> <span class=\"gem-gallery-line\"><\/span> <\/div> <\/div> <div class=\"gem-gallery-item\"> <div class=\"gem-gallery-item-image\"> <a href=\"https:\/\/inovalabel.com\/wp-content\/uploads\/2020\/09\/Sachets_2-thegem-gallery-fullwidth.jpg\" data-fancybox-group=\"gallery-69e198bb7057e\" data-full-image-url=\"https:\/\/inovalabel.com\/wp-content\/uploads\/2020\/09\/Sachets_2.jpg\"> <svg width=\"20\" height=\"10\"><path d=\"M 0,10 Q 9,9 10,0 Q 11,9 20,10\" \/><\/svg> <img src=\"https:\/\/inovalabel.com\/wp-content\/uploads\/2020\/09\/Sachets_2-thegem-post-thumb-small.jpg\" alt=\"Inovalabel-Sachets\" class=\"img-responsive\"> <span class=\"gem-gallery-caption slide-info\"> <\/span> <\/a> <span class=\"gem-gallery-line\"><\/span> <\/div> <\/div> <div class=\"gem-gallery-item\"> <div class=\"gem-gallery-item-image\"> <a href=\"https:\/\/inovalabel.com\/wp-content\/uploads\/2020\/09\/Sachets_3-thegem-gallery-fullwidth.jpg\" data-fancybox-group=\"gallery-69e198bb7057e\" data-full-image-url=\"https:\/\/inovalabel.com\/wp-content\/uploads\/2020\/09\/Sachets_3.jpg\"> <svg width=\"20\" height=\"10\"><path d=\"M 0,10 Q 9,9 10,0 Q 11,9 20,10\" \/><\/svg> <img src=\"https:\/\/inovalabel.com\/wp-content\/uploads\/2020\/09\/Sachets_3-thegem-post-thumb-small.jpg\" alt=\"Inovalabel-Sachets\" class=\"img-responsive\"> <span class=\"gem-gallery-caption slide-info\"> <\/span> <\/a> <span class=\"gem-gallery-line\"><\/span> <\/div> <\/div> <\/div>[\/vc_column][\/vc_row][vc_row][vc_column][vc_row_inner css=&#8221;.vc_custom_1542203551526{margin-top: 0px !important;margin-bottom: 0px !important;padding-top: 0px !important;padding-bottom: 0px !important;}&#8221;][vc_column_inner offset=&#8221;vc_hidden-xs&#8221; css=&#8221;.vc_custom_1542203561046{margin-top: 0px !important;margin-bottom: 0px !important;padding-top: 0px !important;padding-bottom: 0px !important;}&#8221;]<div class=\"clearboth\"><\/div><style>#thegem-divider-69e198bb706de {margin-top: 40px !important;}<\/style><div id=\"thegem-divider-69e198bb706de\" class=\"gem-divider  \" style=\"\" ><\/div>[\/vc_column_inner][\/vc_row_inner]<div style=''  class=\"gem-quote gem-quote-style-1 gem-quote-no-paddings custom-color-blockqute-mark-added\" ><blockquote  ><\/p>\n<div class=\"styled-subtitle\" style=\"text-align: center;\">Valoare ad\u0103ugat\u0103 sigur\u0103 pentru produsul dvs.<\/div>\n<p><\/blockquote><span style=color:#febd11;  class=\"custom-color-blockqute-mark\">&#xe60c;<\/span><\/div>[\/vc_column][\/vc_row][vc_row][vc_column width=&#8221;1\/4&#8243;]<div class=\"lazy-loading\" data-ll-item-delay=\"0\"><div class=\"gem-textbox  lazy-loading-item centered-box\"  data-ll-effect=\"move-up\" ><div class=\"gem-textbox-top gem-textbox-top-note-1\"><svg width=\"100%\" height=\"31\" style=\"fill: #f4f6f7;\"><defs><pattern id=\"pattern-1776392379-44\" x=\"11\" y=\"0\" width=\"23\" height=\"32\" patternUnits=\"userSpaceOnUse\" ><path d=\"M20,9h3V0H0v9h3c2.209,0,4,1.791,4,4v6c0,2.209-1.791,4-4,4H0v9h23v-9h-3c-2.209,0-4-1.791-4-4v-6C16,10.791,17.791,9,20,9z\" \/><\/pattern><\/defs><rect x=\"0\" y=\"0\" width=\"100%\" height=\"32\" style=\"fill: url(#pattern-1776392379-44);\" \/><\/svg><\/div><div class=\"gem-textbox-picture centered-box\"><img src=\"https:\/\/inovalabel.com\/wp-content\/uploads\/2021\/06\/Decoration_Inovalabel_2_.jpg\" alt=\"\" class=\"img-responsive\" \/><\/div><div class=\"gem-textbox-inner gem-textbox-after-image\" style=\"\"><div class=\"gem-textbox-content\" style=\"background-color: #f4f6f7;background-position: center top;\">[vc_column_text]<\/p>\n<h5 style=\"text-align: center;\">Etichetele autoadezive<\/h5>\n<p>[\/vc_column_text]<div class=\"clearboth\"><\/div><style>#thegem-divider-69e198bb70768 {margin-top: 20px !important;}<\/style><div id=\"thegem-divider-69e198bb70768\" class=\"gem-divider  \" style=\"\" ><\/div>[vc_column_text]<\/p>\n<p style=\"text-align: center;\">Modul perfect de a marca produse.<\/p>\n<p>[\/vc_column_text]<div class=\"clearboth\"><\/div><style>#thegem-divider-69e198bb7078e {margin-top: 45px !important;}<\/style><div id=\"thegem-divider-69e198bb7078e\" class=\"gem-divider  \" style=\"\" ><\/div><div class=\"gem-button-container gem-button-position-center thegem-button-69e198bb707fc4239    \"  ><a title=\"Self-Adhesive Labels\" class=\"gem-button gem-button-size-small gem-button-style-outline gem-button-text-weight-normal gem-button-border-2\" data-ll-effect=\"drop-right-without-wrap\" style=\"border-radius: 0px;\" onmouseleave=\"\" onmouseenter=\"\" href=\"https:\/\/inovalabel.com\/products\/self-adhesive-labels\/\" target=\"_self\">Mai Mult<\/a><\/div> <\/div><\/div><\/div><\/div>[\/vc_column][vc_column width=&#8221;1\/4&#8243;]<div class=\"lazy-loading\" data-ll-item-delay=\"0\"><div class=\"gem-textbox  lazy-loading-item centered-box\"  data-ll-effect=\"move-up\" ><div class=\"gem-textbox-top gem-textbox-top-note-1\"><svg width=\"100%\" height=\"31\" style=\"fill: #f4f6f7;\"><defs><pattern id=\"pattern-1776392379-20\" x=\"11\" y=\"0\" width=\"23\" height=\"32\" patternUnits=\"userSpaceOnUse\" ><path d=\"M20,9h3V0H0v9h3c2.209,0,4,1.791,4,4v6c0,2.209-1.791,4-4,4H0v9h23v-9h-3c-2.209,0-4-1.791-4-4v-6C16,10.791,17.791,9,20,9z\" \/><\/pattern><\/defs><rect x=\"0\" y=\"0\" width=\"100%\" height=\"32\" style=\"fill: url(#pattern-1776392379-20);\" \/><\/svg><\/div><div class=\"gem-textbox-picture centered-box\"><img src=\"https:\/\/inovalabel.com\/wp-content\/uploads\/2020\/10\/Multipage_Inovalabel_1_.jpg\" alt=\"\" class=\"img-responsive\" \/><\/div><div class=\"gem-textbox-inner gem-textbox-after-image\" style=\"\"><div class=\"gem-textbox-content\" style=\"background-color: #f4f6f7;background-position: center top;\">[vc_column_text]<\/p>\n<h5 style=\"text-align: center;\">Etichete multipagin\u0103<\/h5>\n<p>[\/vc_column_text]<div class=\"clearboth\"><\/div><style>#thegem-divider-69e198bb708a6 {margin-top: 20px !important;}<\/style><div id=\"thegem-divider-69e198bb708a6\" class=\"gem-divider  \" style=\"\" ><\/div>[vc_column_text]<\/p>\n<p style=\"text-align: center;\">Mult spa\u021biu pentru creativitate, informa\u021bii \u0219i promo\u021bii.<\/p>\n<p>[\/vc_column_text]<div class=\"clearboth\"><\/div><style>#thegem-divider-69e198bb708bc {margin-top: 20px !important;}<\/style><div id=\"thegem-divider-69e198bb708bc\" class=\"gem-divider  \" style=\"\" ><\/div><div class=\"gem-button-container gem-button-position-center thegem-button-69e198bb70922275    \"  ><a title=\"Multi-Page Labels\" class=\"gem-button gem-button-size-small gem-button-style-outline gem-button-text-weight-normal gem-button-border-2\" data-ll-effect=\"drop-right-without-wrap\" style=\"border-radius: 0px;\" onmouseleave=\"\" onmouseenter=\"\" href=\"https:\/\/inovalabel.com\/products\/multi-page-labels\/\" target=\"_self\">Mai Mult<\/a><\/div> <\/div><\/div><\/div><\/div>[\/vc_column][vc_column width=&#8221;1\/4&#8243;]<div class=\"lazy-loading\" data-ll-item-delay=\"0\"><div class=\"gem-textbox  lazy-loading-item centered-box\"  data-ll-effect=\"move-up\" ><div class=\"gem-textbox-top gem-textbox-top-note-1\"><svg width=\"100%\" height=\"31\" style=\"fill: #f4f6f7;\"><defs><pattern id=\"pattern-1776392379-4\" x=\"11\" y=\"0\" width=\"23\" height=\"32\" patternUnits=\"userSpaceOnUse\" ><path d=\"M20,9h3V0H0v9h3c2.209,0,4,1.791,4,4v6c0,2.209-1.791,4-4,4H0v9h23v-9h-3c-2.209,0-4-1.791-4-4v-6C16,10.791,17.791,9,20,9z\" \/><\/pattern><\/defs><rect x=\"0\" y=\"0\" width=\"100%\" height=\"32\" style=\"fill: url(#pattern-1776392379-4);\" \/><\/svg><\/div><div class=\"gem-textbox-picture centered-box\"><img src=\"https:\/\/inovalabel.com\/wp-content\/uploads\/2020\/10\/Shrink-sleeve_Inovalabel_1_.jpg\" alt=\"\" class=\"img-responsive\" \/><\/div><div class=\"gem-textbox-inner gem-textbox-after-image\" style=\"\"><div class=\"gem-textbox-content\" style=\"background-color: #f4f6f7;background-position: center top;\">[vc_column_text]<\/p>\n<h5 style=\"text-align: center;\">Shrink Sleeves<\/h5>\n<p>[\/vc_column_text]<div class=\"clearboth\"><\/div><style>#thegem-divider-69e198bb709cf {margin-top: 50px !important;}<\/style><div id=\"thegem-divider-69e198bb709cf\" class=\"gem-divider  \" style=\"\" ><\/div>[vc_column_text]<\/p>\n<p style=\"text-align: center;\">Decorul la 360\u00b0 pentru forme puternice.<\/p>\n<p>[\/vc_column_text]<div class=\"clearboth\"><\/div><style>#thegem-divider-69e198bb709e6 {margin-top: 45px !important;}<\/style><div id=\"thegem-divider-69e198bb709e6\" class=\"gem-divider  \" style=\"\" ><\/div><div class=\"gem-button-container gem-button-position-center thegem-button-69e198bb70a4c2755    \"  ><a title=\"Shrink Sleeves\" class=\"gem-button gem-button-size-small gem-button-style-outline gem-button-text-weight-normal gem-button-border-2\" data-ll-effect=\"drop-right-without-wrap\" style=\"border-radius: 0px;\" onmouseleave=\"\" onmouseenter=\"\" href=\"https:\/\/inovalabel.com\/products\/shrink-sleeves\/\" target=\"_self\">Mai Mult<\/a><\/div> <\/div><\/div><\/div><\/div>[\/vc_column][vc_column width=&#8221;1\/4&#8243;]<div class=\"lazy-loading\" data-ll-item-delay=\"0\"><div class=\"gem-textbox  lazy-loading-item centered-box\"  data-ll-effect=\"move-up\" ><div class=\"gem-textbox-top gem-textbox-top-note-1\"><svg width=\"100%\" height=\"31\" style=\"fill: #f4f6f7;\"><defs><pattern id=\"pattern-1776392379-97\" x=\"11\" y=\"0\" width=\"23\" height=\"32\" patternUnits=\"userSpaceOnUse\" ><path d=\"M20,9h3V0H0v9h3c2.209,0,4,1.791,4,4v6c0,2.209-1.791,4-4,4H0v9h23v-9h-3c-2.209,0-4-1.791-4-4v-6C16,10.791,17.791,9,20,9z\" \/><\/pattern><\/defs><rect x=\"0\" y=\"0\" width=\"100%\" height=\"32\" style=\"fill: url(#pattern-1776392379-97);\" \/><\/svg><\/div><div class=\"gem-textbox-picture centered-box\"><img src=\"https:\/\/inovalabel.com\/wp-content\/uploads\/2020\/09\/Sachets_1.jpg\" alt=\"Inovalabel-Sachets\" class=\"img-responsive\" \/><\/div><div class=\"gem-textbox-inner gem-textbox-after-image\" style=\"\"><div class=\"gem-textbox-content\" style=\"background-color: #f4f6f7;background-position: center top;\">[vc_column_text]<\/p>\n<h5 style=\"text-align: center;\">Plicurile cu \u0219erve\u021bele<\/h5>\n<p>[\/vc_column_text]<div class=\"clearboth\"><\/div><style>#thegem-divider-69e198bb70af1 {margin-top: 20px !important;}<\/style><div id=\"thegem-divider-69e198bb70af1\" class=\"gem-divider  \" style=\"\" ><\/div>[vc_column_text]<\/p>\n<p style=\"text-align: center;\">Valoare ad\u0103ugat\u0103 sigur\u0103 pentru produsul dvs.<\/p>\n<p>[\/vc_column_text]<div class=\"clearboth\"><\/div><style>#thegem-divider-69e198bb70b07 {margin-top: 45px !important;}<\/style><div id=\"thegem-divider-69e198bb70b07\" class=\"gem-divider  \" style=\"\" ><\/div><div class=\"gem-button-container gem-button-position-center thegem-button-69e198bb70b6b94    \"  ><a title=\"Sachets\" class=\"gem-button gem-button-size-small gem-button-style-outline gem-button-text-weight-normal gem-button-border-2\" data-ll-effect=\"drop-right-without-wrap\" style=\"border-radius: 0px;\" onmouseleave=\"\" onmouseenter=\"\" href=\"https:\/\/inovalabel.com\/products\/sachets\/\" target=\"_self\">Mai Mult<\/a><\/div> <\/div><\/div><\/div><\/div>[\/vc_column][\/vc_row]<\/p>\n<\/div>","protected":false},"excerpt":{"rendered":"<p>[vc_row][vc_column width=&#8221;1\/2&#8243;][vc_column_text css_animation=&#8221;bottom-to-top&#8221;] Plicurile cu \u0218erve\u021bele [\/vc_column_text][vc_column_text css_animation=&#8221;bottom-to-top&#8221;]Valoare ad\u0103ugat\u0103 sigur\u0103 pentru produsul dvs. \u0218erve\u021bele de igien\u0103 Inovalabel cur\u0103\u021b\u0103 u\u0219or m\u00e2inile&#8230;<\/p>\n","protected":false},"author":1,"featured_media":26077,"parent":0,"menu_order":3,"comment_status":"closed","ping_status":"closed","template":"","meta":{"om_disable_all_campaigns":false,"footnotes":""},"class_list":["post-25288","page","type-page","status-publish","has-post-thumbnail"],"aioseo_notices":[],"_links":{"self":[{"href":"https:\/\/inovalabel.com\/ro\/wp-json\/wp\/v2\/pages\/25288","targetHints":{"allow":["GET"]}}],"collection":[{"href":"https:\/\/inovalabel.com\/ro\/wp-json\/wp\/v2\/pages"}],"about":[{"href":"https:\/\/inovalabel.com\/ro\/wp-json\/wp\/v2\/types\/page"}],"author":[{"embeddable":true,"href":"https:\/\/inovalabel.com\/ro\/wp-json\/wp\/v2\/users\/1"}],"replies":[{"embeddable":true,"href":"https:\/\/inovalabel.com\/ro\/wp-json\/wp\/v2\/comments?post=25288"}],"version-history":[{"count":36,"href":"https:\/\/inovalabel.com\/ro\/wp-json\/wp\/v2\/pages\/25288\/revisions"}],"predecessor-version":[{"id":27933,"href":"https:\/\/inovalabel.com\/ro\/wp-json\/wp\/v2\/pages\/25288\/revisions\/27933"}],"wp:featuredmedia":[{"embeddable":true,"href":"https:\/\/inovalabel.com\/ro\/wp-json\/wp\/v2\/media\/26077"}],"wp:attachment":[{"href":"https:\/\/inovalabel.com\/ro\/wp-json\/wp\/v2\/media?parent=25288"}],"curies":[{"name":"wp","href":"https:\/\/api.w.org\/{rel}","templated":true}]}}