{"id":25268,"date":"2020-07-31T08:15:02","date_gmt":"2020-07-31T08:15:02","guid":{"rendered":"https:\/\/stefwebdesign.com\/inovalabel\/?page_id=25268"},"modified":"2025-05-20T12:45:07","modified_gmt":"2025-05-20T09:45:07","slug":"pharma","status":"publish","type":"page","link":"https:\/\/inovalabel.com\/ro\/pharma\/","title":{"rendered":"Domeniul Farmaceutic"},"content":{"rendered":"<div class=\"wpb-content-wrapper\"><p>[vc_row][vc_column width=&#8221;1\/2&#8243;]<div class=\"clearboth\"><\/div><style>#thegem-divider-6a0001da94e56 {margin-top: 40px !important;}<\/style><div id=\"thegem-divider-6a0001da94e56\" class=\"gem-divider  \" style=\"\" ><\/div>[vc_column_text css_animation=&#8221;bottom-to-top&#8221;]<\/p>\n<h2>Domeniul Farmaceutic<\/h2>\n<p>[\/vc_column_text]<div class=\"clearboth\"><\/div><style>#thegem-divider-6a0001da94e98 {margin-top: 10px !important;}<\/style><div id=\"thegem-divider-6a0001da94e98\" class=\"gem-divider  \" style=\"\" ><\/div>[vc_column_text css_animation=&#8221;bottom-to-top&#8221;]<strong>Securitate complet\u0103 datorit\u0103 etichet\u0103rii fiabile.<\/strong><\/p>\n<p>Inovalabel are mul\u021bi ani de experien\u021b\u0103 \u0219i expertiz\u0103 vast\u0103 \u00een producerea de etichete farmaceutice.<\/p>\n<p>Cl\u0103direa noastr\u0103 modern\u0103 pentru produc\u021bie permite desf\u0103\u0219urarea de procese certificate GMP. Auditurile specifice ale exper\u021bilor \u0219i clien\u021bilor asigur\u0103 standarde certificate \u0219i garanteaz\u0103 calitatea continu\u0103.<\/p>\n<p><a href=\"#pharma_labels\">Etichete farmaceutice<\/a><br \/>\nEtichete cu valoare ad\u0103ugat\u0103 pentru industria farmaceutic\u0103 \u0219i chimic\u0103: func\u021bionale \u0219i individuale.<\/p>\n<p><a href=\"#clinical_trials\">Etichete pentru teste clinice<\/a><br \/>\nProduse excelente: design individual cu mult spa\u021biu, etichete booklet.[\/vc_column_text][\/vc_column][vc_column width=&#8221;1\/2&#8243;]<div class=\"centered-box gem-image-centered-box\" ><div class=\"gem-image gem-wrapbox gem-wrapbox-style-default gem-wrapbox-position-centered lazy-loading  thegem-custom-6a0001da94edb115\"  style=\"\" ><div class=\"gem-wrapbox-inner  lazy-loading-item\"  data-ll-effect=\"move-up\"><img class=\"gem-wrapbox-element img-responsive\" src=\"https:\/\/inovalabel.com\/wp-content\/uploads\/2020\/10\/Inovalabel-Markets-Pharma.jpg\" alt=\"\"\/><\/div><\/div><\/div>[\/vc_column][\/vc_row][vc_row][vc_column][vc_row_inner css=&#8221;.vc_custom_1542203551526{margin-top: 0px !important;margin-bottom: 0px !important;padding-top: 0px !important;padding-bottom: 0px !important;}&#8221;][vc_column_inner offset=&#8221;vc_hidden-xs&#8221; css=&#8221;.vc_custom_1542203561046{margin-top: 0px !important;margin-bottom: 0px !important;padding-top: 0px !important;padding-bottom: 0px !important;}&#8221;]<div class=\"clearboth\"><\/div><style>#thegem-divider-6a0001da94f5d {margin-top: 40px !important;}<\/style><div id=\"thegem-divider-6a0001da94f5d\" class=\"gem-divider  \" style=\"\" ><\/div>[\/vc_column_inner][\/vc_row_inner]<div style=''  class=\"gem-quote gem-quote-style-1 gem-quote-no-paddings custom-color-blockqute-mark-added\" ><blockquote  ><\/p>\n<div class=\"styled-subtitle\" style=\"text-align: center;\">Competen\u021b\u0103 \u0219i inova\u021bie<\/div>\n<p><\/blockquote><span style=color:#febd11;  class=\"custom-color-blockqute-mark\">&#xe60c;<\/span><\/div>[\/vc_column][\/vc_row][vc_row][vc_column width=&#8221;1\/2&#8243;]<div class=\"clearboth\"><\/div><style>#thegem-divider-6a0001da94fac {margin-top: 40px !important;}<\/style><div id=\"thegem-divider-6a0001da94fac\" class=\"gem-divider  \" style=\"\" ><\/div>[vc_column_text css_animation=&#8221;bottom-to-top&#8221; el_id=&#8221;pharma_labels&#8221;]<\/p>\n<h2>Etichete farmaceutice<\/h2>\n<p>[\/vc_column_text]<div class=\"clearboth\"><\/div><style>#thegem-divider-6a0001da94fe5 {margin-top: 10px !important;}<\/style><div id=\"thegem-divider-6a0001da94fe5\" class=\"gem-divider  \" style=\"\" ><\/div>[vc_column_text css_animation=&#8221;bottom-to-top&#8221;]<strong>Competen\u021b\u0103 \u0219i inova\u021bie<\/strong><\/p>\n<p>Avantajele tale<\/p>\n<ul>\n<li>Etichetele multilingve ofer\u0103 avantaje \u00een ceea ce prive\u0219te produc\u021bia \u0219i logistica<\/li>\n<li>Etichetele booklet cu peste 40 pagini creeaz\u0103 suficient spa\u021biu pentru texte \u0219i pictograme<\/li>\n<li>Departamentul nostru pentru dezvoltare de produse elaboreaz\u0103 solu\u021bii individuale, adaptate fiec\u0103rui client<\/li>\n<\/ul>\n<p>[\/vc_column_text][\/vc_column][vc_column width=&#8221;1\/2&#8243;]<div class=\"preloader\"><div class=\"preloader-spin\"><\/div><\/div> <div class=\"gem-gallery gem-gallery-hover-zooming-blur\" data-autoscroll=\"5000\"> <div class=\"gem-gallery-item\"> <div class=\"gem-gallery-item-image\"> <a href=\"https:\/\/inovalabel.com\/wp-content\/uploads\/2020\/10\/Pharma_1-thegem-gallery-fullwidth.jpg\" data-fancybox-group=\"gallery-6a0001da950cd\" data-full-image-url=\"https:\/\/inovalabel.com\/wp-content\/uploads\/2020\/10\/Pharma_1.jpg\"> <svg width=\"20\" height=\"10\"><path d=\"M 0,10 Q 9,9 10,0 Q 11,9 20,10\" \/><\/svg> <img src=\"https:\/\/inovalabel.com\/wp-content\/uploads\/2020\/10\/Pharma_1-thegem-post-thumb-small.jpg\" alt=\"Pharma Inovalabel Swiss\" class=\"img-responsive\"> <span class=\"gem-gallery-caption slide-info\"> <\/span> <\/a> <span class=\"gem-gallery-line\"><\/span> <\/div> <\/div> <div class=\"gem-gallery-item\"> <div class=\"gem-gallery-item-image\"> <a href=\"https:\/\/inovalabel.com\/wp-content\/uploads\/2020\/10\/Pharma_2-thegem-gallery-fullwidth.jpg\" data-fancybox-group=\"gallery-6a0001da950cd\" data-full-image-url=\"https:\/\/inovalabel.com\/wp-content\/uploads\/2020\/10\/Pharma_2.jpg\"> <svg width=\"20\" height=\"10\"><path d=\"M 0,10 Q 9,9 10,0 Q 11,9 20,10\" \/><\/svg> <img src=\"https:\/\/inovalabel.com\/wp-content\/uploads\/2020\/10\/Pharma_2-thegem-post-thumb-small.jpg\" alt=\"Pharma Bucuresti Inovalabel\" class=\"img-responsive\"> <span class=\"gem-gallery-caption slide-info\"> <\/span> <\/a> <span class=\"gem-gallery-line\"><\/span> <\/div> <\/div> <div class=\"gem-gallery-item\"> <div class=\"gem-gallery-item-image\"> <a href=\"https:\/\/inovalabel.com\/wp-content\/uploads\/2020\/10\/Pharma_3-thegem-gallery-fullwidth.jpg\" data-fancybox-group=\"gallery-6a0001da950cd\" data-full-image-url=\"https:\/\/inovalabel.com\/wp-content\/uploads\/2020\/10\/Pharma_3.jpg\"> <svg width=\"20\" height=\"10\"><path d=\"M 0,10 Q 9,9 10,0 Q 11,9 20,10\" \/><\/svg> <img src=\"https:\/\/inovalabel.com\/wp-content\/uploads\/2020\/10\/Pharma_3-thegem-post-thumb-small.jpg\" alt=\"Pharma Iasi Inovalabel\" class=\"img-responsive\"> <span class=\"gem-gallery-caption slide-info\"> <\/span> <\/a> <span class=\"gem-gallery-line\"><\/span> <\/div> <\/div> <div class=\"gem-gallery-item\"> <div class=\"gem-gallery-item-image\"> <a href=\"https:\/\/inovalabel.com\/wp-content\/uploads\/2020\/10\/Pharma_4-thegem-gallery-fullwidth.jpg\" data-fancybox-group=\"gallery-6a0001da950cd\" data-full-image-url=\"https:\/\/inovalabel.com\/wp-content\/uploads\/2020\/10\/Pharma_4.jpg\"> <svg width=\"20\" height=\"10\"><path d=\"M 0,10 Q 9,9 10,0 Q 11,9 20,10\" \/><\/svg> <img src=\"https:\/\/inovalabel.com\/wp-content\/uploads\/2020\/10\/Pharma_4-thegem-post-thumb-small.jpg\" alt=\"Pharma Inovalabel Bucuresti\" class=\"img-responsive\"> <span class=\"gem-gallery-caption slide-info\"> <\/span> <\/a> <span class=\"gem-gallery-line\"><\/span> <\/div> <\/div> <div class=\"gem-gallery-item\"> <div class=\"gem-gallery-item-image\"> <a href=\"https:\/\/inovalabel.com\/wp-content\/uploads\/2020\/10\/Pharma_5-thegem-gallery-fullwidth.jpg\" data-fancybox-group=\"gallery-6a0001da950cd\" data-full-image-url=\"https:\/\/inovalabel.com\/wp-content\/uploads\/2020\/10\/Pharma_5.jpg\"> <svg width=\"20\" height=\"10\"><path d=\"M 0,10 Q 9,9 10,0 Q 11,9 20,10\" \/><\/svg> <img src=\"https:\/\/inovalabel.com\/wp-content\/uploads\/2020\/10\/Pharma_5-thegem-post-thumb-small.jpg\" alt=\"Pharma Inovalabel Iasi\" class=\"img-responsive\"> <span class=\"gem-gallery-caption slide-info\"> <\/span> <\/a> <span class=\"gem-gallery-line\"><\/span> <\/div> <\/div> <\/div>[\/vc_column][\/vc_row][vc_row][vc_column][vc_row_inner css=&#8221;.vc_custom_1542203551526{margin-top: 0px !important;margin-bottom: 0px !important;padding-top: 0px !important;padding-bottom: 0px !important;}&#8221;][vc_column_inner offset=&#8221;vc_hidden-xs&#8221; css=&#8221;.vc_custom_1542203561046{margin-top: 0px !important;margin-bottom: 0px !important;padding-top: 0px !important;padding-bottom: 0px !important;}&#8221;]<div class=\"clearboth\"><\/div><style>#thegem-divider-6a0001da9532e {margin-top: 40px !important;}<\/style><div id=\"thegem-divider-6a0001da9532e\" class=\"gem-divider  \" style=\"\" ><\/div>[\/vc_column_inner][\/vc_row_inner][\/vc_column][\/vc_row][vc_row][vc_column width=&#8221;1\/2&#8243;]<div class=\"preloader\"><div class=\"preloader-spin\"><\/div><\/div> <div class=\"gem-gallery gem-gallery-hover-zooming-blur\" data-autoscroll=\"5000\"> <div class=\"gem-gallery-item\"> <div class=\"gem-gallery-item-image\"> <a href=\"https:\/\/inovalabel.com\/wp-content\/uploads\/2020\/10\/Pharma_1-thegem-gallery-fullwidth.jpg\" data-fancybox-group=\"gallery-6a0001da95411\" data-full-image-url=\"https:\/\/inovalabel.com\/wp-content\/uploads\/2020\/10\/Pharma_1.jpg\"> <svg width=\"20\" height=\"10\"><path d=\"M 0,10 Q 9,9 10,0 Q 11,9 20,10\" \/><\/svg> <img src=\"https:\/\/inovalabel.com\/wp-content\/uploads\/2020\/10\/Pharma_1-thegem-post-thumb-small.jpg\" alt=\"Pharma Inovalabel Swiss\" class=\"img-responsive\"> <span class=\"gem-gallery-caption slide-info\"> <\/span> <\/a> <span class=\"gem-gallery-line\"><\/span> <\/div> <\/div> <div class=\"gem-gallery-item\"> <div class=\"gem-gallery-item-image\"> <a href=\"https:\/\/inovalabel.com\/wp-content\/uploads\/2020\/10\/Pharma_2-thegem-gallery-fullwidth.jpg\" data-fancybox-group=\"gallery-6a0001da95411\" data-full-image-url=\"https:\/\/inovalabel.com\/wp-content\/uploads\/2020\/10\/Pharma_2.jpg\"> <svg width=\"20\" height=\"10\"><path d=\"M 0,10 Q 9,9 10,0 Q 11,9 20,10\" \/><\/svg> <img src=\"https:\/\/inovalabel.com\/wp-content\/uploads\/2020\/10\/Pharma_2-thegem-post-thumb-small.jpg\" alt=\"Pharma Bucuresti Inovalabel\" class=\"img-responsive\"> <span class=\"gem-gallery-caption slide-info\"> <\/span> <\/a> <span class=\"gem-gallery-line\"><\/span> <\/div> <\/div> <div class=\"gem-gallery-item\"> <div class=\"gem-gallery-item-image\"> <a href=\"https:\/\/inovalabel.com\/wp-content\/uploads\/2020\/10\/Pharma_3-thegem-gallery-fullwidth.jpg\" data-fancybox-group=\"gallery-6a0001da95411\" data-full-image-url=\"https:\/\/inovalabel.com\/wp-content\/uploads\/2020\/10\/Pharma_3.jpg\"> <svg width=\"20\" height=\"10\"><path d=\"M 0,10 Q 9,9 10,0 Q 11,9 20,10\" \/><\/svg> <img src=\"https:\/\/inovalabel.com\/wp-content\/uploads\/2020\/10\/Pharma_3-thegem-post-thumb-small.jpg\" alt=\"Pharma Iasi Inovalabel\" class=\"img-responsive\"> <span class=\"gem-gallery-caption slide-info\"> <\/span> <\/a> <span class=\"gem-gallery-line\"><\/span> <\/div> <\/div> <div class=\"gem-gallery-item\"> <div class=\"gem-gallery-item-image\"> <a href=\"https:\/\/inovalabel.com\/wp-content\/uploads\/2020\/10\/Pharma_4-thegem-gallery-fullwidth.jpg\" data-fancybox-group=\"gallery-6a0001da95411\" data-full-image-url=\"https:\/\/inovalabel.com\/wp-content\/uploads\/2020\/10\/Pharma_4.jpg\"> <svg width=\"20\" height=\"10\"><path d=\"M 0,10 Q 9,9 10,0 Q 11,9 20,10\" \/><\/svg> <img src=\"https:\/\/inovalabel.com\/wp-content\/uploads\/2020\/10\/Pharma_4-thegem-post-thumb-small.jpg\" alt=\"Pharma Inovalabel Bucuresti\" class=\"img-responsive\"> <span class=\"gem-gallery-caption slide-info\"> <\/span> <\/a> <span class=\"gem-gallery-line\"><\/span> <\/div> <\/div> <div class=\"gem-gallery-item\"> <div class=\"gem-gallery-item-image\"> <a href=\"https:\/\/inovalabel.com\/wp-content\/uploads\/2020\/10\/Pharma_5-thegem-gallery-fullwidth.jpg\" data-fancybox-group=\"gallery-6a0001da95411\" data-full-image-url=\"https:\/\/inovalabel.com\/wp-content\/uploads\/2020\/10\/Pharma_5.jpg\"> <svg width=\"20\" height=\"10\"><path d=\"M 0,10 Q 9,9 10,0 Q 11,9 20,10\" \/><\/svg> <img src=\"https:\/\/inovalabel.com\/wp-content\/uploads\/2020\/10\/Pharma_5-thegem-post-thumb-small.jpg\" alt=\"Pharma Inovalabel Iasi\" class=\"img-responsive\"> <span class=\"gem-gallery-caption slide-info\"> <\/span> <\/a> <span class=\"gem-gallery-line\"><\/span> <\/div> <\/div> <\/div>[\/vc_column][vc_column width=&#8221;1\/2&#8243;]<div class=\"clearboth\"><\/div><style>#thegem-divider-6a0001da95659 {margin-top: 40px !important;}<\/style><div id=\"thegem-divider-6a0001da95659\" class=\"gem-divider  \" style=\"\" ><\/div>[vc_column_text css_animation=&#8221;bottom-to-top&#8221; el_id=&#8221;clinical_trials&#8221;]<\/p>\n<h2>STUDII CLINICE<\/h2>\n<p>[\/vc_column_text]<div class=\"clearboth\"><\/div><style>#thegem-divider-6a0001da95695 {margin-top: 10px !important;}<\/style><div id=\"thegem-divider-6a0001da95695\" class=\"gem-divider  \" style=\"\" ><\/div>[vc_column_text css_animation=&#8221;bottom-to-top&#8221;]<strong>Competen\u021b\u0103 \u0219i inova\u021bie<\/strong><\/p>\n<p>Avantajele tale<\/p>\n<ul>\n<li>Inovalabel este partenerul dvs. competent pentru studii clinice.<\/li>\n<li>Deoarece suntem organiza\u021bi eficient, putem implementa proiectele dvs. rapid \u0219i u\u0219or.<\/li>\n<li>Designul etichetei este adaptat dorin\u021belor dvs. Departamentul nostru de dezvoltare poate crea mostre la cerere.<\/li>\n<li>Produc\u021bia are loc pe ma\u0219ini moderne \u00eentr-o cl\u0103dire care respect\u0103 standardele GMP.<\/li>\n<li>Produc\u021bia este certificat\u0103 conform DIN EN ISO 9001 \u0219i sunt \u00eendeplinite cerin\u021bele GMP.<\/li>\n<\/ul>\n<p>[\/vc_column_text][\/vc_column][\/vc_row][vc_row][vc_column][vc_row_inner css=&#8221;.vc_custom_1542203551526{margin-top: 0px !important;margin-bottom: 0px !important;padding-top: 0px !important;padding-bottom: 0px !important;}&#8221;][vc_column_inner offset=&#8221;vc_hidden-xs&#8221; css=&#8221;.vc_custom_1542203561046{margin-top: 0px !important;margin-bottom: 0px !important;padding-top: 0px !important;padding-bottom: 0px !important;}&#8221;]<div class=\"clearboth\"><\/div><style>#thegem-divider-6a0001da956cb {margin-top: 40px !important;}<\/style><div id=\"thegem-divider-6a0001da956cb\" class=\"gem-divider  \" style=\"\" ><\/div>[\/vc_column_inner][\/vc_row_inner][\/vc_column][\/vc_row][vc_row][vc_column width=&#8221;1\/5&#8243;]<div class=\"lazy-loading\" data-ll-item-delay=\"0\"><div class=\"gem-textbox  lazy-loading-item centered-box\"  data-ll-effect=\"move-up\" ><div class=\"gem-textbox-top gem-textbox-top-note-1\"><svg width=\"100%\" height=\"31\" style=\"fill: #f4f6f7;\"><defs><pattern id=\"pattern-1778385370-93\" x=\"11\" y=\"0\" width=\"23\" height=\"32\" patternUnits=\"userSpaceOnUse\" ><path d=\"M20,9h3V0H0v9h3c2.209,0,4,1.791,4,4v6c0,2.209-1.791,4-4,4H0v9h23v-9h-3c-2.209,0-4-1.791-4-4v-6C16,10.791,17.791,9,20,9z\" \/><\/pattern><\/defs><rect x=\"0\" y=\"0\" width=\"100%\" height=\"32\" style=\"fill: url(#pattern-1778385370-93);\" \/><\/svg><\/div><div class=\"gem-textbox-picture centered-box\"><img src=\"https:\/\/inovalabel.com\/wp-content\/uploads\/2020\/10\/Inovalabel-Markets-Food.jpg\" alt=\"Food Labels\" class=\"img-responsive\" \/><\/div><div class=\"gem-textbox-inner gem-textbox-after-image\" style=\"\"><div class=\"gem-textbox-content\" style=\"background-color: #f4f6f7;background-position: center top;\">[vc_column_text]<\/p>\n<h5 style=\"text-align: center;\">DOMENIUL ALIMENTAR<\/h5>\n<p>[\/vc_column_text]<div class=\"clearboth\"><\/div><style>#thegem-divider-6a0001da95770 {margin-top: 75px !important;}<\/style><div id=\"thegem-divider-6a0001da95770\" class=\"gem-divider  \" style=\"\" ><\/div>[vc_column_text]<\/p>\n<p style=\"text-align: center;\">Modul decorativ de a oferi con\u021binut unui produs.<\/p>\n<p>[\/vc_column_text]<div class=\"gem-button-container gem-button-position-center thegem-button-6a0001da957f54410    \"  ><a title=\"Food\" class=\"gem-button gem-button-size-small gem-button-style-outline gem-button-text-weight-normal gem-button-border-2\" data-ll-effect=\"drop-right-without-wrap\" style=\"border-radius: 0px;\" onmouseleave=\"\" onmouseenter=\"\" href=\"https:\/\/inovalabel.com\/markets\/food\/\" target=\"_self\">Mai mult<\/a><\/div> <\/div><\/div><\/div><\/div>[\/vc_column][vc_column width=&#8221;1\/5&#8243;]<div class=\"lazy-loading\" data-ll-item-delay=\"0\"><div class=\"gem-textbox  lazy-loading-item centered-box\"  data-ll-effect=\"move-up\" ><div class=\"gem-textbox-top gem-textbox-top-note-1\"><svg width=\"100%\" height=\"31\" style=\"fill: #f4f6f7;\"><defs><pattern id=\"pattern-1778385370-83\" x=\"11\" y=\"0\" width=\"23\" height=\"32\" patternUnits=\"userSpaceOnUse\" ><path d=\"M20,9h3V0H0v9h3c2.209,0,4,1.791,4,4v6c0,2.209-1.791,4-4,4H0v9h23v-9h-3c-2.209,0-4-1.791-4-4v-6C16,10.791,17.791,9,20,9z\" \/><\/pattern><\/defs><rect x=\"0\" y=\"0\" width=\"100%\" height=\"32\" style=\"fill: url(#pattern-1778385370-83);\" \/><\/svg><\/div><div class=\"gem-textbox-picture centered-box\"><img src=\"https:\/\/inovalabel.com\/wp-content\/uploads\/2020\/10\/Inovalabel-Markets-Beverages.jpg\" alt=\"Beverage Labels\" class=\"img-responsive\" \/><\/div><div class=\"gem-textbox-inner gem-textbox-after-image\" style=\"\"><div class=\"gem-textbox-content\" style=\"background-color: #f4f6f7;background-position: center top;\">[vc_column_text]<\/p>\n<h5 style=\"text-align: center;\">B\u0102UTURI<\/h5>\n<p>[\/vc_column_text]<div class=\"clearboth\"><\/div><style>#thegem-divider-6a0001da958b6 {margin-top: 105px !important;}<\/style><div id=\"thegem-divider-6a0001da958b6\" class=\"gem-divider  \" style=\"\" ><\/div>[vc_column_text]<\/p>\n<p style=\"text-align: center;\">Un decor care diferen\u021biaz\u0103 cu adev\u0103rat produsele.<\/p>\n<p>[\/vc_column_text]<div class=\"gem-button-container gem-button-position-center thegem-button-6a0001da9592f1332    \"  ><a title=\"Beverages\" class=\"gem-button gem-button-size-small gem-button-style-outline gem-button-text-weight-normal gem-button-border-2\" data-ll-effect=\"drop-right-without-wrap\" style=\"border-radius: 0px;\" onmouseleave=\"\" onmouseenter=\"\" href=\"https:\/\/inovalabel.com\/markets\/beverages\/\" target=\"_self\">Mai mult<\/a><\/div> <\/div><\/div><\/div><\/div>[\/vc_column][vc_column width=&#8221;1\/5&#8243;]<div class=\"lazy-loading\" data-ll-item-delay=\"0\"><div class=\"gem-textbox  lazy-loading-item centered-box\"  data-ll-effect=\"move-up\" ><div class=\"gem-textbox-top gem-textbox-top-note-1\"><svg width=\"100%\" height=\"31\" style=\"fill: #f4f6f7;\"><defs><pattern id=\"pattern-1778385370-5\" x=\"11\" y=\"0\" width=\"23\" height=\"32\" patternUnits=\"userSpaceOnUse\" ><path d=\"M20,9h3V0H0v9h3c2.209,0,4,1.791,4,4v6c0,2.209-1.791,4-4,4H0v9h23v-9h-3c-2.209,0-4-1.791-4-4v-6C16,10.791,17.791,9,20,9z\" \/><\/pattern><\/defs><rect x=\"0\" y=\"0\" width=\"100%\" height=\"32\" style=\"fill: url(#pattern-1778385370-5);\" \/><\/svg><\/div><div class=\"gem-textbox-picture centered-box\"><img src=\"https:\/\/inovalabel.com\/wp-content\/uploads\/2020\/10\/Inovalabel-Markets-Cosmetics.jpg\" alt=\"Cosmetics Hair and Body Care Labels\" class=\"img-responsive\" \/><\/div><div class=\"gem-textbox-inner gem-textbox-after-image\" style=\"\"><div class=\"gem-textbox-content\" style=\"background-color: #f4f6f7;background-position: center top;\">[vc_column_text]<\/p>\n<h5 style=\"text-align: center;\">COSMETICE, \u00ceNGRIJIRE A P\u0102RULUI \u0218I A CORPULUI<\/h5>\n<p>[\/vc_column_text][vc_column_text]<\/p>\n<p style=\"text-align: center;\">Decor minunat pentru efecte str\u0103lucitoare.<\/p>\n<p>[\/vc_column_text]<div class=\"gem-button-container gem-button-position-center thegem-button-6a0001da95a4d9431    \"  ><a title=\"Cosmetics, Hair and Body Care\" class=\"gem-button gem-button-size-small gem-button-style-outline gem-button-text-weight-normal gem-button-border-2\" data-ll-effect=\"drop-right-without-wrap\" style=\"border-radius: 0px;\" onmouseleave=\"\" onmouseenter=\"\" href=\"https:\/\/inovalabel.com\/markets\/cosmetics-hair-body-care\/\" target=\"_self\">Mai mult<\/a><\/div> <\/div><\/div><\/div><\/div>[\/vc_column][vc_column width=&#8221;1\/5&#8243;]<div class=\"lazy-loading\" data-ll-item-delay=\"0\"><div class=\"gem-textbox  lazy-loading-item centered-box\"  data-ll-effect=\"move-up\" ><div class=\"gem-textbox-top gem-textbox-top-note-1\"><svg width=\"100%\" height=\"31\" style=\"fill: #f4f6f7;\"><defs><pattern id=\"pattern-1778385370-54\" x=\"11\" y=\"0\" width=\"23\" height=\"32\" patternUnits=\"userSpaceOnUse\" ><path d=\"M20,9h3V0H0v9h3c2.209,0,4,1.791,4,4v6c0,2.209-1.791,4-4,4H0v9h23v-9h-3c-2.209,0-4-1.791-4-4v-6C16,10.791,17.791,9,20,9z\" \/><\/pattern><\/defs><rect x=\"0\" y=\"0\" width=\"100%\" height=\"32\" style=\"fill: url(#pattern-1778385370-54);\" \/><\/svg><\/div><div class=\"gem-textbox-picture centered-box\"><img src=\"https:\/\/inovalabel.com\/wp-content\/uploads\/2020\/10\/Inovalabel-Markets-Pharma.jpg\" alt=\"Inovalabel-Markets-Pharma-Labels\" class=\"img-responsive\" \/><\/div><div class=\"gem-textbox-inner gem-textbox-after-image\" style=\"\"><div class=\"gem-textbox-content\" style=\"background-color: #f4f6f7;background-position: center top;\">[vc_column_text]<\/p>\n<h5 style=\"text-align: center;\">DOMENIUL FARMACEUTIC<\/h5>\n<p>[\/vc_column_text]<div class=\"clearboth\"><\/div><style>#thegem-divider-6a0001da95b10 {margin-top: 75px !important;}<\/style><div id=\"thegem-divider-6a0001da95b10\" class=\"gem-divider  \" style=\"\" ><\/div>[vc_column_text]<\/p>\n<p style=\"text-align: center;\">Securitate complet\u0103 datorit\u0103 etichet\u0103rii fiabile.<\/p>\n<p>[\/vc_column_text]<div class=\"gem-button-container gem-button-position-center thegem-button-6a0001da95b895423    \"  ><a title=\"Pharma\" class=\"gem-button gem-button-size-small gem-button-style-outline gem-button-text-weight-normal gem-button-border-2\" data-ll-effect=\"drop-right-without-wrap\" style=\"border-radius: 0px;\" onmouseleave=\"\" onmouseenter=\"\" href=\"https:\/\/inovalabel.com\/markets\/pharma\/\" target=\"_self\">Mai mult<\/a><\/div> <\/div><\/div><\/div><\/div>[\/vc_column][vc_column width=&#8221;1\/5&#8243;]<div class=\"lazy-loading\" data-ll-item-delay=\"0\"><div class=\"gem-textbox  lazy-loading-item centered-box\"  data-ll-effect=\"move-up\" ><div class=\"gem-textbox-top gem-textbox-top-note-1\"><svg width=\"100%\" height=\"31\" style=\"fill: #f4f6f7;\"><defs><pattern id=\"pattern-1778385370-61\" x=\"11\" y=\"0\" width=\"23\" height=\"32\" patternUnits=\"userSpaceOnUse\" ><path d=\"M20,9h3V0H0v9h3c2.209,0,4,1.791,4,4v6c0,2.209-1.791,4-4,4H0v9h23v-9h-3c-2.209,0-4-1.791-4-4v-6C16,10.791,17.791,9,20,9z\" \/><\/pattern><\/defs><rect x=\"0\" y=\"0\" width=\"100%\" height=\"32\" style=\"fill: url(#pattern-1778385370-61);\" \/><\/svg><\/div><div class=\"gem-textbox-picture centered-box\"><img src=\"https:\/\/inovalabel.com\/wp-content\/uploads\/2020\/10\/Inovalabel-Markets-Chem-Tech-Industry.jpg\" alt=\"Inovalabel-Markets-Chemical - Technical Industry\" class=\"img-responsive\" \/><\/div><div class=\"gem-textbox-inner gem-textbox-after-image\" style=\"\"><div class=\"gem-textbox-content\" style=\"background-color: #f4f6f7;background-position: center top;\">[vc_column_text]<\/p>\n<h5 style=\"text-align: center;\">INDUSTRIA CHIMICO &#8211; TEHNIC\u0102<\/h5>\n<p>[\/vc_column_text]<div class=\"clearboth\"><\/div><style>#thegem-divider-6a0001da95c43 {margin-top: 45px !important;}<\/style><div id=\"thegem-divider-6a0001da95c43\" class=\"gem-divider  \" style=\"\" ><\/div>[vc_column_text]<\/p>\n<p style=\"text-align: center;\">Informa\u021bii sigure combinate cu decor remarcabil.<\/p>\n<p>[\/vc_column_text]<div class=\"gem-button-container gem-button-position-center thegem-button-6a0001da95cbb6916    \"  ><a title=\"Chemical \u2013 Technical Industry\" class=\"gem-button gem-button-size-small gem-button-style-outline gem-button-text-weight-normal gem-button-border-2\" data-ll-effect=\"drop-right-without-wrap\" style=\"border-radius: 0px;\" onmouseleave=\"\" onmouseenter=\"\" href=\"https:\/\/inovalabel.com\/markets\/chemical-technical-industry\/\" target=\"_self\">Mai mult<\/a><\/div> <\/div><\/div><\/div><\/div>[\/vc_column][\/vc_row]<\/p>\n<\/div>","protected":false},"excerpt":{"rendered":"<p>[vc_row][vc_column width=&#8221;1\/2&#8243;][vc_column_text css_animation=&#8221;bottom-to-top&#8221;] Domeniul Farmaceutic [\/vc_column_text][vc_column_text css_animation=&#8221;bottom-to-top&#8221;]Securitate complet\u0103 datorit\u0103 etichet\u0103rii fiabile. Inovalabel are mul\u021bi ani de experien\u021b\u0103 \u0219i expertiz\u0103 vast\u0103&#8230;<\/p>\n","protected":false},"author":1,"featured_media":26096,"parent":0,"menu_order":3,"comment_status":"closed","ping_status":"closed","template":"","meta":{"om_disable_all_campaigns":false,"footnotes":""},"class_list":["post-25268","page","type-page","status-publish","has-post-thumbnail"],"aioseo_notices":[],"_links":{"self":[{"href":"https:\/\/inovalabel.com\/ro\/wp-json\/wp\/v2\/pages\/25268","targetHints":{"allow":["GET"]}}],"collection":[{"href":"https:\/\/inovalabel.com\/ro\/wp-json\/wp\/v2\/pages"}],"about":[{"href":"https:\/\/inovalabel.com\/ro\/wp-json\/wp\/v2\/types\/page"}],"author":[{"embeddable":true,"href":"https:\/\/inovalabel.com\/ro\/wp-json\/wp\/v2\/users\/1"}],"replies":[{"embeddable":true,"href":"https:\/\/inovalabel.com\/ro\/wp-json\/wp\/v2\/comments?post=25268"}],"version-history":[{"count":44,"href":"https:\/\/inovalabel.com\/ro\/wp-json\/wp\/v2\/pages\/25268\/revisions"}],"predecessor-version":[{"id":27983,"href":"https:\/\/inovalabel.com\/ro\/wp-json\/wp\/v2\/pages\/25268\/revisions\/27983"}],"wp:featuredmedia":[{"embeddable":true,"href":"https:\/\/inovalabel.com\/ro\/wp-json\/wp\/v2\/media\/26096"}],"wp:attachment":[{"href":"https:\/\/inovalabel.com\/ro\/wp-json\/wp\/v2\/media?parent=25268"}],"curies":[{"name":"wp","href":"https:\/\/api.w.org\/{rel}","templated":true}]}}