{"id":25262,"date":"2020-07-31T08:13:29","date_gmt":"2020-07-31T08:13:29","guid":{"rendered":"https:\/\/stefwebdesign.com\/inovalabel\/?page_id=25262"},"modified":"2025-05-20T12:45:13","modified_gmt":"2025-05-20T09:45:13","slug":"food","status":"publish","type":"page","link":"https:\/\/inovalabel.com\/ro\/food\/","title":{"rendered":"Domeniul Alimentar"},"content":{"rendered":"<div class=\"wpb-content-wrapper\"><p>[vc_row][vc_column width=&#8221;1\/2&#8243;]<div class=\"clearboth\"><\/div><style>#thegem-divider-69e198d1613fe {margin-top: 40px !important;}<\/style><div id=\"thegem-divider-69e198d1613fe\" class=\"gem-divider  \" style=\"\" ><\/div>[vc_column_text css_animation=&#8221;bottom-to-top&#8221;]<\/p>\n<h2>Domeniul Alimentar<\/h2>\n<p>[\/vc_column_text]<div class=\"clearboth\"><\/div><style>#thegem-divider-69e198d161432 {margin-top: 10px !important;}<\/style><div id=\"thegem-divider-69e198d161432\" class=\"gem-divider  \" style=\"\" ><\/div>[vc_column_text css_animation=&#8221;bottom-to-top&#8221;]<strong>Modul decorativ de a oferi con\u021binut unui produs.<\/strong><\/p>\n<p>Igiena \u0219i siguran\u021ba sunt asigurate la cele mai \u00eenalte standarde din industria alimentar\u0103. Inovalabel cunoa\u0219te cerin\u021bele complexe ale etichetelor \u0219i ofer\u0103 solu\u021bii fiabile. Indiferent dac\u0103 cerin\u021bele dvs. sunt pentru decorare, promovare, informa\u021bie sau func\u021bionalitat, portofoliul nostru r\u0103spunde celor mai \u00eenalte exigen\u021be \u00een ceea ce prive\u0219te tehnologia de imprimare, solu\u021biile de marketing,eficien\u021b\u0103 economic\u0103 \u0219i siguran\u021b\u0103 a livr\u0103rilor.[\/vc_column_text][\/vc_column][vc_column width=&#8221;1\/2&#8243;]<div class=\"centered-box gem-image-centered-box\" ><div class=\"gem-image gem-wrapbox gem-wrapbox-style-default gem-wrapbox-position-centered lazy-loading  thegem-custom-69e198d16146b7273\"  style=\"\" ><div class=\"gem-wrapbox-inner  lazy-loading-item\"  data-ll-effect=\"move-up\"><img class=\"gem-wrapbox-element img-responsive\" src=\"https:\/\/inovalabel.com\/wp-content\/uploads\/2020\/10\/Inovalabel-Markets-Food.jpg\" alt=\"\"\/><\/div><\/div><\/div>[\/vc_column][\/vc_row][vc_row][vc_column][vc_row_inner css=&#8221;.vc_custom_1542203551526{margin-top: 0px !important;margin-bottom: 0px !important;padding-top: 0px !important;padding-bottom: 0px !important;}&#8221;][vc_column_inner offset=&#8221;vc_hidden-xs&#8221; css=&#8221;.vc_custom_1542203561046{margin-top: 0px !important;margin-bottom: 0px !important;padding-top: 0px !important;padding-bottom: 0px !important;}&#8221;]<div class=\"clearboth\"><\/div><style>#thegem-divider-69e198d1614d7 {margin-top: 40px !important;}<\/style><div id=\"thegem-divider-69e198d1614d7\" class=\"gem-divider  \" style=\"\" ><\/div>[\/vc_column_inner][\/vc_row_inner]<div style=''  class=\"gem-quote gem-quote-style-1 gem-quote-no-paddings custom-color-blockqute-mark-added\" ><blockquote  ><\/p>\n<div class=\"styled-subtitle\" style=\"text-align: center;\">Pentru o solu\u0163ie optim\u0103, adaptat\u0103 nevoilor Dvs., v\u0103 rug\u0103m\u00a0<a title=\"Contact\" href=\"https:\/\/inovalabel.com\/contact-us\/\">contacta\u0163i<\/a> Consultantul Dvs. de v\u00e2nz\u0103ri. Noi suntem specialistul Dvs., de la design, p\u00e2n\u0103 la etichetare.<\/div>\n<p><\/blockquote><span style=color:#febd11;  class=\"custom-color-blockqute-mark\">&#xe60c;<\/span><\/div>[\/vc_column][\/vc_row][vc_row][vc_column width=&#8221;1\/5&#8243;]<div class=\"lazy-loading\" data-ll-item-delay=\"0\"><div class=\"gem-textbox  lazy-loading-item centered-box\"  data-ll-effect=\"move-up\" ><div class=\"gem-textbox-top gem-textbox-top-note-1\"><svg width=\"100%\" height=\"31\" style=\"fill: #f4f6f7;\"><defs><pattern id=\"pattern-1776392401-94\" x=\"11\" y=\"0\" width=\"23\" height=\"32\" patternUnits=\"userSpaceOnUse\" ><path d=\"M20,9h3V0H0v9h3c2.209,0,4,1.791,4,4v6c0,2.209-1.791,4-4,4H0v9h23v-9h-3c-2.209,0-4-1.791-4-4v-6C16,10.791,17.791,9,20,9z\" \/><\/pattern><\/defs><rect x=\"0\" y=\"0\" width=\"100%\" height=\"32\" style=\"fill: url(#pattern-1776392401-94);\" \/><\/svg><\/div><div class=\"gem-textbox-picture centered-box\"><img src=\"https:\/\/inovalabel.com\/wp-content\/uploads\/2020\/10\/Inovalabel-Markets-Food.jpg\" alt=\"Food Labels\" class=\"img-responsive\" \/><\/div><div class=\"gem-textbox-inner gem-textbox-after-image\" style=\"\"><div class=\"gem-textbox-content\" style=\"background-color: #f4f6f7;background-position: center top;\">[vc_column_text]<\/p>\n<h5 style=\"text-align: center;\">DOMENIUL ALIMENTAR<\/h5>\n<p>[\/vc_column_text]<div class=\"clearboth\"><\/div><style>#thegem-divider-69e198d161580 {margin-top: 75px !important;}<\/style><div id=\"thegem-divider-69e198d161580\" class=\"gem-divider  \" style=\"\" ><\/div>[vc_column_text]<\/p>\n<p style=\"text-align: center;\">Modul decorativ de a oferi con\u021binut unui produs.<\/p>\n<p>[\/vc_column_text]<div class=\"gem-button-container gem-button-position-center thegem-button-69e198d1615fb1047    \"  ><a title=\"Food\" class=\"gem-button gem-button-size-small gem-button-style-outline gem-button-text-weight-normal gem-button-border-2\" data-ll-effect=\"drop-right-without-wrap\" style=\"border-radius: 0px;\" onmouseleave=\"\" onmouseenter=\"\" href=\"https:\/\/inovalabel.com\/markets\/food\/\" target=\"_self\">Mai mult<\/a><\/div> <\/div><\/div><\/div><\/div>[\/vc_column][vc_column width=&#8221;1\/5&#8243;]<div class=\"lazy-loading\" data-ll-item-delay=\"0\"><div class=\"gem-textbox  lazy-loading-item centered-box\"  data-ll-effect=\"move-up\" ><div class=\"gem-textbox-top gem-textbox-top-note-1\"><svg width=\"100%\" height=\"31\" style=\"fill: #f4f6f7;\"><defs><pattern id=\"pattern-1776392401-80\" x=\"11\" y=\"0\" width=\"23\" height=\"32\" patternUnits=\"userSpaceOnUse\" ><path d=\"M20,9h3V0H0v9h3c2.209,0,4,1.791,4,4v6c0,2.209-1.791,4-4,4H0v9h23v-9h-3c-2.209,0-4-1.791-4-4v-6C16,10.791,17.791,9,20,9z\" \/><\/pattern><\/defs><rect x=\"0\" y=\"0\" width=\"100%\" height=\"32\" style=\"fill: url(#pattern-1776392401-80);\" \/><\/svg><\/div><div class=\"gem-textbox-picture centered-box\"><img src=\"https:\/\/inovalabel.com\/wp-content\/uploads\/2020\/10\/Inovalabel-Markets-Beverages.jpg\" alt=\"Beverage Labels\" class=\"img-responsive\" \/><\/div><div class=\"gem-textbox-inner gem-textbox-after-image\" style=\"\"><div class=\"gem-textbox-content\" style=\"background-color: #f4f6f7;background-position: center top;\">[vc_column_text]<\/p>\n<h5 style=\"text-align: center;\">B\u0102UTURI<\/h5>\n<p>[\/vc_column_text]<div class=\"clearboth\"><\/div><style>#thegem-divider-69e198d1616bc {margin-top: 105px !important;}<\/style><div id=\"thegem-divider-69e198d1616bc\" class=\"gem-divider  \" style=\"\" ><\/div>[vc_column_text]<\/p>\n<p style=\"text-align: center;\">Un decor care diferen\u021biaz\u0103 cu adev\u0103rat produsele.<\/p>\n<p>[\/vc_column_text]<div class=\"gem-button-container gem-button-position-center thegem-button-69e198d16173c4344    \"  ><a title=\"Beverages\" class=\"gem-button gem-button-size-small gem-button-style-outline gem-button-text-weight-normal gem-button-border-2\" data-ll-effect=\"drop-right-without-wrap\" style=\"border-radius: 0px;\" onmouseleave=\"\" onmouseenter=\"\" href=\"https:\/\/inovalabel.com\/markets\/beverages\/\" target=\"_self\">Mai mult<\/a><\/div> <\/div><\/div><\/div><\/div>[\/vc_column][vc_column width=&#8221;1\/5&#8243;]<div class=\"lazy-loading\" data-ll-item-delay=\"0\"><div class=\"gem-textbox  lazy-loading-item centered-box\"  data-ll-effect=\"move-up\" ><div class=\"gem-textbox-top gem-textbox-top-note-1\"><svg width=\"100%\" height=\"31\" style=\"fill: #f4f6f7;\"><defs><pattern id=\"pattern-1776392401-54\" x=\"11\" y=\"0\" width=\"23\" height=\"32\" patternUnits=\"userSpaceOnUse\" ><path d=\"M20,9h3V0H0v9h3c2.209,0,4,1.791,4,4v6c0,2.209-1.791,4-4,4H0v9h23v-9h-3c-2.209,0-4-1.791-4-4v-6C16,10.791,17.791,9,20,9z\" \/><\/pattern><\/defs><rect x=\"0\" y=\"0\" width=\"100%\" height=\"32\" style=\"fill: url(#pattern-1776392401-54);\" \/><\/svg><\/div><div class=\"gem-textbox-picture centered-box\"><img src=\"https:\/\/inovalabel.com\/wp-content\/uploads\/2020\/10\/Inovalabel-Markets-Cosmetics.jpg\" alt=\"Cosmetics Hair and Body Care Labels\" class=\"img-responsive\" \/><\/div><div class=\"gem-textbox-inner gem-textbox-after-image\" style=\"\"><div class=\"gem-textbox-content\" style=\"background-color: #f4f6f7;background-position: center top;\">[vc_column_text]<\/p>\n<h5 style=\"text-align: center;\">COSMETICE, \u00ceNGRIJIRE A P\u0102RULUI \u0218I A CORPULUI<\/h5>\n<p>[\/vc_column_text][vc_column_text]<\/p>\n<p style=\"text-align: center;\">Decor minunat pentru efecte str\u0103lucitoare.<\/p>\n<p>[\/vc_column_text]<div class=\"gem-button-container gem-button-position-center thegem-button-69e198d1618ea6952    \"  ><a title=\"Cosmetics, Hair and Body Care\" class=\"gem-button gem-button-size-small gem-button-style-outline gem-button-text-weight-normal gem-button-border-2\" data-ll-effect=\"drop-right-without-wrap\" style=\"border-radius: 0px;\" onmouseleave=\"\" onmouseenter=\"\" href=\"https:\/\/inovalabel.com\/markets\/cosmetics-hair-body-care\/\" target=\"_self\">Mai mult<\/a><\/div> <\/div><\/div><\/div><\/div>[\/vc_column][vc_column width=&#8221;1\/5&#8243;]<div class=\"lazy-loading\" data-ll-item-delay=\"0\"><div class=\"gem-textbox  lazy-loading-item centered-box\"  data-ll-effect=\"move-up\" ><div class=\"gem-textbox-top gem-textbox-top-note-1\"><svg width=\"100%\" height=\"31\" style=\"fill: #f4f6f7;\"><defs><pattern id=\"pattern-1776392401-5\" x=\"11\" y=\"0\" width=\"23\" height=\"32\" patternUnits=\"userSpaceOnUse\" ><path d=\"M20,9h3V0H0v9h3c2.209,0,4,1.791,4,4v6c0,2.209-1.791,4-4,4H0v9h23v-9h-3c-2.209,0-4-1.791-4-4v-6C16,10.791,17.791,9,20,9z\" \/><\/pattern><\/defs><rect x=\"0\" y=\"0\" width=\"100%\" height=\"32\" style=\"fill: url(#pattern-1776392401-5);\" \/><\/svg><\/div><div class=\"gem-textbox-picture centered-box\"><img src=\"https:\/\/inovalabel.com\/wp-content\/uploads\/2020\/10\/Inovalabel-Markets-Pharma.jpg\" alt=\"Inovalabel-Markets-Pharma-Labels\" class=\"img-responsive\" \/><\/div><div class=\"gem-textbox-inner gem-textbox-after-image\" style=\"\"><div class=\"gem-textbox-content\" style=\"background-color: #f4f6f7;background-position: center top;\">[vc_column_text]<\/p>\n<h5 style=\"text-align: center;\">DOMENIUL FARMACEUTIC<\/h5>\n<p>[\/vc_column_text]<div class=\"clearboth\"><\/div><style>#thegem-divider-69e198d1619d0 {margin-top: 75px !important;}<\/style><div id=\"thegem-divider-69e198d1619d0\" class=\"gem-divider  \" style=\"\" ><\/div>[vc_column_text]<\/p>\n<p style=\"text-align: center;\">Securitate complet\u0103 datorit\u0103 etichet\u0103rii fiabile.<\/p>\n<p>[\/vc_column_text]<div class=\"gem-button-container gem-button-position-center thegem-button-69e198d161a502761    \"  ><a title=\"Pharma\" class=\"gem-button gem-button-size-small gem-button-style-outline gem-button-text-weight-normal gem-button-border-2\" data-ll-effect=\"drop-right-without-wrap\" style=\"border-radius: 0px;\" onmouseleave=\"\" onmouseenter=\"\" href=\"https:\/\/inovalabel.com\/markets\/pharma\/\" target=\"_self\">Mai mult<\/a><\/div> <\/div><\/div><\/div><\/div>[\/vc_column][vc_column width=&#8221;1\/5&#8243;]<div class=\"lazy-loading\" data-ll-item-delay=\"0\"><div class=\"gem-textbox  lazy-loading-item centered-box\"  data-ll-effect=\"move-up\" ><div class=\"gem-textbox-top gem-textbox-top-note-1\"><svg width=\"100%\" height=\"31\" style=\"fill: #f4f6f7;\"><defs><pattern id=\"pattern-1776392401-42\" x=\"11\" y=\"0\" width=\"23\" height=\"32\" patternUnits=\"userSpaceOnUse\" ><path d=\"M20,9h3V0H0v9h3c2.209,0,4,1.791,4,4v6c0,2.209-1.791,4-4,4H0v9h23v-9h-3c-2.209,0-4-1.791-4-4v-6C16,10.791,17.791,9,20,9z\" \/><\/pattern><\/defs><rect x=\"0\" y=\"0\" width=\"100%\" height=\"32\" style=\"fill: url(#pattern-1776392401-42);\" \/><\/svg><\/div><div class=\"gem-textbox-picture centered-box\"><img src=\"https:\/\/inovalabel.com\/wp-content\/uploads\/2020\/10\/Inovalabel-Markets-Chem-Tech-Industry.jpg\" alt=\"Inovalabel-Markets-Chemical - Technical Industry\" class=\"img-responsive\" \/><\/div><div class=\"gem-textbox-inner gem-textbox-after-image\" style=\"\"><div class=\"gem-textbox-content\" style=\"background-color: #f4f6f7;background-position: center top;\">[vc_column_text]<\/p>\n<h5 style=\"text-align: center;\">INDUSTRIA CHIMICO &#8211; TEHNIC\u0102<\/h5>\n<p>[\/vc_column_text]<div class=\"clearboth\"><\/div><style>#thegem-divider-69e198d161b18 {margin-top: 45px !important;}<\/style><div id=\"thegem-divider-69e198d161b18\" class=\"gem-divider  \" style=\"\" ><\/div>[vc_column_text]<\/p>\n<p style=\"text-align: center;\">Informa\u021bii sigure combinate cu decor remarcabil.<\/p>\n<p>[\/vc_column_text]<div class=\"gem-button-container gem-button-position-center thegem-button-69e198d161ba69187    \"  ><a title=\"Chemical \u2013 Technical Industry\" class=\"gem-button gem-button-size-small gem-button-style-outline gem-button-text-weight-normal gem-button-border-2\" data-ll-effect=\"drop-right-without-wrap\" style=\"border-radius: 0px;\" onmouseleave=\"\" onmouseenter=\"\" href=\"https:\/\/inovalabel.com\/markets\/chemical-technical-industry\/\" target=\"_self\">Mai mult<\/a><\/div> <\/div><\/div><\/div><\/div>[\/vc_column][\/vc_row]<\/p>\n<\/div>","protected":false},"excerpt":{"rendered":"<p>[vc_row][vc_column width=&#8221;1\/2&#8243;][vc_column_text css_animation=&#8221;bottom-to-top&#8221;] Domeniul Alimentar [\/vc_column_text][vc_column_text css_animation=&#8221;bottom-to-top&#8221;]Modul decorativ de a oferi con\u021binut unui produs. Igiena \u0219i siguran\u021ba sunt asigurate la&#8230;<\/p>\n","protected":false},"author":1,"featured_media":26093,"parent":0,"menu_order":0,"comment_status":"closed","ping_status":"closed","template":"","meta":{"om_disable_all_campaigns":false,"footnotes":""},"class_list":["post-25262","page","type-page","status-publish","has-post-thumbnail"],"aioseo_notices":[],"_links":{"self":[{"href":"https:\/\/inovalabel.com\/ro\/wp-json\/wp\/v2\/pages\/25262","targetHints":{"allow":["GET"]}}],"collection":[{"href":"https:\/\/inovalabel.com\/ro\/wp-json\/wp\/v2\/pages"}],"about":[{"href":"https:\/\/inovalabel.com\/ro\/wp-json\/wp\/v2\/types\/page"}],"author":[{"embeddable":true,"href":"https:\/\/inovalabel.com\/ro\/wp-json\/wp\/v2\/users\/1"}],"replies":[{"embeddable":true,"href":"https:\/\/inovalabel.com\/ro\/wp-json\/wp\/v2\/comments?post=25262"}],"version-history":[{"count":31,"href":"https:\/\/inovalabel.com\/ro\/wp-json\/wp\/v2\/pages\/25262\/revisions"}],"predecessor-version":[{"id":27984,"href":"https:\/\/inovalabel.com\/ro\/wp-json\/wp\/v2\/pages\/25262\/revisions\/27984"}],"wp:featuredmedia":[{"embeddable":true,"href":"https:\/\/inovalabel.com\/ro\/wp-json\/wp\/v2\/media\/26093"}],"wp:attachment":[{"href":"https:\/\/inovalabel.com\/ro\/wp-json\/wp\/v2\/media?parent=25262"}],"curies":[{"name":"wp","href":"https:\/\/api.w.org\/{rel}","templated":true}]}}