{"id":25242,"date":"2020-07-31T07:48:59","date_gmt":"2020-07-31T04:48:59","guid":{"rendered":"https:\/\/stefwebdesign.com\/inovalabel\/?page_id=25242"},"modified":"2025-02-19T09:00:58","modified_gmt":"2025-02-19T07:00:58","slug":"pharma-competence","status":"publish","type":"page","link":"https:\/\/inovalabel.com\/ro\/pharma-competence\/","title":{"rendered":"Competen\u021ba farmaceutic\u0103"},"content":{"rendered":"<div class=\"wpb-content-wrapper\"><p><\/p>\n<p>[vc_row][vc_column width=&#8221;1\/2&#8243;]<div class=\"clearboth\"><\/div><style>#thegem-divider-69f336ef8d149 {margin-top: 40px !important;}<\/style><div id=\"thegem-divider-69f336ef8d149\" class=\"gem-divider  \" style=\"\" ><\/div>[vc_column_text css_animation=&#8221;bottom-to-top&#8221;]<\/p>\n<h2>Competen\u021ba farmaceutic\u0103<\/h2>\n<p>[\/vc_column_text][vc_column_text css_animation=&#8221;bottom-to-top&#8221;]<strong>Securitate complet\u0103 datorit\u0103 etichet\u0103rii fiabile.<\/strong><\/p>\n<p>Inovalabel are mul\u021bi ani de experien\u021b\u0103 \u0219i expertiz\u0103 vast\u0103 \u00een producerea de etichete farmaceutice.<\/p>\n<p>Cl\u0103direa noastr\u0103 modern\u0103 pentru produc\u021bie permite desf\u0103\u0219urarea de procese certificate GMP. Auditurile specifice ale exper\u021bilor \u0219i clien\u021bilor asigur\u0103 standarde certificate \u0219i garanteaz\u0103 calitatea continu\u0103.<\/p>\n<p><span style=\"text-decoration: underline;\">Etichete farmaceutice<\/span><br \/>\nEtichete cu valoare ad\u0103ugat\u0103 pentru industria farmaceutic\u0103 \u0219i chimic\u0103: func\u021bionale \u0219i individuale.<\/p>\n<p><span style=\"text-decoration: underline;\">Etichete pentru teste clinice<\/span><br \/>\nProduse excelente: design individual cu mult spa\u021biu, etichete booklet.[\/vc_column_text]<div class=\"clearboth\"><\/div><style>#thegem-divider-69f336ef8d198 {margin-top: 10px !important;}<\/style><div id=\"thegem-divider-69f336ef8d198\" class=\"gem-divider  \" style=\"\" ><\/div>[\/vc_column][vc_column width=&#8221;1\/2&#8243;]<div class=\"centered-box gem-image-centered-box\" ><div class=\"gem-image gem-wrapbox gem-wrapbox-style-default gem-wrapbox-position-centered lazy-loading  thegem-custom-69f336ef8d1d35313\"  style=\"\" ><div class=\"gem-wrapbox-inner  lazy-loading-item\"  data-ll-effect=\"move-up\"><img class=\"gem-wrapbox-element img-responsive\" src=\"https:\/\/inovalabel.com\/wp-content\/uploads\/2020\/10\/Inovalabel-Pharma-Competence.jpg\" alt=\"\"\/><\/div><\/div><\/div>[\/vc_column][\/vc_row][vc_row][vc_column][vc_row_inner css=&#8221;.vc_custom_1542203551526{margin-top: 0px !important;margin-bottom: 0px !important;padding-top: 0px !important;padding-bottom: 0px !important;}&#8221;][vc_column_inner offset=&#8221;vc_hidden-xs&#8221; css=&#8221;.vc_custom_1542203561046{margin-top: 0px !important;margin-bottom: 0px !important;padding-top: 0px !important;padding-bottom: 0px !important;}&#8221;]<div class=\"clearboth\"><\/div><style>#thegem-divider-69f336ef8d249 {margin-top: 40px !important;}<\/style><div id=\"thegem-divider-69f336ef8d249\" class=\"gem-divider  \" style=\"\" ><\/div>[\/vc_column_inner][\/vc_row_inner]<div style=''  class=\"gem-quote gem-quote-style-1 gem-quote-no-paddings custom-color-blockqute-mark-added\" ><blockquote  ><\/p>\n<div class=\"styled-subtitle\">&#8230;Noi suntem specialistul Dvs., de la design, p\u00e2n\u0103 la etichetare.<\/div>\n<p><\/blockquote><span style=color:#febd11;  class=\"custom-color-blockqute-mark\">&#xe60c;<\/span><\/div>[\/vc_column][\/vc_row][vc_row full_width=&#8221;stretch_row&#8221; css=&#8221;.vc_custom_1601982550146{margin-top: 0px !important;margin-bottom: 0px !important;padding-top: 0px !important;padding-bottom: 0px !important;}&#8221;][vc_column width=&#8221;1\/3&#8243;]<div class=\"lazy-loading\" data-ll-item-delay=\"0\"><div class=\"gem-textbox  lazy-loading-item centered-box\"  data-ll-effect=\"move-up\" ><div class=\"gem-textbox-top gem-textbox-top-note-1\"><svg width=\"100%\" height=\"31\" style=\"fill: #f4f6f7;\"><defs><pattern id=\"pattern-1777546991-96\" x=\"11\" y=\"0\" width=\"23\" height=\"32\" patternUnits=\"userSpaceOnUse\" ><path d=\"M20,9h3V0H0v9h3c2.209,0,4,1.791,4,4v6c0,2.209-1.791,4-4,4H0v9h23v-9h-3c-2.209,0-4-1.791-4-4v-6C16,10.791,17.791,9,20,9z\" \/><\/pattern><\/defs><rect x=\"0\" y=\"0\" width=\"100%\" height=\"32\" style=\"fill: url(#pattern-1777546991-96);\" \/><\/svg><\/div><div class=\"gem-textbox-picture centered-box\"><img src=\"https:\/\/inovalabel.com\/wp-content\/uploads\/2020\/10\/Inovalabel-About-Us-1320x965-1.jpg\" alt=\"Inovalabel-About-Us\" class=\"img-responsive\" \/><\/div><div class=\"gem-textbox-inner gem-textbox-after-image\" style=\"\"><div class=\"gem-textbox-content\" style=\"background-color: #f4f6f7;background-position: center top;\">[vc_column_text]<\/p>\n<h5 style=\"text-align: center;\">INOVALABEL<\/h5>\n<p>[\/vc_column_text]<div class=\"clearboth\"><\/div><style>#thegem-divider-69f336ef8d2f1 {margin-top: 50px !important;}<\/style><div id=\"thegem-divider-69f336ef8d2f1\" class=\"gem-divider  \" style=\"\" ><\/div>[vc_column_text]<\/p>\n<p style=\"text-align: center;\">Procesele eficiente \u0219i angaja\u021bii bine preg\u0103ti\u021bi \u0219i motiva\u021bi sunt fundamentele dezvolt\u0103rii companiei.<\/p>\n<p>[\/vc_column_text]<div class=\"clearboth\"><\/div><style>#thegem-divider-69f336ef8d311 {margin-top: 40px !important;}<\/style><div id=\"thegem-divider-69f336ef8d311\" class=\"gem-divider  \" style=\"\" ><\/div><div class=\"gem-button-container gem-button-position-center thegem-button-69f336ef8d3887124    \"  ><a title=\"Inovalabel\" class=\"gem-button gem-button-size-small gem-button-style-outline gem-button-text-weight-normal gem-button-border-2\" data-ll-effect=\"drop-right-without-wrap\" style=\"border-radius: 0px;\" onmouseleave=\"\" onmouseenter=\"\" href=\"https:\/\/inovalabel.com\/about-us\/inovalabel\/\" target=\"_self\">Mai mult<\/a><\/div> <\/div><\/div><\/div><\/div>[\/vc_column][vc_column width=&#8221;1\/3&#8243;]<div class=\"lazy-loading\" data-ll-item-delay=\"0\"><div class=\"gem-textbox  lazy-loading-item centered-box\"  data-ll-effect=\"move-up\" ><div class=\"gem-textbox-top gem-textbox-top-note-1\"><svg width=\"100%\" height=\"31\" style=\"fill: #f4f6f7;\"><defs><pattern id=\"pattern-1777546991-35\" x=\"11\" y=\"0\" width=\"23\" height=\"32\" patternUnits=\"userSpaceOnUse\" ><path d=\"M20,9h3V0H0v9h3c2.209,0,4,1.791,4,4v6c0,2.209-1.791,4-4,4H0v9h23v-9h-3c-2.209,0-4-1.791-4-4v-6C16,10.791,17.791,9,20,9z\" \/><\/pattern><\/defs><rect x=\"0\" y=\"0\" width=\"100%\" height=\"32\" style=\"fill: url(#pattern-1777546991-35);\" \/><\/svg><\/div><div class=\"gem-textbox-picture centered-box\"><img src=\"https:\/\/inovalabel.com\/wp-content\/uploads\/2020\/10\/Inovalabel-Innovation-1320x965-1.jpg\" alt=\"innovation\" class=\"img-responsive\" \/><\/div><div class=\"gem-textbox-inner gem-textbox-after-image\" style=\"\"><div class=\"gem-textbox-content\" style=\"background-color: #f4f6f7;background-position: center top;\">[vc_column_text]<\/p>\n<h5 style=\"text-align: center;\">INOVA\u0162IE<\/h5>\n<p>[\/vc_column_text]<div class=\"clearboth\"><\/div><style>#thegem-divider-69f336ef8d446 {margin-top: 50px !important;}<\/style><div id=\"thegem-divider-69f336ef8d446\" class=\"gem-divider  \" style=\"\" ><\/div>[vc_column_text]<\/p>\n<p style=\"text-align: center;\">Datorit\u0103 unei echipe puternice \u0219i a celei mai noi tehnologii, Inovalabel dezvolt\u0103 solu\u021bii complexe de etichete pentru o mare varietate de industrii.<\/p>\n<p>[\/vc_column_text]<div class=\"gem-button-container gem-button-position-center thegem-button-69f336ef8d4bc3950    \"  ><a title=\"Innovation\" class=\"gem-button gem-button-size-small gem-button-style-outline gem-button-text-weight-normal gem-button-border-2\" data-ll-effect=\"drop-right-without-wrap\" style=\"border-radius: 0px;\" onmouseleave=\"\" onmouseenter=\"\" href=\"https:\/\/inovalabel.com\/about-us\/innovation\/\" target=\"_self\">Mai mult<\/a><\/div> <\/div><\/div><\/div><\/div>[\/vc_column][vc_column width=&#8221;1\/3&#8243;]<div class=\"lazy-loading\" data-ll-item-delay=\"0\"><div class=\"gem-textbox  lazy-loading-item centered-box\"  data-ll-effect=\"move-up\" ><div class=\"gem-textbox-top gem-textbox-top-note-1\"><svg width=\"100%\" height=\"31\" style=\"fill: #f4f6f7;\"><defs><pattern id=\"pattern-1777546991-26\" x=\"11\" y=\"0\" width=\"23\" height=\"32\" patternUnits=\"userSpaceOnUse\" ><path d=\"M20,9h3V0H0v9h3c2.209,0,4,1.791,4,4v6c0,2.209-1.791,4-4,4H0v9h23v-9h-3c-2.209,0-4-1.791-4-4v-6C16,10.791,17.791,9,20,9z\" \/><\/pattern><\/defs><rect x=\"0\" y=\"0\" width=\"100%\" height=\"32\" style=\"fill: url(#pattern-1777546991-26);\" \/><\/svg><\/div><div class=\"gem-textbox-picture centered-box\"><img src=\"https:\/\/inovalabel.com\/wp-content\/uploads\/2020\/10\/Inovalabel-Pharma-Competence-1320x965-1.jpg\" alt=\"Inovalabel-Pharma-Competence\" class=\"img-responsive\" \/><\/div><div class=\"gem-textbox-inner gem-textbox-after-image\" style=\"\"><div class=\"gem-textbox-content\" style=\"background-color: #f4f6f7;background-position: center top;\">[vc_column_text]<\/p>\n<h5 style=\"text-align: center;\">COMPETEN\u021aA FARMACEUTIC\u0102<\/h5>\n<p>[\/vc_column_text]<div class=\"clearboth\"><\/div><style>#thegem-divider-69f336ef8d57b {margin-top: 20px !important;}<\/style><div id=\"thegem-divider-69f336ef8d57b\" class=\"gem-divider  \" style=\"\" ><\/div>[vc_column_text]<\/p>\n<p style=\"text-align: center;\">Inovalabel are mul\u021bi ani de experien\u021b\u0103 \u0219i expertiz\u0103 vast\u0103 \u00een producerea de etichete farmaceutice.<\/p>\n<p>[\/vc_column_text]<div class=\"clearboth\"><\/div><style>#thegem-divider-69f336ef8d595 {margin-top: 40px !important;}<\/style><div id=\"thegem-divider-69f336ef8d595\" class=\"gem-divider  \" style=\"\" ><\/div><div class=\"gem-button-container gem-button-position-center thegem-button-69f336ef8d6073573    \"  ><a title=\"Pharma Competence\" class=\"gem-button gem-button-size-small gem-button-style-outline gem-button-text-weight-normal gem-button-border-2\" data-ll-effect=\"drop-right-without-wrap\" style=\"border-radius: 0px;\" onmouseleave=\"\" onmouseenter=\"\" href=\"https:\/\/inovalabel.com\/about-us\/pharma-competence\/\" target=\"_self\">Mai mult<\/a><\/div> <\/div><\/div><\/div><\/div>[\/vc_column][\/vc_row][vc_row full_width=&#8221;stretch_row&#8221; css=&#8221;.vc_custom_1601982558160{margin-top: 0px !important;margin-bottom: 0px !important;padding-top: 0px !important;padding-bottom: 0px !important;}&#8221;][vc_column width=&#8221;1\/3&#8243;]<div class=\"lazy-loading\" data-ll-item-delay=\"0\"><div class=\"gem-textbox  lazy-loading-item centered-box\"  data-ll-effect=\"move-up\" ><div class=\"gem-textbox-top gem-textbox-top-note-1\"><svg width=\"100%\" height=\"31\" style=\"fill: #f4f6f7;\"><defs><pattern id=\"pattern-1777546991-90\" x=\"11\" y=\"0\" width=\"23\" height=\"32\" patternUnits=\"userSpaceOnUse\" ><path d=\"M20,9h3V0H0v9h3c2.209,0,4,1.791,4,4v6c0,2.209-1.791,4-4,4H0v9h23v-9h-3c-2.209,0-4-1.791-4-4v-6C16,10.791,17.791,9,20,9z\" \/><\/pattern><\/defs><rect x=\"0\" y=\"0\" width=\"100%\" height=\"32\" style=\"fill: url(#pattern-1777546991-90);\" \/><\/svg><\/div><div class=\"gem-textbox-picture centered-box\"><img src=\"https:\/\/inovalabel.com\/wp-content\/uploads\/2020\/10\/Inovalabel-Technology-1320x965-1.jpg\" alt=\"Inovalabel-Technology\" class=\"img-responsive\" \/><\/div><div class=\"gem-textbox-inner gem-textbox-after-image\" style=\"\"><div class=\"gem-textbox-content\" style=\"background-color: #f4f6f7;background-position: center top;\">[vc_column_text]<\/p>\n<h5 style=\"text-align: center;\">TEHNOLOGIE<\/h5>\n<p>[\/vc_column_text]<div class=\"clearboth\"><\/div><style>#thegem-divider-69f336ef8d6c0 {margin-top: 50px !important;}<\/style><div id=\"thegem-divider-69f336ef8d6c0\" class=\"gem-divider  \" style=\"\" ><\/div>[vc_column_text]<\/p>\n<p style=\"text-align: center;\">\u00cen cl\u0103direa noastr\u0103 de produc\u021bie recent construit\u0103 avem cele mai moderne ma\u0219ini de imprimat.<\/p>\n<p>[\/vc_column_text]<div class=\"gem-button-container gem-button-position-center thegem-button-69f336ef8d73e8745    \"  ><a title=\"Technology\" class=\"gem-button gem-button-size-small gem-button-style-outline gem-button-text-weight-normal gem-button-border-2\" data-ll-effect=\"drop-right-without-wrap\" style=\"border-radius: 0px;\" onmouseleave=\"\" onmouseenter=\"\" href=\"https:\/\/inovalabel.com\/about-us\/technology\/\" target=\"_self\">Mai mult<\/a><\/div> <\/div><\/div><\/div><\/div>[\/vc_column][vc_column width=&#8221;1\/3&#8243;]<div class=\"lazy-loading\" data-ll-item-delay=\"0\"><div class=\"gem-textbox  lazy-loading-item centered-box\"  data-ll-effect=\"move-up\" ><div class=\"gem-textbox-top gem-textbox-top-note-1\"><svg width=\"100%\" height=\"31\" style=\"fill: #f4f6f7;\"><defs><pattern id=\"pattern-1777546991-48\" x=\"11\" y=\"0\" width=\"23\" height=\"32\" patternUnits=\"userSpaceOnUse\" ><path d=\"M20,9h3V0H0v9h3c2.209,0,4,1.791,4,4v6c0,2.209-1.791,4-4,4H0v9h23v-9h-3c-2.209,0-4-1.791-4-4v-6C16,10.791,17.791,9,20,9z\" \/><\/pattern><\/defs><rect x=\"0\" y=\"0\" width=\"100%\" height=\"32\" style=\"fill: url(#pattern-1777546991-48);\" \/><\/svg><\/div><div class=\"gem-textbox-picture centered-box\"><img src=\"https:\/\/inovalabel.com\/wp-content\/uploads\/2020\/10\/Inovalabel-Quality-Management-1320x965-1.jpg\" alt=\"Inovalabel-Quality-Management\" class=\"img-responsive\" \/><\/div><div class=\"gem-textbox-inner gem-textbox-after-image\" style=\"\"><div class=\"gem-textbox-content\" style=\"background-color: #f4f6f7;background-position: center top;\">[vc_column_text]<\/p>\n<h5 style=\"text-align: center;\">MANAGEMENTUL CALIT\u0102\u021aII<\/h5>\n<p>[\/vc_column_text]<div class=\"clearboth\"><\/div><style>#thegem-divider-69f336ef8d7fd {margin-top: 50px !important;}<\/style><div id=\"thegem-divider-69f336ef8d7fd\" class=\"gem-divider  \" style=\"\" ><\/div>[vc_column_text]<\/p>\n<p style=\"text-align: center;\">Inovalabel este certificat\u0103 conform DIN EN ISO 9001 \u0219i \u00eendepline\u0219te cerin\u021bele GMP.<\/p>\n<p>[\/vc_column_text]<div class=\"clearboth\"><\/div><style>#thegem-divider-69f336ef8d816 {margin-top: 40px !important;}<\/style><div id=\"thegem-divider-69f336ef8d816\" class=\"gem-divider  \" style=\"\" ><\/div><div class=\"gem-button-container gem-button-position-center thegem-button-69f336ef8d8871050    \"  ><a title=\"Quality Management\" class=\"gem-button gem-button-size-small gem-button-style-outline gem-button-text-weight-normal gem-button-border-2\" data-ll-effect=\"drop-right-without-wrap\" style=\"border-radius: 0px;\" onmouseleave=\"\" onmouseenter=\"\" href=\"https:\/\/inovalabel.com\/about-us\/quality-management\/\" target=\"_self\">Mai mult<\/a><\/div> <\/div><\/div><\/div><\/div>[\/vc_column][vc_column width=&#8221;1\/3&#8243;]<div class=\"lazy-loading\" data-ll-item-delay=\"0\"><div class=\"gem-textbox  lazy-loading-item centered-box\"  data-ll-effect=\"move-up\" ><div class=\"gem-textbox-top gem-textbox-top-note-1\"><svg width=\"100%\" height=\"31\" style=\"fill: #f4f6f7;\"><defs><pattern id=\"pattern-1777546991-53\" x=\"11\" y=\"0\" width=\"23\" height=\"32\" patternUnits=\"userSpaceOnUse\" ><path d=\"M20,9h3V0H0v9h3c2.209,0,4,1.791,4,4v6c0,2.209-1.791,4-4,4H0v9h23v-9h-3c-2.209,0-4-1.791-4-4v-6C16,10.791,17.791,9,20,9z\" \/><\/pattern><\/defs><rect x=\"0\" y=\"0\" width=\"100%\" height=\"32\" style=\"fill: url(#pattern-1777546991-53);\" \/><\/svg><\/div><div class=\"gem-textbox-picture centered-box\"><img src=\"https:\/\/inovalabel.com\/wp-content\/uploads\/2020\/10\/Inovalabel-Social-Responsability-1320x965-1.jpg\" alt=\"Inovalabel-Social-Responsability\" class=\"img-responsive\" \/><\/div><div class=\"gem-textbox-inner gem-textbox-after-image\" style=\"\"><div class=\"gem-textbox-content\" style=\"background-color: #f4f6f7;background-position: center top;\">[vc_column_text]<\/p>\n<h5 style=\"text-align: center;\">RESPONSABILITATEA SOCIAL\u0102 \u0218I ECOLOGIC\u0102<\/h5>\n<p>[\/vc_column_text]<div class=\"clearboth\"><\/div><style>#thegem-divider-69f336ef8d941 {margin-top: 20px !important;}<\/style><div id=\"thegem-divider-69f336ef8d941\" class=\"gem-divider  \" style=\"\" ><\/div>[vc_column_text]<\/p>\n<p style=\"text-align: center;\">Ne str\u0103duim s\u0103 recicl\u0103m materialele \u0219i s\u0103 optimiz\u0103m continuu amprenta noastr\u0103 ecologic\u0103.<\/p>\n<p>[\/vc_column_text]<div class=\"gem-button-container gem-button-position-center thegem-button-69f336ef8d9c76069    \"  ><a title=\"SOCIAL &amp; ECOLOGICAL RESPONSIBILITY\" class=\"gem-button gem-button-size-small gem-button-style-outline gem-button-text-weight-normal gem-button-border-2\" data-ll-effect=\"drop-right-without-wrap\" style=\"border-radius: 0px;\" onmouseleave=\"\" onmouseenter=\"\" href=\"https:\/\/inovalabel.com\/about-us\/social-responsibility\/\" target=\"_self\">Mai mult<\/a><\/div> <\/div><\/div><\/div><\/div>[\/vc_column][\/vc_row]<\/p>\n<p><\/p>\n<\/div>","protected":false},"excerpt":{"rendered":"<p>[vc_row][vc_column width=&#8221;1\/2&#8243;][vc_column_text css_animation=&#8221;bottom-to-top&#8221;] Competen\u021ba farmaceutic\u0103 [\/vc_column_text][vc_column_text css_animation=&#8221;bottom-to-top&#8221;]Securitate complet\u0103 datorit\u0103 etichet\u0103rii fiabile. Inovalabel are mul\u021bi ani de experien\u021b\u0103 \u0219i expertiz\u0103 vast\u0103&#8230;<\/p>\n","protected":false},"author":1,"featured_media":26097,"parent":0,"menu_order":2,"comment_status":"closed","ping_status":"closed","template":"","meta":{"om_disable_all_campaigns":false,"footnotes":""},"class_list":["post-25242","page","type-page","status-publish","has-post-thumbnail"],"aioseo_notices":[],"_links":{"self":[{"href":"https:\/\/inovalabel.com\/ro\/wp-json\/wp\/v2\/pages\/25242","targetHints":{"allow":["GET"]}}],"collection":[{"href":"https:\/\/inovalabel.com\/ro\/wp-json\/wp\/v2\/pages"}],"about":[{"href":"https:\/\/inovalabel.com\/ro\/wp-json\/wp\/v2\/types\/page"}],"author":[{"embeddable":true,"href":"https:\/\/inovalabel.com\/ro\/wp-json\/wp\/v2\/users\/1"}],"replies":[{"embeddable":true,"href":"https:\/\/inovalabel.com\/ro\/wp-json\/wp\/v2\/comments?post=25242"}],"version-history":[{"count":27,"href":"https:\/\/inovalabel.com\/ro\/wp-json\/wp\/v2\/pages\/25242\/revisions"}],"predecessor-version":[{"id":27951,"href":"https:\/\/inovalabel.com\/ro\/wp-json\/wp\/v2\/pages\/25242\/revisions\/27951"}],"wp:featuredmedia":[{"embeddable":true,"href":"https:\/\/inovalabel.com\/ro\/wp-json\/wp\/v2\/media\/26097"}],"wp:attachment":[{"href":"https:\/\/inovalabel.com\/ro\/wp-json\/wp\/v2\/media?parent=25242"}],"curies":[{"name":"wp","href":"https:\/\/api.w.org\/{rel}","templated":true}]}}