{"id":25409,"date":"2020-09-15T13:17:27","date_gmt":"2020-09-15T10:17:27","guid":{"rendered":"https:\/\/stefwebdesign.com\/inovalabel\/?page_id=25409"},"modified":"2025-02-19T08:41:15","modified_gmt":"2025-02-19T06:41:15","slug":"security","status":"publish","type":"page","link":"https:\/\/inovalabel.com\/fr\/security\/","title":{"rendered":"S\u00e9curit\u00e9"},"content":{"rendered":"<div class=\"wpb-content-wrapper\"><p>[vc_row][vc_column width=\u00a0\u00bb1\/2&Prime;]<div class=\"clearboth\"><\/div><style>#thegem-divider-69e1acc47643d {margin-top: 40px !important;}<\/style><div id=\"thegem-divider-69e1acc47643d\" class=\"gem-divider  \" style=\"\" ><\/div>[vc_column_text css_animation=\u00a0\u00bbbottom-to-top\u00a0\u00bb]<\/p>\n<h2>S\u00e9curit\u00e9<\/h2>\n<p>[\/vc_column_text][vc_column_text css_animation=\u00a0\u00bbbottom-to-top\u00a0\u00bb]<strong>Des \u00e9tiquettes intelligentes pour la s\u00e9curit\u00e9 des produits et des clients<\/strong>.<\/p>\n<p>Les \u00e9l\u00e9ments de s\u00e9curit\u00e9 des \u00e9tiquettes pr\u00e9servent le caract\u00e8re unique de vos produits. Qu&rsquo;il s&rsquo;agisse de garantie de premi\u00e8re ouverture, de protection contre le vol, de protection des marques ou de track &amp; trace, Inovalabel dispose du savoir-faire et de la technologie (empreinte invisible, encodage, blackmarking, s\u00e9rialisation, etc.)[\/vc_column_text]<div class=\"clearboth\"><\/div><style>#thegem-divider-69e1acc476463 {margin-top: 10px !important;}<\/style><div id=\"thegem-divider-69e1acc476463\" class=\"gem-divider  \" style=\"\" ><\/div>[\/vc_column][vc_column width=\u00a0\u00bb1\/2&Prime;]<div class=\"preloader\"><div class=\"preloader-spin\"><\/div><\/div> <div class=\"gem-gallery gem-gallery-hover-zooming-blur\"> <div class=\"gem-gallery-item\"> <div class=\"gem-gallery-item-image\"> <a href=\"https:\/\/inovalabel.com\/wp-content\/uploads\/2022\/05\/R_10-thegem-gallery-fullwidth.png\" data-fancybox-group=\"gallery-69e1acc476530\" data-full-image-url=\"https:\/\/inovalabel.com\/wp-content\/uploads\/2022\/05\/R_10.png\"> <svg width=\"20\" height=\"10\"><path d=\"M 0,10 Q 9,9 10,0 Q 11,9 20,10\" \/><\/svg> <img src=\"https:\/\/inovalabel.com\/wp-content\/uploads\/2022\/05\/R_10-thegem-post-thumb-small.png\" alt=\"\" class=\"img-responsive\"> <span class=\"gem-gallery-caption slide-info\"> <\/span> <\/a> <span class=\"gem-gallery-line\"><\/span> <\/div> <\/div> <div class=\"gem-gallery-item\"> <div class=\"gem-gallery-item-image\"> <a href=\"https:\/\/inovalabel.com\/wp-content\/uploads\/2022\/05\/security-oil-bottle-1-scaled-thegem-gallery-fullwidth.jpg\" data-fancybox-group=\"gallery-69e1acc476530\" data-full-image-url=\"https:\/\/inovalabel.com\/wp-content\/uploads\/2022\/05\/security-oil-bottle-1-scaled.jpg\"> <svg width=\"20\" height=\"10\"><path d=\"M 0,10 Q 9,9 10,0 Q 11,9 20,10\" \/><\/svg> <img src=\"https:\/\/inovalabel.com\/wp-content\/uploads\/2022\/05\/security-oil-bottle-1-scaled-thegem-post-thumb-small.jpg\" alt=\"\" class=\"img-responsive\"> <span class=\"gem-gallery-caption slide-info\"> <\/span> <\/a> <span class=\"gem-gallery-line\"><\/span> <\/div> <\/div> <div class=\"gem-gallery-item\"> <div class=\"gem-gallery-item-image\"> <a href=\"https:\/\/inovalabel.com\/wp-content\/uploads\/2022\/05\/syringe-scaled-thegem-gallery-fullwidth.jpg\" data-fancybox-group=\"gallery-69e1acc476530\" data-full-image-url=\"https:\/\/inovalabel.com\/wp-content\/uploads\/2022\/05\/syringe-scaled.jpg\"> <svg width=\"20\" height=\"10\"><path d=\"M 0,10 Q 9,9 10,0 Q 11,9 20,10\" \/><\/svg> <img src=\"https:\/\/inovalabel.com\/wp-content\/uploads\/2022\/05\/syringe-scaled-thegem-post-thumb-small.jpg\" alt=\"\" class=\"img-responsive\"> <span class=\"gem-gallery-caption slide-info\"> <\/span> <\/a> <span class=\"gem-gallery-line\"><\/span> <\/div> <\/div> <div class=\"gem-gallery-item\"> <div class=\"gem-gallery-item-image\"> <a href=\"https:\/\/inovalabel.com\/wp-content\/uploads\/2022\/05\/blister-scaled-thegem-gallery-fullwidth.jpg\" data-fancybox-group=\"gallery-69e1acc476530\" data-full-image-url=\"https:\/\/inovalabel.com\/wp-content\/uploads\/2022\/05\/blister-scaled.jpg\"> <svg width=\"20\" height=\"10\"><path d=\"M 0,10 Q 9,9 10,0 Q 11,9 20,10\" \/><\/svg> <img src=\"https:\/\/inovalabel.com\/wp-content\/uploads\/2022\/05\/blister-scaled-thegem-post-thumb-small.jpg\" alt=\"\" class=\"img-responsive\"> <span class=\"gem-gallery-caption slide-info\"> <\/span> <\/a> <span class=\"gem-gallery-line\"><\/span> <\/div> <\/div> <div class=\"gem-gallery-item\"> <div class=\"gem-gallery-item-image\"> <a href=\"https:\/\/inovalabel.com\/wp-content\/uploads\/2022\/05\/peel-off-thegem-gallery-fullwidth.jpg\" data-fancybox-group=\"gallery-69e1acc476530\" data-full-image-url=\"https:\/\/inovalabel.com\/wp-content\/uploads\/2022\/05\/peel-off.jpg\"> <svg width=\"20\" height=\"10\"><path d=\"M 0,10 Q 9,9 10,0 Q 11,9 20,10\" \/><\/svg> <img src=\"https:\/\/inovalabel.com\/wp-content\/uploads\/2022\/05\/peel-off-thegem-post-thumb-small.jpg\" alt=\"\" class=\"img-responsive\"> <span class=\"gem-gallery-caption slide-info\"> <\/span> <\/a> <span class=\"gem-gallery-line\"><\/span> <\/div> <\/div> <div class=\"gem-gallery-item\"> <div class=\"gem-gallery-item-image\"> <a href=\"https:\/\/inovalabel.com\/wp-content\/uploads\/2022\/05\/R_08-thegem-gallery-fullwidth.png\" data-fancybox-group=\"gallery-69e1acc476530\" data-full-image-url=\"https:\/\/inovalabel.com\/wp-content\/uploads\/2022\/05\/R_08.png\"> <svg width=\"20\" height=\"10\"><path d=\"M 0,10 Q 9,9 10,0 Q 11,9 20,10\" \/><\/svg> <img src=\"https:\/\/inovalabel.com\/wp-content\/uploads\/2022\/05\/R_08-thegem-post-thumb-small.png\" alt=\"\" class=\"img-responsive\"> <span class=\"gem-gallery-caption slide-info\"> <\/span> <\/a> <span class=\"gem-gallery-line\"><\/span> <\/div> <\/div> <\/div>[\/vc_column][\/vc_row][vc_row][vc_column][vc_row_inner css=\u00a0\u00bb.vc_custom_1542203551526{margin-top: 0px !important;margin-bottom: 0px !important;padding-top: 0px !important;padding-bottom: 0px !important;}\u00a0\u00bb][vc_column_inner offset=\u00a0\u00bbvc_hidden-xs\u00a0\u00bb css=\u00a0\u00bb.vc_custom_1542203561046{margin-top: 0px !important;margin-bottom: 0px !important;padding-top: 0px !important;padding-bottom: 0px !important;}\u00a0\u00bb]<div class=\"clearboth\"><\/div><style>#thegem-divider-69e1acc4767f9 {margin-top: 40px !important;}<\/style><div id=\"thegem-divider-69e1acc4767f9\" class=\"gem-divider  \" style=\"\" ><\/div>[\/vc_column_inner][\/vc_row_inner]<div style=''  class=\"gem-quote gem-quote-style-1 gem-quote-no-paddings custom-color-blockqute-mark-added\" ><blockquote  ><\/p>\n<div class=\"styled-subtitle\" style=\"text-align: center;\">Pour une solution optimale, adapt\u00e9e \u00e0 vos besoins, veuillez\u00a0<a href=\"https:\/\/inovalabel.com\/contact-us\/\">contacter<\/a>\u00a0votre conseiller commercial. Nous sommes votre sp\u00e9cialiste de la conception \u00e0 l\u2019\u00e9tiquetage des produits.<\/div>\n<p><\/blockquote><span style=color:#febd11;  class=\"custom-color-blockqute-mark\">&#xe60c;<\/span><\/div>[\/vc_column][\/vc_row][vc_row][vc_column width=\u00a0\u00bb1\/5&Prime;]<div class=\"lazy-loading\" data-ll-item-delay=\"0\"><div class=\"gem-textbox  lazy-loading-item centered-box\"  data-ll-effect=\"move-up\" ><div class=\"gem-textbox-top gem-textbox-top-note-1\"><svg width=\"100%\" height=\"31\" style=\"fill: #f4f6f7;\"><defs><pattern id=\"pattern-1776397508-35\" x=\"11\" y=\"0\" width=\"23\" height=\"32\" patternUnits=\"userSpaceOnUse\" ><path d=\"M20,9h3V0H0v9h3c2.209,0,4,1.791,4,4v6c0,2.209-1.791,4-4,4H0v9h23v-9h-3c-2.209,0-4-1.791-4-4v-6C16,10.791,17.791,9,20,9z\" \/><\/pattern><\/defs><rect x=\"0\" y=\"0\" width=\"100%\" height=\"32\" style=\"fill: url(#pattern-1776397508-35);\" \/><\/svg><\/div><div class=\"gem-textbox-picture centered-box\"><img src=\"https:\/\/inovalabel.com\/wp-content\/uploads\/2021\/06\/Decoration_Inovalabel_1.jpg\" alt=\"\" class=\"img-responsive\" \/><\/div><div class=\"gem-textbox-inner gem-textbox-after-image\" style=\"\"><div class=\"gem-textbox-content\" style=\"background-color: #f4f6f7;background-position: center top;\">[vc_column_text]<\/p>\n<h5 style=\"text-align: center;\">D\u00c9CORATION<\/h5>\n<p>[\/vc_column_text]<div class=\"clearboth\"><\/div><style>#thegem-divider-69e1acc4768a1 {margin-top: 20px !important;}<\/style><div id=\"thegem-divider-69e1acc4768a1\" class=\"gem-divider  \" style=\"\" ><\/div>[vc_column_text]<\/p>\n<p style=\"text-align: center;\">Des effets personnalis\u00e9s pour votre produit.<\/p>\n<p>[\/vc_column_text]<div class=\"clearboth\"><\/div><style>#thegem-divider-69e1acc4768ba {margin-top: 115px !important;}<\/style><div id=\"thegem-divider-69e1acc4768ba\" class=\"gem-divider  \" style=\"\" ><\/div><div class=\"gem-button-container gem-button-position-center thegem-button-69e1acc4769354155    \"  ><a title=\"Decoration\" class=\"gem-button gem-button-size-small gem-button-style-outline gem-button-text-weight-normal gem-button-border-2\" data-ll-effect=\"drop-right-without-wrap\" style=\"border-radius: 0px;\" onmouseleave=\"\" onmouseenter=\"\" href=\"https:\/\/inovalabel.com\/applications\/decoration\/\" target=\"_self\">plus<\/a><\/div> <\/div><\/div><\/div><\/div>[\/vc_column][vc_column width=\u00a0\u00bb1\/5&Prime;]<div class=\"lazy-loading\" data-ll-item-delay=\"0\"><div class=\"gem-textbox  lazy-loading-item centered-box\"  data-ll-effect=\"move-up\" ><div class=\"gem-textbox-top gem-textbox-top-note-1\"><svg width=\"100%\" height=\"31\" style=\"fill: #f4f6f7;\"><defs><pattern id=\"pattern-1776397508-41\" x=\"11\" y=\"0\" width=\"23\" height=\"32\" patternUnits=\"userSpaceOnUse\" ><path d=\"M20,9h3V0H0v9h3c2.209,0,4,1.791,4,4v6c0,2.209-1.791,4-4,4H0v9h23v-9h-3c-2.209,0-4-1.791-4-4v-6C16,10.791,17.791,9,20,9z\" \/><\/pattern><\/defs><rect x=\"0\" y=\"0\" width=\"100%\" height=\"32\" style=\"fill: url(#pattern-1776397508-41);\" \/><\/svg><\/div><div class=\"gem-textbox-picture centered-box\"><img src=\"https:\/\/inovalabel.com\/wp-content\/uploads\/2021\/06\/promotion_3__.jpg\" alt=\"\" class=\"img-responsive\" \/><\/div><div class=\"gem-textbox-inner gem-textbox-after-image\" style=\"\"><div class=\"gem-textbox-content\" style=\"background-color: #f4f6f7;background-position: center top;\">[vc_column_text]<\/p>\n<h5 style=\"text-align: center;\">PROMOTION<\/h5>\n<p>[\/vc_column_text]<div class=\"clearboth\"><\/div><style>#thegem-divider-69e1acc4769f0 {margin-top: 20px !important;}<\/style><div id=\"thegem-divider-69e1acc4769f0\" class=\"gem-divider  \" style=\"\" ><\/div>[vc_column_text]<\/p>\n<p style=\"text-align: center;\">Les \u00e9tiquettes multipages offrent des surfaces d\u2019expressions suppl\u00e9mentaire pour des promotions adapt\u00e9es.<\/p>\n<p>[\/vc_column_text]<div class=\"gem-button-container gem-button-position-center thegem-button-69e1acc476a661555    \"  ><a title=\"Promotion\" class=\"gem-button gem-button-size-small gem-button-style-outline gem-button-text-weight-normal gem-button-border-2\" data-ll-effect=\"drop-right-without-wrap\" style=\"border-radius: 0px;\" onmouseleave=\"\" onmouseenter=\"\" href=\"https:\/\/inovalabel.com\/applications\/promotion\/\" target=\"_self\">plus<\/a><\/div> <\/div><\/div><\/div><\/div>[\/vc_column][vc_column width=\u00a0\u00bb1\/5&Prime;]<div class=\"lazy-loading\" data-ll-item-delay=\"0\"><div class=\"gem-textbox  lazy-loading-item centered-box\"  data-ll-effect=\"move-up\" ><div class=\"gem-textbox-top gem-textbox-top-note-1\"><svg width=\"100%\" height=\"31\" style=\"fill: #f4f6f7;\"><defs><pattern id=\"pattern-1776397508-6\" x=\"11\" y=\"0\" width=\"23\" height=\"32\" patternUnits=\"userSpaceOnUse\" ><path d=\"M20,9h3V0H0v9h3c2.209,0,4,1.791,4,4v6c0,2.209-1.791,4-4,4H0v9h23v-9h-3c-2.209,0-4-1.791-4-4v-6C16,10.791,17.791,9,20,9z\" \/><\/pattern><\/defs><rect x=\"0\" y=\"0\" width=\"100%\" height=\"32\" style=\"fill: url(#pattern-1776397508-6);\" \/><\/svg><\/div><div class=\"gem-textbox-picture centered-box\"><img src=\"https:\/\/inovalabel.com\/wp-content\/uploads\/2021\/06\/Multipage_Inovalabel_1-scaled.jpg\" alt=\"\" class=\"img-responsive\" \/><\/div><div class=\"gem-textbox-inner gem-textbox-after-image\" style=\"\"><div class=\"gem-textbox-content\" style=\"background-color: #f4f6f7;background-position: center top;\">[vc_column_text]<\/p>\n<h5 style=\"text-align: center;\">INFORMATIONS<\/h5>\n<p>[\/vc_column_text]<div class=\"clearboth\"><\/div><style>#thegem-divider-69e1acc476b2c {margin-top: 20px !important;}<\/style><div id=\"thegem-divider-69e1acc476b2c\" class=\"gem-divider  \" style=\"\" ><\/div>[vc_column_text]<\/p>\n<p style=\"text-align: center;\">Les \u00e9tiquettes multipages offrent beaucoup d&rsquo;espace pour des informations compl\u00e8tes.<\/p>\n<p>[\/vc_column_text]<div class=\"clearboth\"><\/div><style>#thegem-divider-69e1acc476b45 {margin-top: 40px !important;}<\/style><div id=\"thegem-divider-69e1acc476b45\" class=\"gem-divider  \" style=\"\" ><\/div><div class=\"gem-button-container gem-button-position-center thegem-button-69e1acc476baf9558    \"  ><a title=\"Information\" class=\"gem-button gem-button-size-small gem-button-style-outline gem-button-text-weight-normal gem-button-border-2\" data-ll-effect=\"drop-right-without-wrap\" style=\"border-radius: 0px;\" onmouseleave=\"\" onmouseenter=\"\" href=\"https:\/\/inovalabel.com\/applications\/information\/\" target=\"_self\">plus<\/a><\/div> <\/div><\/div><\/div><\/div>[\/vc_column][vc_column width=\u00a0\u00bb1\/5&Prime;]<div class=\"lazy-loading\" data-ll-item-delay=\"0\"><div class=\"gem-textbox  lazy-loading-item centered-box\"  data-ll-effect=\"move-up\" ><div class=\"gem-textbox-top gem-textbox-top-note-1\"><svg width=\"100%\" height=\"31\" style=\"fill: #f4f6f7;\"><defs><pattern id=\"pattern-1776397508-30\" x=\"11\" y=\"0\" width=\"23\" height=\"32\" patternUnits=\"userSpaceOnUse\" ><path d=\"M20,9h3V0H0v9h3c2.209,0,4,1.791,4,4v6c0,2.209-1.791,4-4,4H0v9h23v-9h-3c-2.209,0-4-1.791-4-4v-6C16,10.791,17.791,9,20,9z\" \/><\/pattern><\/defs><rect x=\"0\" y=\"0\" width=\"100%\" height=\"32\" style=\"fill: url(#pattern-1776397508-30);\" \/><\/svg><\/div><div class=\"gem-textbox-picture centered-box\"><img src=\"https:\/\/inovalabel.com\/wp-content\/uploads\/2021\/06\/Security_Function_1_.jpg\" alt=\"\" class=\"img-responsive\" \/><\/div><div class=\"gem-textbox-inner gem-textbox-after-image\" style=\"\"><div class=\"gem-textbox-content\" style=\"background-color: #f4f6f7;background-position: center top;\">[vc_column_text]<\/p>\n<h5 style=\"text-align: center;\">S\u00c9CURIT\u00c9<\/h5>\n<p>[\/vc_column_text]<div class=\"clearboth\"><\/div><style>#thegem-divider-69e1acc476c5f {margin-top: 20px !important;}<\/style><div id=\"thegem-divider-69e1acc476c5f\" class=\"gem-divider  \" style=\"\" ><\/div>[vc_column_text]<\/p>\n<p style=\"text-align: center;\">Des \u00e9tiquettes intelligentes pour la s\u00e9curit\u00e9 des produits et des clients.<\/p>\n<p>[\/vc_column_text]<div class=\"clearboth\"><\/div><style>#thegem-divider-69e1acc476c76 {margin-top: 90px !important;}<\/style><div id=\"thegem-divider-69e1acc476c76\" class=\"gem-divider  \" style=\"\" ><\/div><div class=\"gem-button-container gem-button-position-center thegem-button-69e1acc476cdf6893    \"  ><a title=\"Security\" class=\"gem-button gem-button-size-small gem-button-style-outline gem-button-text-weight-normal gem-button-border-2\" data-ll-effect=\"drop-right-without-wrap\" style=\"border-radius: 0px;\" onmouseleave=\"\" onmouseenter=\"\" href=\"https:\/\/inovalabel.com\/applications\/security\/\" target=\"_self\">plus<\/a><\/div> <\/div><\/div><\/div><\/div>[\/vc_column][vc_column width=\u00a0\u00bb1\/5&Prime;]<div class=\"lazy-loading\" data-ll-item-delay=\"0\"><div class=\"gem-textbox  lazy-loading-item centered-box\"  data-ll-effect=\"move-up\" ><div class=\"gem-textbox-top gem-textbox-top-note-1\"><svg width=\"100%\" height=\"31\" style=\"fill: #f4f6f7;\"><defs><pattern id=\"pattern-1776397508-88\" x=\"11\" y=\"0\" width=\"23\" height=\"32\" patternUnits=\"userSpaceOnUse\" ><path d=\"M20,9h3V0H0v9h3c2.209,0,4,1.791,4,4v6c0,2.209-1.791,4-4,4H0v9h23v-9h-3c-2.209,0-4-1.791-4-4v-6C16,10.791,17.791,9,20,9z\" \/><\/pattern><\/defs><rect x=\"0\" y=\"0\" width=\"100%\" height=\"32\" style=\"fill: url(#pattern-1776397508-88);\" \/><\/svg><\/div><div class=\"gem-textbox-picture centered-box\"><img src=\"https:\/\/inovalabel.com\/wp-content\/uploads\/2021\/06\/Security-label_Inovalabel_2.jpg\" alt=\"\" class=\"img-responsive\" \/><\/div><div class=\"gem-textbox-inner gem-textbox-after-image\" style=\"\"><div class=\"gem-textbox-content\" style=\"background-color: #f4f6f7;background-position: center top;\">[vc_column_text]<\/p>\n<h5 style=\"text-align: center;\">FONCTION<\/h5>\n<p>[\/vc_column_text]<div class=\"clearboth\"><\/div><style>#thegem-divider-69e1acc476d89 {margin-top: 20px !important;}<\/style><div id=\"thegem-divider-69e1acc476d89\" class=\"gem-divider  \" style=\"\" ><\/div>[vc_column_text]<\/p>\n<p style=\"text-align: center;\">Des solutions optimis\u00e9es pour des applications fiables.<\/p>\n<p>[\/vc_column_text]<div class=\"clearboth\"><\/div><style>#thegem-divider-69e1acc476da0 {margin-top: 115px !important;}<\/style><div id=\"thegem-divider-69e1acc476da0\" class=\"gem-divider  \" style=\"\" ><\/div><div class=\"gem-button-container gem-button-position-center thegem-button-69e1acc476e099509    \"  ><a title=\"Function\" class=\"gem-button gem-button-size-small gem-button-style-outline gem-button-text-weight-normal gem-button-border-2\" data-ll-effect=\"drop-right-without-wrap\" style=\"border-radius: 0px;\" onmouseleave=\"\" onmouseenter=\"\" href=\"https:\/\/inovalabel.com\/applications\/function\/\" target=\"_self\">plus<\/a><\/div> <\/div><\/div><\/div><\/div>[\/vc_column][\/vc_row]<\/p>\n<\/div>","protected":false},"excerpt":{"rendered":"<p>[vc_row][vc_column width=\u00a0\u00bb1\/2&Prime;][vc_column_text css_animation=\u00a0\u00bbbottom-to-top\u00a0\u00bb] S\u00e9curit\u00e9 [\/vc_column_text][vc_column_text css_animation=\u00a0\u00bbbottom-to-top\u00a0\u00bb]Des \u00e9tiquettes intelligentes pour la s\u00e9curit\u00e9 des produits et des clients. Les \u00e9l\u00e9ments de s\u00e9curit\u00e9&#8230;<\/p>\n","protected":false},"author":1,"featured_media":0,"parent":0,"menu_order":3,"comment_status":"closed","ping_status":"closed","template":"","meta":{"om_disable_all_campaigns":false,"footnotes":""},"class_list":["post-25409","page","type-page","status-publish"],"aioseo_notices":[],"_links":{"self":[{"href":"https:\/\/inovalabel.com\/fr\/wp-json\/wp\/v2\/pages\/25409","targetHints":{"allow":["GET"]}}],"collection":[{"href":"https:\/\/inovalabel.com\/fr\/wp-json\/wp\/v2\/pages"}],"about":[{"href":"https:\/\/inovalabel.com\/fr\/wp-json\/wp\/v2\/types\/page"}],"author":[{"embeddable":true,"href":"https:\/\/inovalabel.com\/fr\/wp-json\/wp\/v2\/users\/1"}],"replies":[{"embeddable":true,"href":"https:\/\/inovalabel.com\/fr\/wp-json\/wp\/v2\/comments?post=25409"}],"version-history":[{"count":20,"href":"https:\/\/inovalabel.com\/fr\/wp-json\/wp\/v2\/pages\/25409\/revisions"}],"predecessor-version":[{"id":27942,"href":"https:\/\/inovalabel.com\/fr\/wp-json\/wp\/v2\/pages\/25409\/revisions\/27942"}],"wp:attachment":[{"href":"https:\/\/inovalabel.com\/fr\/wp-json\/wp\/v2\/media?parent=25409"}],"curies":[{"name":"wp","href":"https:\/\/api.w.org\/{rel}","templated":true}]}}