{"id":25397,"date":"2020-09-15T12:01:17","date_gmt":"2020-09-15T09:01:17","guid":{"rendered":"https:\/\/stefwebdesign.com\/inovalabel\/?page_id=25397"},"modified":"2025-02-19T08:37:16","modified_gmt":"2025-02-19T06:37:16","slug":"promotion","status":"publish","type":"page","link":"https:\/\/inovalabel.com\/fr\/promotion\/","title":{"rendered":"Promotion"},"content":{"rendered":"<div class=\"wpb-content-wrapper\"><p>[vc_row][vc_column width=\u00a0\u00bb1\/2&Prime;]<div class=\"clearboth\"><\/div><style>#thegem-divider-69e1acc53f2e8 {margin-top: 40px !important;}<\/style><div id=\"thegem-divider-69e1acc53f2e8\" class=\"gem-divider  \" style=\"\" ><\/div>[vc_column_text css_animation=\u00a0\u00bbbottom-to-top\u00a0\u00bb]<\/p>\n<h2>Promotion<\/h2>\n<p>[\/vc_column_text][vc_column_text css_animation=\u00a0\u00bbbottom-to-top\u00a0\u00bb]<strong>Les \u00e9tiquettes multipages offrent des surfaces d\u2019expressions suppl\u00e9mentaire pour des promotions adapt\u00e9es.<\/strong><\/p>\n<p>Leporello, les livrets et les multicouches sont de parfaits supports publicitaires. Sur d&rsquo;innombrables pages, ils offrent des surfaces d\u2019expressions pour des promotions cr\u00e9atives.<\/p>\n<p>Les loteries, les surces \u00e0 gratter, les encarts, les coupons, les sachets, les wobblers ou les \u00e9tiquettes ne sont que quelques-unes des possibilit\u00e9s pour positionner avec succ\u00e8s un produit sur le march\u00e9.<\/p>\n<p>Gr\u00e2ce aux codes, \u00e0 la s\u00e9rialisation et \u00e0 l&rsquo;impression individualis\u00e9e, il est \u00e9galement possible de cr\u00e9er un marketing direct significatif aupr\u00e8s des consommateurs.[\/vc_column_text]<div class=\"clearboth\"><\/div><style>#thegem-divider-69e1acc53f310 {margin-top: 10px !important;}<\/style><div id=\"thegem-divider-69e1acc53f310\" class=\"gem-divider  \" style=\"\" ><\/div>[\/vc_column][vc_column width=\u00a0\u00bb1\/2&Prime;]<div class=\"preloader\"><div class=\"preloader-spin\"><\/div><\/div> <div class=\"gem-gallery gem-gallery-hover-zooming-blur\" data-autoscroll=\"5000\"> <div class=\"gem-gallery-item\"> <div class=\"gem-gallery-item-image\"> <a href=\"https:\/\/inovalabel.com\/wp-content\/uploads\/2021\/06\/Promotion_Inovalabel_3_-thegem-gallery-fullwidth.jpg\" data-fancybox-group=\"gallery-69e1acc53f3f1\" data-full-image-url=\"https:\/\/inovalabel.com\/wp-content\/uploads\/2021\/06\/Promotion_Inovalabel_3_.jpg\"> <svg width=\"20\" height=\"10\"><path d=\"M 0,10 Q 9,9 10,0 Q 11,9 20,10\" \/><\/svg> <img src=\"https:\/\/inovalabel.com\/wp-content\/uploads\/2021\/06\/Promotion_Inovalabel_3_-thegem-post-thumb-small.jpg\" alt=\"\" class=\"img-responsive\"> <span class=\"gem-gallery-caption slide-info\"> <\/span> <\/a> <span class=\"gem-gallery-line\"><\/span> <\/div> <\/div> <div class=\"gem-gallery-item\"> <div class=\"gem-gallery-item-image\"> <a href=\"https:\/\/inovalabel.com\/wp-content\/uploads\/2021\/06\/Promotion_Inovalabel_2_-thegem-gallery-fullwidth.jpg\" data-fancybox-group=\"gallery-69e1acc53f3f1\" data-full-image-url=\"https:\/\/inovalabel.com\/wp-content\/uploads\/2021\/06\/Promotion_Inovalabel_2_.jpg\"> <svg width=\"20\" height=\"10\"><path d=\"M 0,10 Q 9,9 10,0 Q 11,9 20,10\" \/><\/svg> <img src=\"https:\/\/inovalabel.com\/wp-content\/uploads\/2021\/06\/Promotion_Inovalabel_2_-thegem-post-thumb-small.jpg\" alt=\"\" class=\"img-responsive\"> <span class=\"gem-gallery-caption slide-info\"> <\/span> <\/a> <span class=\"gem-gallery-line\"><\/span> <\/div> <\/div> <div class=\"gem-gallery-item\"> <div class=\"gem-gallery-item-image\"> <a href=\"https:\/\/inovalabel.com\/wp-content\/uploads\/2021\/06\/Promotion_Inovalabel_4_-thegem-gallery-fullwidth.jpg\" data-fancybox-group=\"gallery-69e1acc53f3f1\" data-full-image-url=\"https:\/\/inovalabel.com\/wp-content\/uploads\/2021\/06\/Promotion_Inovalabel_4_.jpg\"> <svg width=\"20\" height=\"10\"><path d=\"M 0,10 Q 9,9 10,0 Q 11,9 20,10\" \/><\/svg> <img src=\"https:\/\/inovalabel.com\/wp-content\/uploads\/2021\/06\/Promotion_Inovalabel_4_-thegem-post-thumb-small.jpg\" alt=\"\" class=\"img-responsive\"> <span class=\"gem-gallery-caption slide-info\"> <\/span> <\/a> <span class=\"gem-gallery-line\"><\/span> <\/div> <\/div> <div class=\"gem-gallery-item\"> <div class=\"gem-gallery-item-image\"> <a href=\"https:\/\/inovalabel.com\/wp-content\/uploads\/2020\/10\/promotion_3-thegem-gallery-fullwidth.jpg\" data-fancybox-group=\"gallery-69e1acc53f3f1\" data-full-image-url=\"https:\/\/inovalabel.com\/wp-content\/uploads\/2020\/10\/promotion_3.jpg\"> <svg width=\"20\" height=\"10\"><path d=\"M 0,10 Q 9,9 10,0 Q 11,9 20,10\" \/><\/svg> <img src=\"https:\/\/inovalabel.com\/wp-content\/uploads\/2020\/10\/promotion_3-thegem-post-thumb-small.jpg\" alt=\"Inovalabel-Promotion\" class=\"img-responsive\"> <span class=\"gem-gallery-caption slide-info\"> <\/span> <\/a> <span class=\"gem-gallery-line\"><\/span> <\/div> <\/div> <div class=\"gem-gallery-item\"> <div class=\"gem-gallery-item-image\"> <a href=\"https:\/\/inovalabel.com\/wp-content\/uploads\/2020\/10\/promotion_4-thegem-gallery-fullwidth.jpg\" data-fancybox-group=\"gallery-69e1acc53f3f1\" data-full-image-url=\"https:\/\/inovalabel.com\/wp-content\/uploads\/2020\/10\/promotion_4.jpg\"> <svg width=\"20\" height=\"10\"><path d=\"M 0,10 Q 9,9 10,0 Q 11,9 20,10\" \/><\/svg> <img src=\"https:\/\/inovalabel.com\/wp-content\/uploads\/2020\/10\/promotion_4-thegem-post-thumb-small.jpg\" alt=\"Inovalabel-Promotion\" class=\"img-responsive\"> <span class=\"gem-gallery-caption slide-info\"> <\/span> <\/a> <span class=\"gem-gallery-line\"><\/span> <\/div> <\/div> <div class=\"gem-gallery-item\"> <div class=\"gem-gallery-item-image\"> <a href=\"https:\/\/inovalabel.com\/wp-content\/uploads\/2020\/10\/promotion_5-thegem-gallery-fullwidth.jpg\" data-fancybox-group=\"gallery-69e1acc53f3f1\" data-full-image-url=\"https:\/\/inovalabel.com\/wp-content\/uploads\/2020\/10\/promotion_5.jpg\"> <svg width=\"20\" height=\"10\"><path d=\"M 0,10 Q 9,9 10,0 Q 11,9 20,10\" \/><\/svg> <img src=\"https:\/\/inovalabel.com\/wp-content\/uploads\/2020\/10\/promotion_5-thegem-post-thumb-small.jpg\" alt=\"Inovalabel-Promotion\" class=\"img-responsive\"> <span class=\"gem-gallery-caption slide-info\"> <\/span> <\/a> <span class=\"gem-gallery-line\"><\/span> <\/div> <\/div> <\/div>[\/vc_column][\/vc_row][vc_row][vc_column][vc_row_inner css=\u00a0\u00bb.vc_custom_1542203551526{margin-top: 0px !important;margin-bottom: 0px !important;padding-top: 0px !important;padding-bottom: 0px !important;}\u00a0\u00bb][vc_column_inner offset=\u00a0\u00bbvc_hidden-xs\u00a0\u00bb css=\u00a0\u00bb.vc_custom_1542203561046{margin-top: 0px !important;margin-bottom: 0px !important;padding-top: 0px !important;padding-bottom: 0px !important;}\u00a0\u00bb]<div class=\"clearboth\"><\/div><style>#thegem-divider-69e1acc53f6f5 {margin-top: 40px !important;}<\/style><div id=\"thegem-divider-69e1acc53f6f5\" class=\"gem-divider  \" style=\"\" ><\/div>[\/vc_column_inner][\/vc_row_inner]<div style=''  class=\"gem-quote gem-quote-style-1 gem-quote-no-paddings custom-color-blockqute-mark-added\" ><blockquote  ><\/p>\n<div class=\"styled-subtitle\" style=\"text-align: center;\">Pour une solution optimale, adapt\u00e9e \u00e0 vos besoins, veuillez\u00a0<a href=\"https:\/\/inovalabel.com\/contact-us\/\">contacter<\/a>\u00a0votre conseiller commercial. Nous sommes votre sp\u00e9cialiste de la conception \u00e0 l\u2019\u00e9tiquetage des produits.<\/div>\n<p><\/blockquote><span style=color:#febd11;  class=\"custom-color-blockqute-mark\">&#xe60c;<\/span><\/div>[\/vc_column][\/vc_row][vc_row][vc_column width=\u00a0\u00bb1\/5&Prime;]<div class=\"lazy-loading\" data-ll-item-delay=\"0\"><div class=\"gem-textbox  lazy-loading-item centered-box\"  data-ll-effect=\"move-up\" ><div class=\"gem-textbox-top gem-textbox-top-note-1\"><svg width=\"100%\" height=\"31\" style=\"fill: #f4f6f7;\"><defs><pattern id=\"pattern-1776397509-0\" x=\"11\" y=\"0\" width=\"23\" height=\"32\" patternUnits=\"userSpaceOnUse\" ><path d=\"M20,9h3V0H0v9h3c2.209,0,4,1.791,4,4v6c0,2.209-1.791,4-4,4H0v9h23v-9h-3c-2.209,0-4-1.791-4-4v-6C16,10.791,17.791,9,20,9z\" \/><\/pattern><\/defs><rect x=\"0\" y=\"0\" width=\"100%\" height=\"32\" style=\"fill: url(#pattern-1776397509-0);\" \/><\/svg><\/div><div class=\"gem-textbox-picture centered-box\"><img src=\"https:\/\/inovalabel.com\/wp-content\/uploads\/2021\/06\/Decoration_Inovalabel_1.jpg\" alt=\"\" class=\"img-responsive\" \/><\/div><div class=\"gem-textbox-inner gem-textbox-after-image\" style=\"\"><div class=\"gem-textbox-content\" style=\"background-color: #f4f6f7;background-position: center top;\">[vc_column_text]<\/p>\n<h5 style=\"text-align: center;\">D\u00c9CORATION<\/h5>\n<p>[\/vc_column_text]<div class=\"clearboth\"><\/div><style>#thegem-divider-69e1acc53f7a6 {margin-top: 20px !important;}<\/style><div id=\"thegem-divider-69e1acc53f7a6\" class=\"gem-divider  \" style=\"\" ><\/div>[vc_column_text]<\/p>\n<p style=\"text-align: center;\">Des effets personnalis\u00e9s pour votre produit.<\/p>\n<p>[\/vc_column_text]<div class=\"clearboth\"><\/div><style>#thegem-divider-69e1acc53f7bf {margin-top: 115px !important;}<\/style><div id=\"thegem-divider-69e1acc53f7bf\" class=\"gem-divider  \" style=\"\" ><\/div><div class=\"gem-button-container gem-button-position-center thegem-button-69e1acc53f83d7540    \"  ><a title=\"Decoration\" class=\"gem-button gem-button-size-small gem-button-style-outline gem-button-text-weight-normal gem-button-border-2\" data-ll-effect=\"drop-right-without-wrap\" style=\"border-radius: 0px;\" onmouseleave=\"\" onmouseenter=\"\" href=\"https:\/\/inovalabel.com\/applications\/decoration\/\" target=\"_self\">plus<\/a><\/div> <\/div><\/div><\/div><\/div>[\/vc_column][vc_column width=\u00a0\u00bb1\/5&Prime;]<div class=\"lazy-loading\" data-ll-item-delay=\"0\"><div class=\"gem-textbox  lazy-loading-item centered-box\"  data-ll-effect=\"move-up\" ><div class=\"gem-textbox-top gem-textbox-top-note-1\"><svg width=\"100%\" height=\"31\" style=\"fill: #f4f6f7;\"><defs><pattern id=\"pattern-1776397509-32\" x=\"11\" y=\"0\" width=\"23\" height=\"32\" patternUnits=\"userSpaceOnUse\" ><path d=\"M20,9h3V0H0v9h3c2.209,0,4,1.791,4,4v6c0,2.209-1.791,4-4,4H0v9h23v-9h-3c-2.209,0-4-1.791-4-4v-6C16,10.791,17.791,9,20,9z\" \/><\/pattern><\/defs><rect x=\"0\" y=\"0\" width=\"100%\" height=\"32\" style=\"fill: url(#pattern-1776397509-32);\" \/><\/svg><\/div><div class=\"gem-textbox-picture centered-box\"><img src=\"https:\/\/inovalabel.com\/wp-content\/uploads\/2021\/06\/promotion_3__.jpg\" alt=\"\" class=\"img-responsive\" \/><\/div><div class=\"gem-textbox-inner gem-textbox-after-image\" style=\"\"><div class=\"gem-textbox-content\" style=\"background-color: #f4f6f7;background-position: center top;\">[vc_column_text]<\/p>\n<h5 style=\"text-align: center;\">PROMOTION<\/h5>\n<p>[\/vc_column_text]<div class=\"clearboth\"><\/div><style>#thegem-divider-69e1acc53f941 {margin-top: 20px !important;}<\/style><div id=\"thegem-divider-69e1acc53f941\" class=\"gem-divider  \" style=\"\" ><\/div>[vc_column_text]<\/p>\n<p style=\"text-align: center;\">Les \u00e9tiquettes multipages offrent des surfaces d\u2019expressions suppl\u00e9mentaire pour des promotions adapt\u00e9es.<\/p>\n<p>[\/vc_column_text]<div class=\"gem-button-container gem-button-position-center thegem-button-69e1acc53f9c36101    \"  ><a title=\"Promotion\" class=\"gem-button gem-button-size-small gem-button-style-outline gem-button-text-weight-normal gem-button-border-2\" data-ll-effect=\"drop-right-without-wrap\" style=\"border-radius: 0px;\" onmouseleave=\"\" onmouseenter=\"\" href=\"https:\/\/inovalabel.com\/applications\/promotion\/\" target=\"_self\">plus<\/a><\/div> <\/div><\/div><\/div><\/div>[\/vc_column][vc_column width=\u00a0\u00bb1\/5&Prime;]<div class=\"lazy-loading\" data-ll-item-delay=\"0\"><div class=\"gem-textbox  lazy-loading-item centered-box\"  data-ll-effect=\"move-up\" ><div class=\"gem-textbox-top gem-textbox-top-note-1\"><svg width=\"100%\" height=\"31\" style=\"fill: #f4f6f7;\"><defs><pattern id=\"pattern-1776397509-47\" x=\"11\" y=\"0\" width=\"23\" height=\"32\" patternUnits=\"userSpaceOnUse\" ><path d=\"M20,9h3V0H0v9h3c2.209,0,4,1.791,4,4v6c0,2.209-1.791,4-4,4H0v9h23v-9h-3c-2.209,0-4-1.791-4-4v-6C16,10.791,17.791,9,20,9z\" \/><\/pattern><\/defs><rect x=\"0\" y=\"0\" width=\"100%\" height=\"32\" style=\"fill: url(#pattern-1776397509-47);\" \/><\/svg><\/div><div class=\"gem-textbox-picture centered-box\"><img src=\"https:\/\/inovalabel.com\/wp-content\/uploads\/2021\/06\/Multipage_Inovalabel_1-scaled.jpg\" alt=\"\" class=\"img-responsive\" \/><\/div><div class=\"gem-textbox-inner gem-textbox-after-image\" style=\"\"><div class=\"gem-textbox-content\" style=\"background-color: #f4f6f7;background-position: center top;\">[vc_column_text]<\/p>\n<h5 style=\"text-align: center;\">INFORMATIONS<\/h5>\n<p>[\/vc_column_text]<div class=\"clearboth\"><\/div><style>#thegem-divider-69e1acc53fa8b {margin-top: 20px !important;}<\/style><div id=\"thegem-divider-69e1acc53fa8b\" class=\"gem-divider  \" style=\"\" ><\/div>[vc_column_text]<\/p>\n<p style=\"text-align: center;\">Les \u00e9tiquettes multipages offrent beaucoup d&rsquo;espace pour des informations compl\u00e8tes.<\/p>\n<p>[\/vc_column_text]<div class=\"clearboth\"><\/div><style>#thegem-divider-69e1acc53faa5 {margin-top: 40px !important;}<\/style><div id=\"thegem-divider-69e1acc53faa5\" class=\"gem-divider  \" style=\"\" ><\/div><div class=\"gem-button-container gem-button-position-center thegem-button-69e1acc53fb174424    \"  ><a title=\"Information\" class=\"gem-button gem-button-size-small gem-button-style-outline gem-button-text-weight-normal gem-button-border-2\" data-ll-effect=\"drop-right-without-wrap\" style=\"border-radius: 0px;\" onmouseleave=\"\" onmouseenter=\"\" href=\"https:\/\/inovalabel.com\/applications\/information\/\" target=\"_self\">plus<\/a><\/div> <\/div><\/div><\/div><\/div>[\/vc_column][vc_column width=\u00a0\u00bb1\/5&Prime;]<div class=\"lazy-loading\" data-ll-item-delay=\"0\"><div class=\"gem-textbox  lazy-loading-item centered-box\"  data-ll-effect=\"move-up\" ><div class=\"gem-textbox-top gem-textbox-top-note-1\"><svg width=\"100%\" height=\"31\" style=\"fill: #f4f6f7;\"><defs><pattern id=\"pattern-1776397509-22\" x=\"11\" y=\"0\" width=\"23\" height=\"32\" patternUnits=\"userSpaceOnUse\" ><path d=\"M20,9h3V0H0v9h3c2.209,0,4,1.791,4,4v6c0,2.209-1.791,4-4,4H0v9h23v-9h-3c-2.209,0-4-1.791-4-4v-6C16,10.791,17.791,9,20,9z\" \/><\/pattern><\/defs><rect x=\"0\" y=\"0\" width=\"100%\" height=\"32\" style=\"fill: url(#pattern-1776397509-22);\" \/><\/svg><\/div><div class=\"gem-textbox-picture centered-box\"><img src=\"https:\/\/inovalabel.com\/wp-content\/uploads\/2021\/06\/Security_Function_1_.jpg\" alt=\"\" class=\"img-responsive\" \/><\/div><div class=\"gem-textbox-inner gem-textbox-after-image\" style=\"\"><div class=\"gem-textbox-content\" style=\"background-color: #f4f6f7;background-position: center top;\">[vc_column_text]<\/p>\n<h5 style=\"text-align: center;\">S\u00c9CURIT\u00c9<\/h5>\n<p>[\/vc_column_text]<div class=\"clearboth\"><\/div><style>#thegem-divider-69e1acc53fbd1 {margin-top: 20px !important;}<\/style><div id=\"thegem-divider-69e1acc53fbd1\" class=\"gem-divider  \" style=\"\" ><\/div>[vc_column_text]<\/p>\n<p style=\"text-align: center;\">Des \u00e9tiquettes intelligentes pour la s\u00e9curit\u00e9 des produits et des clients.<\/p>\n<p>[\/vc_column_text]<div class=\"clearboth\"><\/div><style>#thegem-divider-69e1acc53fbea {margin-top: 90px !important;}<\/style><div id=\"thegem-divider-69e1acc53fbea\" class=\"gem-divider  \" style=\"\" ><\/div><div class=\"gem-button-container gem-button-position-center thegem-button-69e1acc53fc753546    \"  ><a title=\"Security\" class=\"gem-button gem-button-size-small gem-button-style-outline gem-button-text-weight-normal gem-button-border-2\" data-ll-effect=\"drop-right-without-wrap\" style=\"border-radius: 0px;\" onmouseleave=\"\" onmouseenter=\"\" href=\"https:\/\/inovalabel.com\/applications\/security\/\" target=\"_self\">plus<\/a><\/div> <\/div><\/div><\/div><\/div>[\/vc_column][vc_column width=\u00a0\u00bb1\/5&Prime;]<div class=\"lazy-loading\" data-ll-item-delay=\"0\"><div class=\"gem-textbox  lazy-loading-item centered-box\"  data-ll-effect=\"move-up\" ><div class=\"gem-textbox-top gem-textbox-top-note-1\"><svg width=\"100%\" height=\"31\" style=\"fill: #f4f6f7;\"><defs><pattern id=\"pattern-1776397509-35\" x=\"11\" y=\"0\" width=\"23\" height=\"32\" patternUnits=\"userSpaceOnUse\" ><path d=\"M20,9h3V0H0v9h3c2.209,0,4,1.791,4,4v6c0,2.209-1.791,4-4,4H0v9h23v-9h-3c-2.209,0-4-1.791-4-4v-6C16,10.791,17.791,9,20,9z\" \/><\/pattern><\/defs><rect x=\"0\" y=\"0\" width=\"100%\" height=\"32\" style=\"fill: url(#pattern-1776397509-35);\" \/><\/svg><\/div><div class=\"gem-textbox-picture centered-box\"><img src=\"https:\/\/inovalabel.com\/wp-content\/uploads\/2021\/06\/Security-label_Inovalabel_2.jpg\" alt=\"\" class=\"img-responsive\" \/><\/div><div class=\"gem-textbox-inner gem-textbox-after-image\" style=\"\"><div class=\"gem-textbox-content\" style=\"background-color: #f4f6f7;background-position: center top;\">[vc_column_text]<\/p>\n<h5 style=\"text-align: center;\">FONCTION<\/h5>\n<p>[\/vc_column_text]<div class=\"clearboth\"><\/div><style>#thegem-divider-69e1acc53fd62 {margin-top: 20px !important;}<\/style><div id=\"thegem-divider-69e1acc53fd62\" class=\"gem-divider  \" style=\"\" ><\/div>[vc_column_text]<\/p>\n<p style=\"text-align: center;\">Des solutions optimis\u00e9es pour des applications fiables.<\/p>\n<p>[\/vc_column_text]<div class=\"clearboth\"><\/div><style>#thegem-divider-69e1acc53fd7c {margin-top: 115px !important;}<\/style><div id=\"thegem-divider-69e1acc53fd7c\" class=\"gem-divider  \" style=\"\" ><\/div><div class=\"gem-button-container gem-button-position-center thegem-button-69e1acc53fdf61914    \"  ><a title=\"Function\" class=\"gem-button gem-button-size-small gem-button-style-outline gem-button-text-weight-normal gem-button-border-2\" data-ll-effect=\"drop-right-without-wrap\" style=\"border-radius: 0px;\" onmouseleave=\"\" onmouseenter=\"\" href=\"https:\/\/inovalabel.com\/applications\/function\/\" target=\"_self\">plus<\/a><\/div> <\/div><\/div><\/div><\/div>[\/vc_column][\/vc_row]<\/p>\n<\/div>","protected":false},"excerpt":{"rendered":"<p>[vc_row][vc_column width=\u00a0\u00bb1\/2&Prime;][vc_column_text css_animation=\u00a0\u00bbbottom-to-top\u00a0\u00bb] Promotion [\/vc_column_text][vc_column_text css_animation=\u00a0\u00bbbottom-to-top\u00a0\u00bb]Les \u00e9tiquettes multipages offrent des surfaces d\u2019expressions suppl\u00e9mentaire pour des promotions adapt\u00e9es. Leporello, les livrets&#8230;<\/p>\n","protected":false},"author":1,"featured_media":26062,"parent":0,"menu_order":1,"comment_status":"closed","ping_status":"closed","template":"","meta":{"om_disable_all_campaigns":false,"footnotes":""},"class_list":["post-25397","page","type-page","status-publish","has-post-thumbnail"],"aioseo_notices":[],"_links":{"self":[{"href":"https:\/\/inovalabel.com\/fr\/wp-json\/wp\/v2\/pages\/25397","targetHints":{"allow":["GET"]}}],"collection":[{"href":"https:\/\/inovalabel.com\/fr\/wp-json\/wp\/v2\/pages"}],"about":[{"href":"https:\/\/inovalabel.com\/fr\/wp-json\/wp\/v2\/types\/page"}],"author":[{"embeddable":true,"href":"https:\/\/inovalabel.com\/fr\/wp-json\/wp\/v2\/users\/1"}],"replies":[{"embeddable":true,"href":"https:\/\/inovalabel.com\/fr\/wp-json\/wp\/v2\/comments?post=25397"}],"version-history":[{"count":24,"href":"https:\/\/inovalabel.com\/fr\/wp-json\/wp\/v2\/pages\/25397\/revisions"}],"predecessor-version":[{"id":27937,"href":"https:\/\/inovalabel.com\/fr\/wp-json\/wp\/v2\/pages\/25397\/revisions\/27937"}],"wp:featuredmedia":[{"embeddable":true,"href":"https:\/\/inovalabel.com\/fr\/wp-json\/wp\/v2\/media\/26062"}],"wp:attachment":[{"href":"https:\/\/inovalabel.com\/fr\/wp-json\/wp\/v2\/media?parent=25397"}],"curies":[{"name":"wp","href":"https:\/\/api.w.org\/{rel}","templated":true}]}}