{"id":25260,"date":"2020-07-31T08:12:55","date_gmt":"2020-07-31T08:12:55","guid":{"rendered":"https:\/\/stefwebdesign.com\/inovalabel\/?page_id=25260"},"modified":"2025-05-19T19:34:37","modified_gmt":"2025-05-19T16:34:37","slug":"markets","status":"publish","type":"page","link":"https:\/\/inovalabel.com\/fr\/markets\/","title":{"rendered":"March\u00e9s"},"content":{"rendered":"<div class=\"wpb-content-wrapper\"><p>[vc_row][vc_column offset=\u00a0\u00bbvc_hidden-sm vc_hidden-xs\u00a0\u00bb]<div class=\"clearboth\"><\/div><style>#thegem-divider-69e1ad3fe058b {margin-top: 90px !important;}<\/style><div id=\"thegem-divider-69e1ad3fe058b\" class=\"gem-divider  \" style=\"\" ><\/div>[\/vc_column][\/vc_row][vc_row][vc_column width=\u00a0\u00bb1\/2&Prime;]<div class=\"clearboth\"><\/div><style>#thegem-divider-69e1ad3fe05b8 {margin-top: 33px !important;}<\/style><div id=\"thegem-divider-69e1ad3fe05b8\" class=\"gem-divider  \" style=\"\" ><\/div>[vc_column_text css_animation=\u00a0\u00bbbottom-to-top\u00a0\u00bb]<\/p>\n<h2>Un partenariat fiable<\/h2>\n<p>[\/vc_column_text][vc_column_text css_animation=\u00a0\u00bbbottom-to-top\u00a0\u00bb]<\/p>\n<h4><span class=\"light\">pour votre entreprise!<\/span><\/h4>\n<p>[\/vc_column_text][\/vc_column][vc_column width=\u00a0\u00bb1\/2&Prime; css=\u00a0\u00bb.vc_custom_1544445689001{background-image: url(https:\/\/inovalabel.com\/wp-content\/uploads\/2018\/11\/worldmap.png?id=24172) !important;background-position: 0 0 !important;background-repeat: no-repeat !important;}\u00a0\u00bb]<div class=\"clearboth\"><\/div><div id=\"thegem-divider-69e1ad3fe05e3\" class=\"gem-divider  \" style=\"\" ><\/div>[vc_column_text css_animation=\u00a0\u00bbbottom-to-top\u00a0\u00bb]Depuis des d\u00e9cennies, nous d\u00e9veloppons des projets pour diverses industries en collaboration avec nos clients et fournisseurs. Pour nous, l&rsquo;innovation couvre tous les domaines, qu&rsquo;il s&rsquo;agisse de technologie, de marketing ou de rentabilit\u00e9.<\/p>\n<p>Avec vous, nous trouvons la meilleure solution.[\/vc_column_text]<div class=\"clearboth\"><\/div><style>#thegem-divider-69e1ad3fe060f {margin-top: 110px !important;}#thegem-divider-69e1ad3fe060f {margin-bottom: 25px !important;}<\/style><div id=\"thegem-divider-69e1ad3fe060f\" class=\"gem-divider  \" style=\"\" ><\/div>[\/vc_column][\/vc_row][vc_row][vc_column width=\u00a0\u00bb1\/5&Prime;]<div class=\"lazy-loading\" data-ll-item-delay=\"0\"><div class=\"gem-textbox  lazy-loading-item centered-box\"  data-ll-effect=\"move-up\" ><div class=\"gem-textbox-top gem-textbox-top-note-1\"><svg width=\"100%\" height=\"31\" style=\"fill: #f4f6f7;\"><defs><pattern id=\"pattern-1776397631-68\" x=\"11\" y=\"0\" width=\"23\" height=\"32\" patternUnits=\"userSpaceOnUse\" ><path d=\"M20,9h3V0H0v9h3c2.209,0,4,1.791,4,4v6c0,2.209-1.791,4-4,4H0v9h23v-9h-3c-2.209,0-4-1.791-4-4v-6C16,10.791,17.791,9,20,9z\" \/><\/pattern><\/defs><rect x=\"0\" y=\"0\" width=\"100%\" height=\"32\" style=\"fill: url(#pattern-1776397631-68);\" \/><\/svg><\/div><div class=\"gem-textbox-picture centered-box\"><img src=\"https:\/\/inovalabel.com\/wp-content\/uploads\/2020\/10\/Inovalabel-Markets-Food.jpg\" alt=\"Food Labels\" class=\"img-responsive\" \/><\/div><div class=\"gem-textbox-inner gem-textbox-after-image\" style=\"\"><div class=\"gem-textbox-content\" style=\"background-color: #f4f6f7;background-position: center top;\">[vc_column_text]<\/p>\n<h5 style=\"text-align: center;\">ALIMENTATION<\/h5>\n<p>[\/vc_column_text]<div class=\"clearboth\"><\/div><style>#thegem-divider-69e1ad3fe06ad {margin-top: 135px !important;}<\/style><div id=\"thegem-divider-69e1ad3fe06ad\" class=\"gem-divider  \" style=\"\" ><\/div>[vc_column_text]<\/p>\n<p style=\"text-align: center;\">La mani\u00e8re d\u00e9corative de donner du contenu \u00e0 un produit.<\/p>\n<p>[\/vc_column_text]<div class=\"gem-button-container gem-button-position-center thegem-button-69e1ad3fe072e4893    \"  ><a title=\"Food\" class=\"gem-button gem-button-size-small gem-button-style-outline gem-button-text-weight-normal gem-button-border-2\" data-ll-effect=\"drop-right-without-wrap\" style=\"border-radius: 0px;\" onmouseleave=\"\" onmouseenter=\"\" href=\"https:\/\/inovalabel.com\/markets\/food\/\" target=\"_self\">plus<\/a><\/div> <\/div><\/div><\/div><\/div>[\/vc_column][vc_column width=\u00a0\u00bb1\/5&Prime;]<div class=\"lazy-loading\" data-ll-item-delay=\"0\"><div class=\"gem-textbox  lazy-loading-item centered-box\"  data-ll-effect=\"move-up\" ><div class=\"gem-textbox-top gem-textbox-top-note-1\"><svg width=\"100%\" height=\"31\" style=\"fill: #f4f6f7;\"><defs><pattern id=\"pattern-1776397631-35\" x=\"11\" y=\"0\" width=\"23\" height=\"32\" patternUnits=\"userSpaceOnUse\" ><path d=\"M20,9h3V0H0v9h3c2.209,0,4,1.791,4,4v6c0,2.209-1.791,4-4,4H0v9h23v-9h-3c-2.209,0-4-1.791-4-4v-6C16,10.791,17.791,9,20,9z\" \/><\/pattern><\/defs><rect x=\"0\" y=\"0\" width=\"100%\" height=\"32\" style=\"fill: url(#pattern-1776397631-35);\" \/><\/svg><\/div><div class=\"gem-textbox-picture centered-box\"><img src=\"https:\/\/inovalabel.com\/wp-content\/uploads\/2020\/10\/Inovalabel-Markets-Beverages.jpg\" alt=\"Beverage Labels\" class=\"img-responsive\" \/><\/div><div class=\"gem-textbox-inner gem-textbox-after-image\" style=\"\"><div class=\"gem-textbox-content\" style=\"background-color: #f4f6f7;background-position: center top;\">[vc_column_text]<\/p>\n<h5 style=\"text-align: center;\">BOISSONS<\/h5>\n<p>[\/vc_column_text]<div class=\"clearboth\"><\/div><style>#thegem-divider-69e1ad3fe07ef {margin-top: 135px !important;}<\/style><div id=\"thegem-divider-69e1ad3fe07ef\" class=\"gem-divider  \" style=\"\" ><\/div>[vc_column_text]<\/p>\n<p style=\"text-align: center;\">Une d\u00e9coration qui distingue vraiment les produits.<\/p>\n<p>[\/vc_column_text]<div class=\"clearboth\"><\/div><style>#thegem-divider-69e1ad3fe0809 {margin-top: 40px !important;}<\/style><div id=\"thegem-divider-69e1ad3fe0809\" class=\"gem-divider  \" style=\"\" ><\/div><div class=\"gem-button-container gem-button-position-center thegem-button-69e1ad3fe087d1646    \"  ><a title=\"Beverages\" class=\"gem-button gem-button-size-small gem-button-style-outline gem-button-text-weight-normal gem-button-border-2\" data-ll-effect=\"drop-right-without-wrap\" style=\"border-radius: 0px;\" onmouseleave=\"\" onmouseenter=\"\" href=\"https:\/\/inovalabel.com\/markets\/beverages\/\" target=\"_self\">plus<\/a><\/div> <\/div><\/div><\/div><\/div>[\/vc_column][vc_column width=\u00a0\u00bb1\/5&Prime;]<div class=\"lazy-loading\" data-ll-item-delay=\"0\"><div class=\"gem-textbox  lazy-loading-item centered-box\"  data-ll-effect=\"move-up\" ><div class=\"gem-textbox-top gem-textbox-top-note-1\"><svg width=\"100%\" height=\"31\" style=\"fill: #f4f6f7;\"><defs><pattern id=\"pattern-1776397631-39\" x=\"11\" y=\"0\" width=\"23\" height=\"32\" patternUnits=\"userSpaceOnUse\" ><path d=\"M20,9h3V0H0v9h3c2.209,0,4,1.791,4,4v6c0,2.209-1.791,4-4,4H0v9h23v-9h-3c-2.209,0-4-1.791-4-4v-6C16,10.791,17.791,9,20,9z\" \/><\/pattern><\/defs><rect x=\"0\" y=\"0\" width=\"100%\" height=\"32\" style=\"fill: url(#pattern-1776397631-39);\" \/><\/svg><\/div><div class=\"gem-textbox-picture centered-box\"><img src=\"https:\/\/inovalabel.com\/wp-content\/uploads\/2020\/10\/Inovalabel-Markets-Cosmetics.jpg\" alt=\"Cosmetics Hair and Body Care Labels\" class=\"img-responsive\" \/><\/div><div class=\"gem-textbox-inner gem-textbox-after-image\" style=\"\"><div class=\"gem-textbox-content\" style=\"background-color: #f4f6f7;background-position: center top;\">[vc_column_text]<\/p>\n<h5 style=\"text-align: center;\">COSM\u00c9TIQUES, SOINS CAPILLAIRES ET CORPORELS<\/h5>\n<p>[\/vc_column_text][vc_column_text]<\/p>\n<p style=\"text-align: center;\">Une d\u00e9coration soign\u00e9e pour des effets brillants.<\/p>\n<p>[\/vc_column_text]<div class=\"clearboth\"><\/div><style>#thegem-divider-69e1ad3fe0944 {margin-top: 40px !important;}<\/style><div id=\"thegem-divider-69e1ad3fe0944\" class=\"gem-divider  \" style=\"\" ><\/div><div class=\"gem-button-container gem-button-position-center thegem-button-69e1ad3fe09b56255    \"  ><a title=\"Cosmetics, Hair and Body Care\" class=\"gem-button gem-button-size-small gem-button-style-outline gem-button-text-weight-normal gem-button-border-2\" data-ll-effect=\"drop-right-without-wrap\" style=\"border-radius: 0px;\" onmouseleave=\"\" onmouseenter=\"\" href=\"https:\/\/inovalabel.com\/markets\/cosmetics-hair-body-care\/\" target=\"_self\">plus<\/a><\/div> <\/div><\/div><\/div><\/div>[\/vc_column][vc_column width=\u00a0\u00bb1\/5&Prime;]<div class=\"lazy-loading\" data-ll-item-delay=\"0\"><div class=\"gem-textbox  lazy-loading-item centered-box\"  data-ll-effect=\"move-up\" ><div class=\"gem-textbox-top gem-textbox-top-note-1\"><svg width=\"100%\" height=\"31\" style=\"fill: #f4f6f7;\"><defs><pattern id=\"pattern-1776397631-74\" x=\"11\" y=\"0\" width=\"23\" height=\"32\" patternUnits=\"userSpaceOnUse\" ><path d=\"M20,9h3V0H0v9h3c2.209,0,4,1.791,4,4v6c0,2.209-1.791,4-4,4H0v9h23v-9h-3c-2.209,0-4-1.791-4-4v-6C16,10.791,17.791,9,20,9z\" \/><\/pattern><\/defs><rect x=\"0\" y=\"0\" width=\"100%\" height=\"32\" style=\"fill: url(#pattern-1776397631-74);\" \/><\/svg><\/div><div class=\"gem-textbox-picture centered-box\"><img src=\"https:\/\/inovalabel.com\/wp-content\/uploads\/2020\/10\/Inovalabel-Markets-Pharma.jpg\" alt=\"Inovalabel-Markets-Pharma-Labels\" class=\"img-responsive\" \/><\/div><div class=\"gem-textbox-inner gem-textbox-after-image\" style=\"\"><div class=\"gem-textbox-content\" style=\"background-color: #f4f6f7;background-position: center top;\">[vc_column_text]<\/p>\n<h5 style=\"text-align: center;\">PHARMA<\/h5>\n<p>[\/vc_column_text]<div class=\"clearboth\"><\/div><style>#thegem-divider-69e1ad3fe0a64 {margin-top: 135px !important;}<\/style><div id=\"thegem-divider-69e1ad3fe0a64\" class=\"gem-divider  \" style=\"\" ><\/div>[vc_column_text]<\/p>\n<p style=\"text-align: center;\">Une s\u00e9curit\u00e9 compl\u00e8te gr\u00e2ce \u00e0 un \u00e9tiquetage fiable.<\/p>\n<p>[\/vc_column_text]<div class=\"clearboth\"><\/div><style>#thegem-divider-69e1ad3fe0a83 {margin-top: 40px !important;}<\/style><div id=\"thegem-divider-69e1ad3fe0a83\" class=\"gem-divider  \" style=\"\" ><\/div><div class=\"gem-button-container gem-button-position-center thegem-button-69e1ad3fe0aef1216    \"  ><a title=\"Pharma\" class=\"gem-button gem-button-size-small gem-button-style-outline gem-button-text-weight-normal gem-button-border-2\" data-ll-effect=\"drop-right-without-wrap\" style=\"border-radius: 0px;\" onmouseleave=\"\" onmouseenter=\"\" href=\"https:\/\/inovalabel.com\/markets\/pharma\/\" target=\"_self\">plus<\/a><\/div> <\/div><\/div><\/div><\/div>[\/vc_column][vc_column width=\u00a0\u00bb1\/5&Prime;]<div class=\"lazy-loading\" data-ll-item-delay=\"0\"><div class=\"gem-textbox  lazy-loading-item centered-box\"  data-ll-effect=\"move-up\" ><div class=\"gem-textbox-top gem-textbox-top-note-1\"><svg width=\"100%\" height=\"31\" style=\"fill: #f4f6f7;\"><defs><pattern id=\"pattern-1776397631-54\" x=\"11\" y=\"0\" width=\"23\" height=\"32\" patternUnits=\"userSpaceOnUse\" ><path d=\"M20,9h3V0H0v9h3c2.209,0,4,1.791,4,4v6c0,2.209-1.791,4-4,4H0v9h23v-9h-3c-2.209,0-4-1.791-4-4v-6C16,10.791,17.791,9,20,9z\" \/><\/pattern><\/defs><rect x=\"0\" y=\"0\" width=\"100%\" height=\"32\" style=\"fill: url(#pattern-1776397631-54);\" \/><\/svg><\/div><div class=\"gem-textbox-picture centered-box\"><img src=\"https:\/\/inovalabel.com\/wp-content\/uploads\/2020\/10\/Inovalabel-Markets-Chem-Tech-Industry.jpg\" alt=\"Inovalabel-Markets-Chemical - Technical Industry\" class=\"img-responsive\" \/><\/div><div class=\"gem-textbox-inner gem-textbox-after-image\" style=\"\"><div class=\"gem-textbox-content\" style=\"background-color: #f4f6f7;background-position: center top;\">[vc_column_text]<\/p>\n<h5 style=\"text-align: center;\">L\u2019INDUSTRIE CHIMIQUE ET TECHNIQUE<\/h5>\n<p>[\/vc_column_text]<div class=\"clearboth\"><\/div><style>#thegem-divider-69e1ad3fe0ba2 {margin-top: 45px !important;}<\/style><div id=\"thegem-divider-69e1ad3fe0ba2\" class=\"gem-divider  \" style=\"\" ><\/div>[vc_column_text]<\/p>\n<p style=\"text-align: center;\">Des informations fiables associ\u00e9es \u00e0 une d\u00e9coration attractive.<\/p>\n<p>[\/vc_column_text]<div class=\"gem-button-container gem-button-position-center thegem-button-69e1ad3fe0c113346    \"  ><a title=\"Chemical \u2013 Technical Industry\" class=\"gem-button gem-button-size-small gem-button-style-outline gem-button-text-weight-normal gem-button-border-2\" data-ll-effect=\"drop-right-without-wrap\" style=\"border-radius: 0px;\" onmouseleave=\"\" onmouseenter=\"\" href=\"https:\/\/inovalabel.com\/markets\/chemical-technical-industry\/\" target=\"_self\">plus<\/a><\/div> <\/div><\/div><\/div><\/div>[\/vc_column][\/vc_row][vc_row disable_element=\u00a0\u00bbyes\u00a0\u00bb][vc_column offset=\u00a0\u00bbvc_hidden-xs\u00a0\u00bb]<div class=\"clearboth\"><\/div><style>#thegem-divider-69e1ad3fe0c6e {margin-top: 70px !important;}<\/style><div id=\"thegem-divider-69e1ad3fe0c6e\" class=\"gem-divider  \" style=\"\" ><\/div>[\/vc_column][\/vc_row][vc_row disable_element=\u00a0\u00bbyes\u00a0\u00bb][vc_column]<div id=\"fullwidth-block-69e1ad3fe0ccf\" class=\"fullwidth-block fullwidth-block-parallax-vertical clearfix\" data-mobile-parallax-enable=\"0\" style=\"\"><script type=\"text\/javascript\">if (typeof(gem_fix_fullwidth_position) == \"function\") { gem_fix_fullwidth_position(document.getElementById(\"fullwidth-block-69e1ad3fe0ccf\")); }<\/script><div class=\"fullwidth-block-background\" style=\"background-image: url(https:\/\/inovalabel.com\/wp-content\/uploads\/2018\/11\/8.jpg);background-repeat: no-repeat; background-size: cover;background-position: center top;\"><\/div><div class=\"fullwidth-block-inner\"><div class=\"container\"><div class=\"clearboth\"><\/div><style>#thegem-divider-69e1ad3fe0d05 {margin-top: 50px !important;}<\/style><div id=\"thegem-divider-69e1ad3fe0d05\" class=\"gem-divider  \" style=\"\" ><\/div><div data-number-format=\"(ddd).ddd\" class=\"gem-counter-box row inline-row inline-row-center gem-counter-style-2 lazy-loading lazy-loading-not-hide\" ><div class=\"gem-counter col-md-4 col-sm-6 col-xs-12 inline-column gem-counter-effect-simple\" ><div class=\"gem-counter-inner\"><div class=\"gem-counter-icon\"><div class=\"gem-counter-icon-circle-1\" style=\"border-color: #febd11;\"><div class=\"gem-counter-icon-circle-2\" style=\"border-color: #febd11;\"><div class=\"gem-icon gem-icon-pack-material gem-icon-size-medium  gem-icon-shape-circle gem-simple-icon\"  style=\"opacity: 1;\"><div class=\"gem-icon-inner\" style=\"\"><span class=\"gem-icon-half-1\" style=\"color: #febd11;\"><span class=\"back-angle\">&#xf221;<\/span><\/span><span class=\"gem-icon-half-2\" style=\"color: #febd11;\"><span class=\"back-angle\">&#xf221;<\/span><\/span><\/div><\/div><\/div><\/div><\/div><div class=\"gem-counter-number\" style=\"color: #ffffff\"><div class=\"gem-counter-odometer\" data-to=\"20\">0<\/div><\/div><div class=\"gem-counter-text styled-subtitle\" style=\"color: #ffffff\">Milliards d'\u00e9tiquettes fabriqu\u00e9es depuis 1996<\/div><\/div><\/div><div class=\"gem-counter col-md-4 col-sm-6 col-xs-12 inline-column gem-counter-effect-simple\" ><div class=\"gem-counter-inner\"><div class=\"gem-counter-icon\"><div class=\"gem-counter-icon-circle-1\" style=\"border-color: #febd11;\"><div class=\"gem-counter-icon-circle-2\" style=\"border-color: #febd11;\"><div class=\"gem-icon gem-icon-pack-material gem-icon-size-medium  gem-icon-shape-circle gem-simple-icon\"  style=\"opacity: 1;\"><div class=\"gem-icon-inner\" style=\"\"><span class=\"gem-icon-half-1\" style=\"color: #febd11;\"><span class=\"back-angle\">&#xf37b;<\/span><\/span><span class=\"gem-icon-half-2\" style=\"color: #febd11;\"><span class=\"back-angle\">&#xf37b;<\/span><\/span><\/div><\/div><\/div><\/div><\/div><div class=\"gem-counter-number\" style=\"color: #ffffff\"><div class=\"gem-counter-odometer\" data-to=\"1\">0<\/div><\/div><div class=\"gem-counter-text styled-subtitle\" style=\"color: #ffffff\">Des milliards d'\u00e9tiquettes fabriqu\u00e9es chaque ann\u00e9e<\/div><\/div><\/div><div class=\"gem-counter col-md-4 col-sm-6 col-xs-12 inline-column gem-counter-effect-simple\" ><div class=\"gem-counter-inner\"><div class=\"gem-counter-icon\"><div class=\"gem-counter-icon-circle-1\" style=\"border-color: #febd11;\"><div class=\"gem-counter-icon-circle-2\" style=\"border-color: #febd11;\"><div class=\"gem-icon gem-icon-pack-material gem-icon-size-medium  gem-icon-shape-circle gem-simple-icon\"  style=\"opacity: 1;\"><div class=\"gem-icon-inner\" style=\"\"><span class=\"gem-icon-half-1\" style=\"color: #febd11;\"><span class=\"back-angle\">&#xf1f9;<\/span><\/span><span class=\"gem-icon-half-2\" style=\"color: #febd11;\"><span class=\"back-angle\">&#xf1f9;<\/span><\/span><\/div><\/div><\/div><\/div><\/div><div class=\"gem-counter-number\" style=\"color: #ffffff\"><div class=\"gem-counter-odometer\" data-to=\"5\">0<\/div><span class=\"gem-counter-suffix\">+<\/span><\/div><div class=\"gem-counter-text styled-subtitle\" style=\"color: #ffffff\">Millions \u20ac Investis<\/div><\/div><\/div><\/div><\/div><\/div><\/div>[\/vc_column][\/vc_row][vc_row disable_element=\u00a0\u00bbyes\u00a0\u00bb][vc_column]<div class=\"clearboth\"><\/div><style>#thegem-divider-69e1ad3fe0ef3 {margin-top: 64px !important;}<\/style><div id=\"thegem-divider-69e1ad3fe0ef3\" class=\"gem-divider  \" style=\"\" ><\/div>[\/vc_column][\/vc_row][vc_row disable_element=\u00a0\u00bbyes\u00a0\u00bb][vc_column]<div class=\"preloader\"><div class=\"preloader-spin\"><\/div><\/div> <div class=\"gem-gallery gem-gallery-hover-zooming-blur\" data-autoscroll=\"5000\"> <div class=\"gem-gallery-item\"> <div class=\"gem-gallery-item-image\"> <a href=\"https:\/\/inovalabel.com\/wp-content\/uploads\/2020\/09\/Sachets_1-thegem-gallery-fullwidth.jpg\" data-fancybox-group=\"gallery-69e1ad3fe0fc9\" data-full-image-url=\"https:\/\/inovalabel.com\/wp-content\/uploads\/2020\/09\/Sachets_1.jpg\"> <svg width=\"20\" height=\"10\"><path d=\"M 0,10 Q 9,9 10,0 Q 11,9 20,10\" \/><\/svg> <img src=\"https:\/\/inovalabel.com\/wp-content\/uploads\/2020\/09\/Sachets_1-thegem-post-thumb-small.jpg\" alt=\"Inovalabel-Sachets\" class=\"img-responsive\"> <span class=\"gem-gallery-caption slide-info\"> <\/span> <\/a> <span class=\"gem-gallery-line\"><\/span> <\/div> <\/div> <div class=\"gem-gallery-item\"> <div class=\"gem-gallery-item-image\"> <a href=\"https:\/\/inovalabel.com\/wp-content\/uploads\/2020\/09\/Sachets_2-thegem-gallery-fullwidth.jpg\" data-fancybox-group=\"gallery-69e1ad3fe0fc9\" data-full-image-url=\"https:\/\/inovalabel.com\/wp-content\/uploads\/2020\/09\/Sachets_2.jpg\"> <svg width=\"20\" height=\"10\"><path d=\"M 0,10 Q 9,9 10,0 Q 11,9 20,10\" \/><\/svg> <img src=\"https:\/\/inovalabel.com\/wp-content\/uploads\/2020\/09\/Sachets_2-thegem-post-thumb-small.jpg\" alt=\"Inovalabel-Sachets\" class=\"img-responsive\"> <span class=\"gem-gallery-caption slide-info\"> <\/span> <\/a> <span class=\"gem-gallery-line\"><\/span> <\/div> <\/div> <div class=\"gem-gallery-item\"> <div class=\"gem-gallery-item-image\"> <a href=\"https:\/\/inovalabel.com\/wp-content\/uploads\/2020\/09\/Sachets_3-thegem-gallery-fullwidth.jpg\" data-fancybox-group=\"gallery-69e1ad3fe0fc9\" data-full-image-url=\"https:\/\/inovalabel.com\/wp-content\/uploads\/2020\/09\/Sachets_3.jpg\"> <svg width=\"20\" height=\"10\"><path d=\"M 0,10 Q 9,9 10,0 Q 11,9 20,10\" \/><\/svg> <img src=\"https:\/\/inovalabel.com\/wp-content\/uploads\/2020\/09\/Sachets_3-thegem-post-thumb-small.jpg\" alt=\"Inovalabel-Sachets\" class=\"img-responsive\"> <span class=\"gem-gallery-caption slide-info\"> <\/span> <\/a> <span class=\"gem-gallery-line\"><\/span> <\/div> <\/div> <\/div>[\/vc_column][\/vc_row][vc_row][vc_column][vc_row_inner css=\u00a0\u00bb.vc_custom_1542203551526{margin-top: 0px !important;margin-bottom: 0px !important;padding-top: 0px !important;padding-bottom: 0px !important;}\u00a0\u00bb][vc_column_inner offset=\u00a0\u00bbvc_hidden-xs\u00a0\u00bb css=\u00a0\u00bb.vc_custom_1542203561046{margin-top: 0px !important;margin-bottom: 0px !important;padding-top: 0px !important;padding-bottom: 0px !important;}\u00a0\u00bb]<div class=\"clearboth\"><\/div><style>#thegem-divider-69e1ad3fe114a {margin-top: 40px !important;}<\/style><div id=\"thegem-divider-69e1ad3fe114a\" class=\"gem-divider  \" style=\"\" ><\/div>[\/vc_column_inner][\/vc_row_inner]<div style=''  class=\"gem-quote gem-quote-style-1 gem-quote-no-paddings custom-color-blockqute-mark-added\" ><blockquote  ><\/p>\n<div class=\"styled-subtitle\" style=\"text-align: center;\">Pour une solution optimale, adapt\u00e9e \u00e0 vos besoins, veuillez\u00a0<a href=\"https:\/\/inovalabel.com\/contact-us\/\">contacter<\/a>\u00a0votre conseiller commercial. Nous sommes votre sp\u00e9cialiste de la conception \u00e0 l\u2019\u00e9tiquetage des produits.<\/div>\n<p><\/blockquote><span style=color:#febd11;  class=\"custom-color-blockqute-mark\">&#xe60c;<\/span><\/div>[\/vc_column][\/vc_row]<\/p>\n<\/div>","protected":false},"excerpt":{"rendered":"<p>[vc_row][vc_column offset=\u00a0\u00bbvc_hidden-sm vc_hidden-xs\u00a0\u00bb][\/vc_column][\/vc_row][vc_row][vc_column width=\u00a0\u00bb1\/2&Prime;][vc_column_text css_animation=\u00a0\u00bbbottom-to-top\u00a0\u00bb] Un partenariat fiable [\/vc_column_text][vc_column_text css_animation=\u00a0\u00bbbottom-to-top\u00a0\u00bb] pour votre entreprise! [\/vc_column_text][\/vc_column][vc_column width=\u00a0\u00bb1\/2&Prime; css=\u00a0\u00bb.vc_custom_1544445689001{background-image: url(https:\/\/inovalabel.com\/wp-content\/uploads\/2018\/11\/worldmap.png?id=24172) !important;background-position: 0 0&#8230;<\/p>\n","protected":false},"author":1,"featured_media":26091,"parent":0,"menu_order":0,"comment_status":"closed","ping_status":"closed","template":"","meta":{"om_disable_all_campaigns":false,"footnotes":""},"class_list":["post-25260","page","type-page","status-publish","has-post-thumbnail"],"aioseo_notices":[],"_links":{"self":[{"href":"https:\/\/inovalabel.com\/fr\/wp-json\/wp\/v2\/pages\/25260","targetHints":{"allow":["GET"]}}],"collection":[{"href":"https:\/\/inovalabel.com\/fr\/wp-json\/wp\/v2\/pages"}],"about":[{"href":"https:\/\/inovalabel.com\/fr\/wp-json\/wp\/v2\/types\/page"}],"author":[{"embeddable":true,"href":"https:\/\/inovalabel.com\/fr\/wp-json\/wp\/v2\/users\/1"}],"replies":[{"embeddable":true,"href":"https:\/\/inovalabel.com\/fr\/wp-json\/wp\/v2\/comments?post=25260"}],"version-history":[{"count":97,"href":"https:\/\/inovalabel.com\/fr\/wp-json\/wp\/v2\/pages\/25260\/revisions"}],"predecessor-version":[{"id":27972,"href":"https:\/\/inovalabel.com\/fr\/wp-json\/wp\/v2\/pages\/25260\/revisions\/27972"}],"wp:featuredmedia":[{"embeddable":true,"href":"https:\/\/inovalabel.com\/fr\/wp-json\/wp\/v2\/media\/26091"}],"wp:attachment":[{"href":"https:\/\/inovalabel.com\/fr\/wp-json\/wp\/v2\/media?parent=25260"}],"curies":[{"name":"wp","href":"https:\/\/api.w.org\/{rel}","templated":true}]}}