{"id":25240,"date":"2020-07-31T07:48:21","date_gmt":"2020-07-31T04:48:21","guid":{"rendered":"https:\/\/stefwebdesign.com\/inovalabel\/?page_id=25240"},"modified":"2025-02-19T09:01:28","modified_gmt":"2025-02-19T07:01:28","slug":"social-responsibility","status":"publish","type":"page","link":"https:\/\/inovalabel.com\/fr\/social-responsibility\/","title":{"rendered":"Responsabilit\u00e9 sociale et \u00e9cologique"},"content":{"rendered":"<div class=\"wpb-content-wrapper\"><p><\/p>\n<p>[vc_row][vc_column width=\u00a0\u00bb1\/2&Prime;]<div class=\"clearboth\"><\/div><style>#thegem-divider-69f8a5b0536f9 {margin-top: 40px !important;}<\/style><div id=\"thegem-divider-69f8a5b0536f9\" class=\"gem-divider  \" style=\"\" ><\/div>[vc_column_text css_animation=\u00a0\u00bbbottom-to-top\u00a0\u00bb]<\/p>\n<h2>Responsabilit\u00e9 sociale et \u00e9cologique<\/h2>\n<p>[\/vc_column_text][vc_column_text css_animation=\u00a0\u00bbbottom-to-top\u00a0\u00bb]<strong>C&rsquo;est ce que nous pr\u00e9conisons.<\/strong><\/p>\n<p>L&rsquo;environnement nous tient \u00e0 c\u0153ur. Gr\u00e2ce \u00e0 une production \u00e9conome en ressources, aux mat\u00e9riaux naturels, \u00e0 l&rsquo;efficacit\u00e9 \u00e9nerg\u00e9tique et au recyclage, nous nous effor\u00e7ons d&rsquo;optimiser en permanence notre empreinte \u00e9cologique. Inovalabel est certifi\u00e9 FSC.<\/p>\n<p>La plus grande valeur est notre personnel comp\u00e9tent et engag\u00e9, qui re\u00e7oit une formation continue en interne et en externe. Des salaires \u00e9quitables et un environnement de travail s\u00fbr garantissent une grande satisfaction professionnelle.[\/vc_column_text]<div class=\"clearboth\"><\/div><style>#thegem-divider-69f8a5b053727 {margin-top: 10px !important;}<\/style><div id=\"thegem-divider-69f8a5b053727\" class=\"gem-divider  \" style=\"\" ><\/div>[\/vc_column][vc_column width=\u00a0\u00bb1\/2&Prime;]<div class=\"centered-box gem-image-centered-box\" ><div class=\"gem-image gem-wrapbox gem-wrapbox-style-default gem-wrapbox-position-centered lazy-loading  thegem-custom-69f8a5b05375631\"  style=\"\" ><div class=\"gem-wrapbox-inner  lazy-loading-item\"  data-ll-effect=\"move-up\"><img class=\"gem-wrapbox-element img-responsive\" src=\"https:\/\/inovalabel.com\/wp-content\/uploads\/2020\/10\/Inovalabel-Social-Responsability.jpg\" alt=\"\"\/><\/div><\/div><\/div>[\/vc_column][\/vc_row][vc_row][vc_column][vc_row_inner css=\u00a0\u00bb.vc_custom_1542203551526{margin-top: 0px !important;margin-bottom: 0px !important;padding-top: 0px !important;padding-bottom: 0px !important;}\u00a0\u00bb][vc_column_inner offset=\u00a0\u00bbvc_hidden-xs\u00a0\u00bb css=\u00a0\u00bb.vc_custom_1542203561046{margin-top: 0px !important;margin-bottom: 0px !important;padding-top: 0px !important;padding-bottom: 0px !important;}\u00a0\u00bb]<div class=\"clearboth\"><\/div><style>#thegem-divider-69f8a5b0537b9 {margin-top: 40px !important;}<\/style><div id=\"thegem-divider-69f8a5b0537b9\" class=\"gem-divider  \" style=\"\" ><\/div>[\/vc_column_inner][\/vc_row_inner]<div style=''  class=\"gem-quote gem-quote-style-1 gem-quote-no-paddings custom-color-blockqute-mark-added\" ><blockquote  ><\/p>\n<div class=\"styled-subtitle\">&#8230;La plus grande valeur est notre personnel comp\u00e9tent et engag\u00e9, qui re\u00e7oit une formation continue en interne et en externe.<\/div>\n<p><\/blockquote><span style=color:#febd11;  class=\"custom-color-blockqute-mark\">&#xe60c;<\/span><\/div>[\/vc_column][\/vc_row][vc_row full_width=\u00a0\u00bbstretch_row\u00a0\u00bb css=\u00a0\u00bb.vc_custom_1601982789591{margin-top: 0px !important;margin-bottom: 0px !important;padding-top: 0px !important;padding-bottom: 0px !important;}\u00a0\u00bb][vc_column width=\u00a0\u00bb1\/3&Prime;]<div class=\"lazy-loading\" data-ll-item-delay=\"0\"><div class=\"gem-textbox  lazy-loading-item centered-box\"  data-ll-effect=\"move-up\" ><div class=\"gem-textbox-top gem-textbox-top-note-1\"><svg width=\"100%\" height=\"31\" style=\"fill: #f4f6f7;\"><defs><pattern id=\"pattern-1777903024-19\" x=\"11\" y=\"0\" width=\"23\" height=\"32\" patternUnits=\"userSpaceOnUse\" ><path d=\"M20,9h3V0H0v9h3c2.209,0,4,1.791,4,4v6c0,2.209-1.791,4-4,4H0v9h23v-9h-3c-2.209,0-4-1.791-4-4v-6C16,10.791,17.791,9,20,9z\" \/><\/pattern><\/defs><rect x=\"0\" y=\"0\" width=\"100%\" height=\"32\" style=\"fill: url(#pattern-1777903024-19);\" \/><\/svg><\/div><div class=\"gem-textbox-picture centered-box\"><img src=\"https:\/\/inovalabel.com\/wp-content\/uploads\/2020\/10\/Inovalabel-About-Us-1320x965-1.jpg\" alt=\"Inovalabel-About-Us\" class=\"img-responsive\" \/><\/div><div class=\"gem-textbox-inner gem-textbox-after-image\" style=\"\"><div class=\"gem-textbox-content\" style=\"background-color: #f4f6f7;background-position: center top;\">[vc_column_text]<\/p>\n<h5 style=\"text-align: center;\">INOVALABEL<\/h5>\n<p>[\/vc_column_text]<div class=\"clearboth\"><\/div><style>#thegem-divider-69f8a5b053855 {margin-top: 50px !important;}<\/style><div id=\"thegem-divider-69f8a5b053855\" class=\"gem-divider  \" style=\"\" ><\/div>[vc_column_text]<\/p>\n<p style=\"text-align: center;\">Des processus \u00e9prouv\u00e9s et des collaborateurs motiv\u00e9s et form\u00e9s constituent la base d\u2019un d\u00e9veloppement r\u00e9ussi et la r\u00e9putation solide de l\u2019entreprise.<\/p>\n<p>[\/vc_column_text]<div class=\"gem-button-container gem-button-position-center thegem-button-69f8a5b0538c83613    \"  ><a title=\"Inovalabel\" class=\"gem-button gem-button-size-small gem-button-style-outline gem-button-text-weight-normal gem-button-border-2\" data-ll-effect=\"drop-right-without-wrap\" style=\"border-radius: 0px;\" onmouseleave=\"\" onmouseenter=\"\" href=\"https:\/\/inovalabel.com\/about-us\/inovalabel\/\" target=\"_self\">PLUS<\/a><\/div> <\/div><\/div><\/div><\/div>[\/vc_column][vc_column width=\u00a0\u00bb1\/3&Prime;]<div class=\"lazy-loading\" data-ll-item-delay=\"0\"><div class=\"gem-textbox  lazy-loading-item centered-box\"  data-ll-effect=\"move-up\" ><div class=\"gem-textbox-top gem-textbox-top-note-1\"><svg width=\"100%\" height=\"31\" style=\"fill: #f4f6f7;\"><defs><pattern id=\"pattern-1777903024-95\" x=\"11\" y=\"0\" width=\"23\" height=\"32\" patternUnits=\"userSpaceOnUse\" ><path d=\"M20,9h3V0H0v9h3c2.209,0,4,1.791,4,4v6c0,2.209-1.791,4-4,4H0v9h23v-9h-3c-2.209,0-4-1.791-4-4v-6C16,10.791,17.791,9,20,9z\" \/><\/pattern><\/defs><rect x=\"0\" y=\"0\" width=\"100%\" height=\"32\" style=\"fill: url(#pattern-1777903024-95);\" \/><\/svg><\/div><div class=\"gem-textbox-picture centered-box\"><img src=\"https:\/\/inovalabel.com\/wp-content\/uploads\/2020\/10\/Inovalabel-Innovation-1320x965-1.jpg\" alt=\"innovation\" class=\"img-responsive\" \/><\/div><div class=\"gem-textbox-inner gem-textbox-after-image\" style=\"\"><div class=\"gem-textbox-content\" style=\"background-color: #f4f6f7;background-position: center top;\">[vc_column_text]<\/p>\n<h5 style=\"text-align: center;\">INNOVATION<\/h5>\n<p>[\/vc_column_text]<div class=\"clearboth\"><\/div><style>#thegem-divider-69f8a5b053981 {margin-top: 50px !important;}<\/style><div id=\"thegem-divider-69f8a5b053981\" class=\"gem-divider  \" style=\"\" ><\/div>[vc_column_text]<\/p>\n<p style=\"text-align: center;\">Gr\u00e2ce \u00e0 une \u00e9quipe performante et \u00e0 une technologie de pointe, Inovalabel d\u00e9veloppe des solutions d\u2019\u00e9tiquetage complexes pour un large \u00e9ventail d\u2019industries.<\/p>\n<p>[\/vc_column_text]<div class=\"gem-button-container gem-button-position-center thegem-button-69f8a5b0539f32884    \"  ><a title=\"Innovation\" class=\"gem-button gem-button-size-small gem-button-style-outline gem-button-text-weight-normal gem-button-border-2\" data-ll-effect=\"drop-right-without-wrap\" style=\"border-radius: 0px;\" onmouseleave=\"\" onmouseenter=\"\" href=\"https:\/\/inovalabel.com\/about-us\/innovation\/\" target=\"_self\">PLUS<\/a><\/div> <\/div><\/div><\/div><\/div>[\/vc_column][vc_column width=\u00a0\u00bb1\/3&Prime;]<div class=\"lazy-loading\" data-ll-item-delay=\"0\"><div class=\"gem-textbox  lazy-loading-item centered-box\"  data-ll-effect=\"move-up\" ><div class=\"gem-textbox-top gem-textbox-top-note-1\"><svg width=\"100%\" height=\"31\" style=\"fill: #f4f6f7;\"><defs><pattern id=\"pattern-1777903024-77\" x=\"11\" y=\"0\" width=\"23\" height=\"32\" patternUnits=\"userSpaceOnUse\" ><path d=\"M20,9h3V0H0v9h3c2.209,0,4,1.791,4,4v6c0,2.209-1.791,4-4,4H0v9h23v-9h-3c-2.209,0-4-1.791-4-4v-6C16,10.791,17.791,9,20,9z\" \/><\/pattern><\/defs><rect x=\"0\" y=\"0\" width=\"100%\" height=\"32\" style=\"fill: url(#pattern-1777903024-77);\" \/><\/svg><\/div><div class=\"gem-textbox-picture centered-box\"><img src=\"https:\/\/inovalabel.com\/wp-content\/uploads\/2020\/10\/Inovalabel-Pharma-Competence-1320x965-1.jpg\" alt=\"Inovalabel-Pharma-Competence\" class=\"img-responsive\" \/><\/div><div class=\"gem-textbox-inner gem-textbox-after-image\" style=\"\"><div class=\"gem-textbox-content\" style=\"background-color: #f4f6f7;background-position: center top;\">[vc_column_text]<\/p>\n<h5 style=\"text-align: center;\">COMP\u00c9TENCE PHARMACEUTIQUE<\/h5>\n<p>[\/vc_column_text]<div class=\"clearboth\"><\/div><style>#thegem-divider-69f8a5b053aa9 {margin-top: 20px !important;}<\/style><div id=\"thegem-divider-69f8a5b053aa9\" class=\"gem-divider  \" style=\"\" ><\/div>[vc_column_text]<\/p>\n<p style=\"text-align: center;\">Inovalabel poss\u00e8de de nombreuses ann\u00e9es d\u2019exp\u00e9rience et une grande expertise dans la production d\u2019\u00e9tiquettes pharmaceutiques.<\/p>\n<p>[\/vc_column_text]<div class=\"clearboth\"><\/div><style>#thegem-divider-69f8a5b053ac1 {margin-top: 40px !important;}<\/style><div id=\"thegem-divider-69f8a5b053ac1\" class=\"gem-divider  \" style=\"\" ><\/div><div class=\"gem-button-container gem-button-position-center thegem-button-69f8a5b053b2c9863    \"  ><a title=\"Pharma Competence\" class=\"gem-button gem-button-size-small gem-button-style-outline gem-button-text-weight-normal gem-button-border-2\" data-ll-effect=\"drop-right-without-wrap\" style=\"border-radius: 0px;\" onmouseleave=\"\" onmouseenter=\"\" href=\"https:\/\/inovalabel.com\/about-us\/pharma-competence\/\" target=\"_self\">PLUS<\/a><\/div> <\/div><\/div><\/div><\/div>[\/vc_column][\/vc_row][vc_row full_width=\u00a0\u00bbstretch_row\u00a0\u00bb css=\u00a0\u00bb.vc_custom_1601982797546{margin-top: 0px !important;margin-bottom: 0px !important;padding-top: 0px !important;padding-bottom: 0px !important;}\u00a0\u00bb][vc_column width=\u00a0\u00bb1\/3&Prime;]<div class=\"lazy-loading\" data-ll-item-delay=\"0\"><div class=\"gem-textbox  lazy-loading-item centered-box\"  data-ll-effect=\"move-up\" ><div class=\"gem-textbox-top gem-textbox-top-note-1\"><svg width=\"100%\" height=\"31\" style=\"fill: #f4f6f7;\"><defs><pattern id=\"pattern-1777903024-65\" x=\"11\" y=\"0\" width=\"23\" height=\"32\" patternUnits=\"userSpaceOnUse\" ><path d=\"M20,9h3V0H0v9h3c2.209,0,4,1.791,4,4v6c0,2.209-1.791,4-4,4H0v9h23v-9h-3c-2.209,0-4-1.791-4-4v-6C16,10.791,17.791,9,20,9z\" \/><\/pattern><\/defs><rect x=\"0\" y=\"0\" width=\"100%\" height=\"32\" style=\"fill: url(#pattern-1777903024-65);\" \/><\/svg><\/div><div class=\"gem-textbox-picture centered-box\"><img src=\"https:\/\/inovalabel.com\/wp-content\/uploads\/2020\/10\/Inovalabel-Technology-1320x965-1.jpg\" alt=\"Inovalabel-Technology\" class=\"img-responsive\" \/><\/div><div class=\"gem-textbox-inner gem-textbox-after-image\" style=\"\"><div class=\"gem-textbox-content\" style=\"background-color: #f4f6f7;background-position: center top;\">[vc_column_text]<\/p>\n<h5 style=\"text-align: center;\">TECHNOLOGIE<\/h5>\n<p>[\/vc_column_text]<div class=\"clearboth\"><\/div><style>#thegem-divider-69f8a5b053bde {margin-top: 50px !important;}<\/style><div id=\"thegem-divider-69f8a5b053bde\" class=\"gem-divider  \" style=\"\" ><\/div>[vc_column_text]<\/p>\n<p style=\"text-align: center;\">Notre b\u00e2timent de production ultramoderne est \u00e9quip\u00e9 des machines d\u2019impressions les plus adapt\u00e9es sur le march\u00e9.<\/p>\n<p>[\/vc_column_text]<div class=\"clearboth\"><\/div><style>#thegem-divider-69f8a5b053bf6 {margin-top: 65px !important;}<\/style><div id=\"thegem-divider-69f8a5b053bf6\" class=\"gem-divider  \" style=\"\" ><\/div><div class=\"gem-button-container gem-button-position-center thegem-button-69f8a5b053c5f1462    \"  ><a title=\"Technology\" class=\"gem-button gem-button-size-small gem-button-style-outline gem-button-text-weight-normal gem-button-border-2\" data-ll-effect=\"drop-right-without-wrap\" style=\"border-radius: 0px;\" onmouseleave=\"\" onmouseenter=\"\" href=\"https:\/\/inovalabel.com\/about-us\/technology\/\" target=\"_self\">PLUS<\/a><\/div> <\/div><\/div><\/div><\/div>[\/vc_column][vc_column width=\u00a0\u00bb1\/3&Prime;]<div class=\"lazy-loading\" data-ll-item-delay=\"0\"><div class=\"gem-textbox  lazy-loading-item centered-box\"  data-ll-effect=\"move-up\" ><div class=\"gem-textbox-top gem-textbox-top-note-1\"><svg width=\"100%\" height=\"31\" style=\"fill: #f4f6f7;\"><defs><pattern id=\"pattern-1777903024-20\" x=\"11\" y=\"0\" width=\"23\" height=\"32\" patternUnits=\"userSpaceOnUse\" ><path d=\"M20,9h3V0H0v9h3c2.209,0,4,1.791,4,4v6c0,2.209-1.791,4-4,4H0v9h23v-9h-3c-2.209,0-4-1.791-4-4v-6C16,10.791,17.791,9,20,9z\" \/><\/pattern><\/defs><rect x=\"0\" y=\"0\" width=\"100%\" height=\"32\" style=\"fill: url(#pattern-1777903024-20);\" \/><\/svg><\/div><div class=\"gem-textbox-picture centered-box\"><img src=\"https:\/\/inovalabel.com\/wp-content\/uploads\/2020\/10\/Inovalabel-Quality-Management-1320x965-1.jpg\" alt=\"Inovalabel-Quality-Management\" class=\"img-responsive\" \/><\/div><div class=\"gem-textbox-inner gem-textbox-after-image\" style=\"\"><div class=\"gem-textbox-content\" style=\"background-color: #f4f6f7;background-position: center top;\">[vc_column_text]<\/p>\n<h5 style=\"text-align: center;\">GESTION DE LA QUALIT\u00c9<\/h5>\n<p>[\/vc_column_text]<div class=\"clearboth\"><\/div><style>#thegem-divider-69f8a5b053d0d {margin-top: 50px !important;}<\/style><div id=\"thegem-divider-69f8a5b053d0d\" class=\"gem-divider  \" style=\"\" ><\/div>[vc_column_text]<\/p>\n<p style=\"text-align: center;\">Inovalabel est certifi\u00e9 selon la norme DIN EN ISO 9001 et r\u00e9pond aux exigences des BPF (GMP).<\/p>\n<p>[\/vc_column_text]<div class=\"clearboth\"><\/div><style>#thegem-divider-69f8a5b053d25 {margin-top: 65px !important;}<\/style><div id=\"thegem-divider-69f8a5b053d25\" class=\"gem-divider  \" style=\"\" ><\/div><div class=\"gem-button-container gem-button-position-center thegem-button-69f8a5b053d8e9963    \"  ><a title=\"Quality Management\" class=\"gem-button gem-button-size-small gem-button-style-outline gem-button-text-weight-normal gem-button-border-2\" data-ll-effect=\"drop-right-without-wrap\" style=\"border-radius: 0px;\" onmouseleave=\"\" onmouseenter=\"\" href=\"https:\/\/inovalabel.com\/about-us\/quality-management\/\" target=\"_self\">PLUS<\/a><\/div> <\/div><\/div><\/div><\/div>[\/vc_column][vc_column width=\u00a0\u00bb1\/3&Prime;]<div class=\"lazy-loading\" data-ll-item-delay=\"0\"><div class=\"gem-textbox  lazy-loading-item centered-box\"  data-ll-effect=\"move-up\" ><div class=\"gem-textbox-top gem-textbox-top-note-1\"><svg width=\"100%\" height=\"31\" style=\"fill: #f4f6f7;\"><defs><pattern id=\"pattern-1777903024-23\" x=\"11\" y=\"0\" width=\"23\" height=\"32\" patternUnits=\"userSpaceOnUse\" ><path d=\"M20,9h3V0H0v9h3c2.209,0,4,1.791,4,4v6c0,2.209-1.791,4-4,4H0v9h23v-9h-3c-2.209,0-4-1.791-4-4v-6C16,10.791,17.791,9,20,9z\" \/><\/pattern><\/defs><rect x=\"0\" y=\"0\" width=\"100%\" height=\"32\" style=\"fill: url(#pattern-1777903024-23);\" \/><\/svg><\/div><div class=\"gem-textbox-picture centered-box\"><img src=\"https:\/\/inovalabel.com\/wp-content\/uploads\/2020\/10\/Inovalabel-Social-Responsability-1320x965-1.jpg\" alt=\"Inovalabel-Social-Responsability\" class=\"img-responsive\" \/><\/div><div class=\"gem-textbox-inner gem-textbox-after-image\" style=\"\"><div class=\"gem-textbox-content\" style=\"background-color: #f4f6f7;background-position: center top;\">[vc_column_text]<\/p>\n<h5 style=\"text-align: center;\">RESPONSABILIT\u00c9 SOCIALE ET \u00c9COLOGIQUE<\/h5>\n<p>[\/vc_column_text]<div class=\"clearboth\"><\/div><style>#thegem-divider-69f8a5b053e46 {margin-top: 20px !important;}<\/style><div id=\"thegem-divider-69f8a5b053e46\" class=\"gem-divider  \" style=\"\" ><\/div>[vc_column_text]<\/p>\n<p style=\"text-align: center;\">Gr\u00e2ce \u00e0 une production \u00e9conome en ressources, aux mat\u00e9riaux naturels, \u00e0 l\u2019efficacit\u00e9 \u00e9nerg\u00e9tique et au recyclage, nous nous effor\u00e7ons d\u2019optimiser en permanence notre empreinte \u00e9cologique.<\/p>\n<p>[\/vc_column_text]<div class=\"gem-button-container gem-button-position-center thegem-button-69f8a5b053ec64711    \"  ><a title=\"SOCIAL &amp; ECOLOGICAL RESPONSIBILITY\" class=\"gem-button gem-button-size-small gem-button-style-outline gem-button-text-weight-normal gem-button-border-2\" data-ll-effect=\"drop-right-without-wrap\" style=\"border-radius: 0px;\" onmouseleave=\"\" onmouseenter=\"\" href=\"https:\/\/inovalabel.com\/about-us\/social-responsibility\/\" target=\"_self\">PLUS<\/a><\/div> <\/div><\/div><\/div><\/div>[\/vc_column][\/vc_row]<\/p>\n<p><\/p>\n<\/div>","protected":false},"excerpt":{"rendered":"<p>[vc_row][vc_column width=\u00a0\u00bb1\/2&Prime;][vc_column_text css_animation=\u00a0\u00bbbottom-to-top\u00a0\u00bb] Responsabilit\u00e9 sociale et \u00e9cologique [\/vc_column_text][vc_column_text css_animation=\u00a0\u00bbbottom-to-top\u00a0\u00bb]C&rsquo;est ce que nous pr\u00e9conisons. L&rsquo;environnement nous tient \u00e0 c\u0153ur. Gr\u00e2ce \u00e0&#8230;<\/p>\n","protected":false},"author":1,"featured_media":26089,"parent":0,"menu_order":6,"comment_status":"closed","ping_status":"closed","template":"","meta":{"om_disable_all_campaigns":false,"footnotes":""},"class_list":["post-25240","page","type-page","status-publish","has-post-thumbnail"],"aioseo_notices":[],"_links":{"self":[{"href":"https:\/\/inovalabel.com\/fr\/wp-json\/wp\/v2\/pages\/25240","targetHints":{"allow":["GET"]}}],"collection":[{"href":"https:\/\/inovalabel.com\/fr\/wp-json\/wp\/v2\/pages"}],"about":[{"href":"https:\/\/inovalabel.com\/fr\/wp-json\/wp\/v2\/types\/page"}],"author":[{"embeddable":true,"href":"https:\/\/inovalabel.com\/fr\/wp-json\/wp\/v2\/users\/1"}],"replies":[{"embeddable":true,"href":"https:\/\/inovalabel.com\/fr\/wp-json\/wp\/v2\/comments?post=25240"}],"version-history":[{"count":28,"href":"https:\/\/inovalabel.com\/fr\/wp-json\/wp\/v2\/pages\/25240\/revisions"}],"predecessor-version":[{"id":27954,"href":"https:\/\/inovalabel.com\/fr\/wp-json\/wp\/v2\/pages\/25240\/revisions\/27954"}],"wp:featuredmedia":[{"embeddable":true,"href":"https:\/\/inovalabel.com\/fr\/wp-json\/wp\/v2\/media\/26089"}],"wp:attachment":[{"href":"https:\/\/inovalabel.com\/fr\/wp-json\/wp\/v2\/media?parent=25240"}],"curies":[{"name":"wp","href":"https:\/\/api.w.org\/{rel}","templated":true}]}}